{"id":83400,"date":"2024-05-07T15:24:46","date_gmt":"2024-05-07T13:25:37","guid":{"rendered":"https:\/\/www.wundersocks.com\/?post_type=product&#038;p=83400"},"modified":"2026-05-04T00:29:56","modified_gmt":"2026-05-03T22:29:56","slug":"merino-arbeitssocken-8-pack-extreme","status":"publish","type":"product","link":"https:\/\/www.wundersocks.com\/de\/produkt\/merino-arbeitssocken-8-pack-extreme\/","title":{"rendered":"Merino Arbeitssocken mit Polsterung Extreme  8-Pack"},"content":{"rendered":"<p>Vorstellen unserer neuesten Innovation in Sachen Komfort und Haltbarkeit: das Merino Arbeitssocken Extreme 8er-Pack. Akribisch gefertigt und f\u00fcr Exzellenz entwickelt, sind diese Socken Ihre ultimativen Begleiter f\u00fcr anspruchsvolle Arbeitsumgebungen, Outdoor-Expeditionen und mehr.<\/p>\n<p>Entwickelt, um selbst die h\u00e4rtesten Aufgaben zu bew\u00e4ltigen, ist jede Socke in diesem 8er-Pack aus hochwertiger Merinowolle gefertigt, die f\u00fcr ihre nat\u00fcrlichen Isolationseigenschaften und feuchtigkeitsableitenden F\u00e4higkeiten bekannt ist. Egal, ob Sie durch raue Landschaften wandern oder lange Stunden auf den Beinen verbringen, diese Socken halten Sie warm bei K\u00e4lte und k\u00fchl bei Hitze.<\/p>\n","protected":false},"excerpt":{"rendered":"<p>Vorstellen unserer neuesten Innovation in Sachen Komfort und Haltbarkeit: das Merino Arbeitssocken Extreme 8er-Pack. Akribisch gefertigt und f\u00fcr Exzellenz entwickelt, sind diese Socken Ihre ultimativen Begleiter f\u00fcr anspruchsvolle Arbeitsumgebungen, Outdoor-Expeditionen und mehr. Entwickelt, um selbst die h\u00e4rtesten Aufgaben zu bew\u00e4ltigen, ist jede Socke in diesem 8er-Pack aus hochwertiger Merinowolle gefertigt, die f\u00fcr ihre nat\u00fcrlichen Isolationseigenschaften [&hellip;]<\/p>\n","protected":false},"featured_media":83550,"template":"","meta":{"_acf_changed":false},"product_brand":[],"product_cat":[427,60,302,999,35,421,36,71,435],"product_tag":[1691,2010,1946,1956],"class_list":{"0":"post-83400","1":"product","2":"type-product","3":"status-publish","4":"has-post-thumbnail","6":"product_cat-damen-arbeitssocken","7":"product_cat-herren-arbeitssocken","8":"product_cat-damen","9":"product_cat-herren","10":"product_cat-herren-socken-nach-aktivitaet","11":"product_cat-damen-socken-nach-laenge","12":"product_cat-herren-socken-nach-laenge","13":"product_cat-herren-wadensocken","14":"product_cat-damen-wadensocken","15":"product_tag-arbeit-de","16":"product_tag-arbeitssocken","17":"product_tag-schwerlast","18":"product_tag-stahlkappen-schuhe-de","20":"first","21":"instock","22":"sale","23":"shipping-taxable","24":"purchasable","25":"product-type-variable","26":"has-default-attributes","27":"wvs-archive-product-wrapper"},"acf":[],"_links":{"self":[{"href":"https:\/\/www.wundersocks.com\/de\/wp-json\/wp\/v2\/product\/83400","targetHints":{"allow":["GET"]}}],"collection":[{"href":"https:\/\/www.wundersocks.com\/de\/wp-json\/wp\/v2\/product"}],"about":[{"href":"https:\/\/www.wundersocks.com\/de\/wp-json\/wp\/v2\/types\/product"}],"wp:featuredmedia":[{"embeddable":true,"href":"https:\/\/www.wundersocks.com\/de\/wp-json\/wp\/v2\/media\/83550"}],"wp:attachment":[{"href":"https:\/\/www.wundersocks.com\/de\/wp-json\/wp\/v2\/media?parent=83400"}],"wp:term":[{"taxonomy":"product_brand","embeddable":true,"href":"https:\/\/www.wundersocks.com\/de\/wp-json\/wp\/v2\/product_brand?post=83400"},{"taxonomy":"product_cat","embeddable":true,"href":"https:\/\/www.wundersocks.com\/de\/wp-json\/wp\/v2\/product_cat?post=83400"},{"taxonomy":"product_tag","embeddable":true,"href":"https:\/\/www.wundersocks.com\/de\/wp-json\/wp\/v2\/product_tag?post=83400"}],"curies":[{"name":"wp","href":"https:\/\/api.w.org\/{rel}","templated":true}]}}