{"id":83279,"date":"2024-05-07T15:31:19","date_gmt":"2024-05-07T13:32:10","guid":{"rendered":"https:\/\/www.wundersocks.com\/?post_type=product&#038;p=83279"},"modified":"2026-04-26T19:09:00","modified_gmt":"2026-04-26T17:09:00","slug":"merino-arbeitssocken-mit-polsterung-4-pack-extreme","status":"publish","type":"product","link":"https:\/\/www.wundersocks.com\/de\/produkt\/merino-arbeitssocken-mit-polsterung-4-pack-extreme\/","title":{"rendered":"Merino Arbeitssocken mit Polsterung 4-Pack Extreme"},"content":{"rendered":"<p>Pr\u00e4sentieren Sie unsere neueste Innovation in Bequemlichkeit und Langlebigkeit: die Extreme Merino Wool Heavy Duty Work Socks. Pr\u00e4zise gefertigt und perfekt konstruiert, sind diese Socken Ihr ultimativer Begleiter f\u00fcr anspruchsvolle Arbeitsumgebungen, Outdoor-Abenteuer und alles dazwischen.<\/p>\n<p>Mit einem verst\u00e4rkten Design bieten diese robusten Socken au\u00dfergew\u00f6hnliche Haltbarkeit und Widerstandsf\u00e4higkeit und gew\u00e4hrleisten, dass sie den Test der Zeit bestehen. Sagen Sie auf Wiedersehen zu abgenutzten Socken und hallo zu langanhaltendem Komfort und Leistung.<\/p>\n","protected":false},"excerpt":{"rendered":"<p>Pr\u00e4sentieren Sie unsere neueste Innovation in Bequemlichkeit und Langlebigkeit: die Extreme Merino Wool Heavy Duty Work Socks. Pr\u00e4zise gefertigt und perfekt konstruiert, sind diese Socken Ihr ultimativer Begleiter f\u00fcr anspruchsvolle Arbeitsumgebungen, Outdoor-Abenteuer und alles dazwischen. Mit einem verst\u00e4rkten Design bieten diese robusten Socken au\u00dfergew\u00f6hnliche Haltbarkeit und Widerstandsf\u00e4higkeit und gew\u00e4hrleisten, dass sie den Test der Zeit [&hellip;]<\/p>\n","protected":false},"featured_media":83556,"template":"","meta":{"_acf_changed":false},"product_brand":[],"product_cat":[999,35,60,36,2083,302,420,427,421,2082],"product_tag":[1691,2010,1946,1956],"class_list":{"0":"post-83279","1":"product","2":"type-product","3":"status-publish","4":"has-post-thumbnail","6":"product_cat-herren","7":"product_cat-herren-socken-nach-aktivitaet","8":"product_cat-herren-arbeitssocken","9":"product_cat-herren-socken-nach-laenge","10":"product_cat-herren-ueberwade-socken","11":"product_cat-damen","12":"product_cat-damen-socken-nach-aktivitaet","13":"product_cat-damen-arbeitssocken","14":"product_cat-damen-socken-nach-laenge","15":"product_cat-damen-ueberwade-socken","16":"product_tag-arbeit-de","17":"product_tag-arbeitssocken","18":"product_tag-schwerlast","19":"product_tag-stahlkappen-schuhe-de","21":"first","22":"instock","23":"sale","24":"shipping-taxable","25":"purchasable","26":"product-type-variable","27":"has-default-attributes","28":"wvs-archive-product-wrapper"},"acf":[],"_links":{"self":[{"href":"https:\/\/www.wundersocks.com\/de\/wp-json\/wp\/v2\/product\/83279","targetHints":{"allow":["GET"]}}],"collection":[{"href":"https:\/\/www.wundersocks.com\/de\/wp-json\/wp\/v2\/product"}],"about":[{"href":"https:\/\/www.wundersocks.com\/de\/wp-json\/wp\/v2\/types\/product"}],"wp:featuredmedia":[{"embeddable":true,"href":"https:\/\/www.wundersocks.com\/de\/wp-json\/wp\/v2\/media\/83556"}],"wp:attachment":[{"href":"https:\/\/www.wundersocks.com\/de\/wp-json\/wp\/v2\/media?parent=83279"}],"wp:term":[{"taxonomy":"product_brand","embeddable":true,"href":"https:\/\/www.wundersocks.com\/de\/wp-json\/wp\/v2\/product_brand?post=83279"},{"taxonomy":"product_cat","embeddable":true,"href":"https:\/\/www.wundersocks.com\/de\/wp-json\/wp\/v2\/product_cat?post=83279"},{"taxonomy":"product_tag","embeddable":true,"href":"https:\/\/www.wundersocks.com\/de\/wp-json\/wp\/v2\/product_tag?post=83279"}],"curies":[{"name":"wp","href":"https:\/\/api.w.org\/{rel}","templated":true}]}}