{"id":82829,"date":"2024-05-06T16:20:07","date_gmt":"2024-05-07T14:02:07","guid":{"rendered":"https:\/\/www.wundersocks.com\/?post_type=product&#038;p=82829"},"modified":"2025-04-09T14:24:49","modified_gmt":"2025-04-09T12:24:49","slug":"merino-arbeitssocken-extreme-lite-12-pack","status":"publish","type":"product","link":"https:\/\/www.wundersocks.com\/de\/produkt\/merino-arbeitssocken-extreme-lite-12-pack\/","title":{"rendered":"Merino Arbeitssocken mit leichter Polsterung Extreme Lite 12-Pack"},"content":{"rendered":"<p>Entdecken Sie unsere Merino Arbeitssocken im 12er-Pack f\u00fcr Stahlkappenschuhe, hergestellt aus hochwertiger Merinowolle. Diese Socken bieten ultimativen Komfort und Schutz f\u00fcr lange Arbeitstage in anspruchsvollen Umgebungen. Die Merinowolle sorgt f\u00fcr nat\u00fcrliche Feuchtigkeitsregulierung, w\u00e4hrend die verst\u00e4rkten Zehen- und Fersenbereiche zus\u00e4tzliche Haltbarkeit bieten. Mit einem nahtlosen Design f\u00fcr maximalen Tragekomfort sind diese Merino Socken ideal f\u00fcr den t\u00e4glichen Gebrauch auf der Baustelle oder in anderen industriellen Bereichen. G\u00f6nnen Sie sich den Luxus und die Leistung von Merinowolle mit unserem 12er-Pack Merino Socken f\u00fcr Stahlkappenschuhe.<\/p>\n","protected":false},"excerpt":{"rendered":"<p>Entdecken Sie unsere Merino Arbeitssocken im 12er-Pack f\u00fcr Stahlkappenschuhe, hergestellt aus hochwertiger Merinowolle. Diese Socken bieten ultimativen Komfort und Schutz f\u00fcr lange Arbeitstage in anspruchsvollen Umgebungen. Die Merinowolle sorgt f\u00fcr nat\u00fcrliche Feuchtigkeitsregulierung, w\u00e4hrend die verst\u00e4rkten Zehen- und Fersenbereiche zus\u00e4tzliche Haltbarkeit bieten. Mit einem nahtlosen Design f\u00fcr maximalen Tragekomfort sind diese Merino Socken ideal f\u00fcr den [&hellip;]<\/p>\n","protected":false},"featured_media":83533,"template":"","meta":{"_acf_changed":false},"product_brand":[],"product_cat":[999,35,60,36,71,302,427,421,435],"product_tag":[1691,2010,1956],"class_list":{"0":"post-82829","1":"product","2":"type-product","3":"status-publish","4":"has-post-thumbnail","6":"product_cat-herren","7":"product_cat-herren-socken-nach-aktivitaet","8":"product_cat-herren-arbeitssocken","9":"product_cat-herren-socken-nach-laenge","10":"product_cat-herren-wadensocken","11":"product_cat-damen","12":"product_cat-damen-arbeitssocken","13":"product_cat-damen-socken-nach-laenge","14":"product_cat-damen-wadensocken","15":"product_tag-arbeit-de","16":"product_tag-arbeitssocken","17":"product_tag-stahlkappen-schuhe-de","19":"first","20":"instock","21":"sale","22":"shipping-taxable","23":"purchasable","24":"product-type-variable","25":"has-default-attributes","26":"wvs-archive-product-wrapper"},"acf":[],"_links":{"self":[{"href":"https:\/\/www.wundersocks.com\/de\/wp-json\/wp\/v2\/product\/82829","targetHints":{"allow":["GET"]}}],"collection":[{"href":"https:\/\/www.wundersocks.com\/de\/wp-json\/wp\/v2\/product"}],"about":[{"href":"https:\/\/www.wundersocks.com\/de\/wp-json\/wp\/v2\/types\/product"}],"wp:featuredmedia":[{"embeddable":true,"href":"https:\/\/www.wundersocks.com\/de\/wp-json\/wp\/v2\/media\/83533"}],"wp:attachment":[{"href":"https:\/\/www.wundersocks.com\/de\/wp-json\/wp\/v2\/media?parent=82829"}],"wp:term":[{"taxonomy":"product_brand","embeddable":true,"href":"https:\/\/www.wundersocks.com\/de\/wp-json\/wp\/v2\/product_brand?post=82829"},{"taxonomy":"product_cat","embeddable":true,"href":"https:\/\/www.wundersocks.com\/de\/wp-json\/wp\/v2\/product_cat?post=82829"},{"taxonomy":"product_tag","embeddable":true,"href":"https:\/\/www.wundersocks.com\/de\/wp-json\/wp\/v2\/product_tag?post=82829"}],"curies":[{"name":"wp","href":"https:\/\/api.w.org\/{rel}","templated":true}]}}