{"id":82796,"date":"2024-05-06T15:37:22","date_gmt":"2024-05-07T14:11:36","guid":{"rendered":"https:\/\/www.wundersocks.com\/?post_type=product&#038;p=82796"},"modified":"2025-12-16T11:32:08","modified_gmt":"2025-12-16T10:32:08","slug":"arbeitssocken-extreme-lite-8-pack","status":"publish","type":"product","link":"https:\/\/www.wundersocks.com\/de\/produkt\/arbeitssocken-extreme-lite-8-pack\/","title":{"rendered":"Merino Arbeitssocken mit leichter Polsterung Extreme Lite 8-Pack"},"content":{"rendered":"<p>Entdecken Sie unser Arbeitssocken Extreme Lite 8-Pack, gefertigt aus hochwertiger Merinowolle f\u00fcr unvergleichliche W\u00e4rme und Langlebigkeit. Egal, ob Sie sich den Elementen stellen oder anspruchsvolles Gel\u00e4nde bew\u00e4ltigen, diese Socken bieten ultimativen Komfort und Schutz. Die Merinowolle bietet nat\u00fcrliche feuchtigkeitsableitende Eigenschaften und h\u00e4lt Ihre F\u00fc\u00dfe in jeder Situation trocken und gem\u00fctlich. Mit verst\u00e4rkten Fersen und Zehen sowie einem nahtlosen Design, um Irritationen zu minimieren, sind diese Socken f\u00fcr all Ihre Abenteuer gebaut. Verbessern Sie Ihr Socken-Spiel und erleben Sie den Luxus von Merinowolle mit unserem 8er-Pack Extreme Lite Arbeitssocken noch heute!<\/p>\n","protected":false},"excerpt":{"rendered":"<p>Entdecken Sie unser Arbeitssocken Extreme Lite 8-Pack, gefertigt aus hochwertiger Merinowolle f\u00fcr unvergleichliche W\u00e4rme und Langlebigkeit. Egal, ob Sie sich den Elementen stellen oder anspruchsvolles Gel\u00e4nde bew\u00e4ltigen, diese Socken bieten ultimativen Komfort und Schutz. Die Merinowolle bietet nat\u00fcrliche feuchtigkeitsableitende Eigenschaften und h\u00e4lt Ihre F\u00fc\u00dfe in jeder Situation trocken und gem\u00fctlich. Mit verst\u00e4rkten Fersen und Zehen [&hellip;]<\/p>\n","protected":false},"featured_media":83530,"template":"","meta":{"_acf_changed":false},"product_brand":[],"product_cat":[427,60,302,999,35,421,36,435,71],"product_tag":[1691,1946,1956],"class_list":{"0":"post-82796","1":"product","2":"type-product","3":"status-publish","4":"has-post-thumbnail","6":"product_cat-damen-arbeitssocken","7":"product_cat-herren-arbeitssocken","8":"product_cat-damen","9":"product_cat-herren","10":"product_cat-herren-socken-nach-aktivitaet","11":"product_cat-damen-socken-nach-laenge","12":"product_cat-herren-socken-nach-laenge","13":"product_cat-damen-wadensocken","14":"product_cat-herren-wadensocken","15":"product_tag-arbeit-de","16":"product_tag-schwerlast","17":"product_tag-stahlkappen-schuhe-de","19":"first","20":"instock","21":"sale","22":"shipping-taxable","23":"purchasable","24":"product-type-variable","25":"has-default-attributes","26":"wvs-archive-product-wrapper"},"acf":[],"_links":{"self":[{"href":"https:\/\/www.wundersocks.com\/de\/wp-json\/wp\/v2\/product\/82796","targetHints":{"allow":["GET"]}}],"collection":[{"href":"https:\/\/www.wundersocks.com\/de\/wp-json\/wp\/v2\/product"}],"about":[{"href":"https:\/\/www.wundersocks.com\/de\/wp-json\/wp\/v2\/types\/product"}],"wp:featuredmedia":[{"embeddable":true,"href":"https:\/\/www.wundersocks.com\/de\/wp-json\/wp\/v2\/media\/83530"}],"wp:attachment":[{"href":"https:\/\/www.wundersocks.com\/de\/wp-json\/wp\/v2\/media?parent=82796"}],"wp:term":[{"taxonomy":"product_brand","embeddable":true,"href":"https:\/\/www.wundersocks.com\/de\/wp-json\/wp\/v2\/product_brand?post=82796"},{"taxonomy":"product_cat","embeddable":true,"href":"https:\/\/www.wundersocks.com\/de\/wp-json\/wp\/v2\/product_cat?post=82796"},{"taxonomy":"product_tag","embeddable":true,"href":"https:\/\/www.wundersocks.com\/de\/wp-json\/wp\/v2\/product_tag?post=82796"}],"curies":[{"name":"wp","href":"https:\/\/api.w.org\/{rel}","templated":true}]}}