{"id":82687,"date":"2024-05-07T15:49:40","date_gmt":"2024-05-07T13:50:45","guid":{"rendered":"https:\/\/www.wundersocks.com\/?post_type=product&#038;p=82687"},"modified":"2024-10-13T06:13:25","modified_gmt":"2024-10-13T04:13:25","slug":"wundersocks-merinowoll-arbeitssocken-go-12er-pack","status":"publish","type":"product","link":"https:\/\/www.wundersocks.com\/de\/produkt\/wundersocks-merinowoll-arbeitssocken-go-12er-pack\/","title":{"rendered":"Wundersocks Merinowoll-Arbeitssocken Go Extreme 12-Pack"},"content":{"rendered":"<p>Erh\u00f6hen Sie Ihren Arbeitskomfort mit unserem Wundersocks Merinowoll-Arbeitssocken 12er-Pack. Hergestellt aus hochwertiger Merinowolle, sind diese Socken darauf ausgelegt, Ihre F\u00fc\u00dfe w\u00e4hrend der h\u00e4rtesten Arbeitsschichten gem\u00fctlich und unterst\u00fctzt zu halten.<\/p>\n<p>Hergestellt aus ultra-weichen Merinowollfasern bieten diese Socken unvergleichlichen Komfort, w\u00e4hrend sie gleichzeitig atmungsaktiv und feuchtigkeitsableitend sind. Sagen Sie Schwei\u00dff\u00fc\u00dfen und Unannehmlichkeiten ade, denn diese Socken sorgen f\u00fcr ein trockenes und frisches Gef\u00fchl, egal wie lange Ihr Arbeitstag dauert.<\/p>\n<p>Mit verst\u00e4rkten Fersen- und Zehenbereichen bieten diese Socken Strapazierf\u00e4higkeit und Schutz in stark beanspruchten Zonen. Die gepolsterte Sohle bietet zus\u00e4tzliche Unterst\u00fctzung und Komfort f\u00fcr lange Stunden auf den Beinen, w\u00e4hrend der nahtlose Zehenabschluss Reizungen und Reibung minimiert.<\/p>\n","protected":false},"excerpt":{"rendered":"<p>Erh\u00f6hen Sie Ihren Arbeitskomfort mit unserem Wundersocks Merinowoll-Arbeitssocken 12er-Pack. Hergestellt aus hochwertiger Merinowolle, sind diese Socken darauf ausgelegt, Ihre F\u00fc\u00dfe w\u00e4hrend der h\u00e4rtesten Arbeitsschichten gem\u00fctlich und unterst\u00fctzt zu halten. Hergestellt aus ultra-weichen Merinowollfasern bieten diese Socken unvergleichlichen Komfort, w\u00e4hrend sie gleichzeitig atmungsaktiv und feuchtigkeitsableitend sind. Sagen Sie Schwei\u00dff\u00fc\u00dfen und Unannehmlichkeiten ade, denn diese Socken sorgen [&hellip;]<\/p>\n","protected":false},"featured_media":83424,"template":"","meta":{"_acf_changed":false},"product_brand":[],"product_cat":[427,302,999,706,432,35,421,36,37],"product_tag":[1579,1691,1576,1612],"class_list":{"0":"post-82687","1":"product","2":"type-product","3":"status-publish","4":"has-post-thumbnail","6":"product_cat-damen-arbeitssocken","7":"product_cat-damen","8":"product_cat-herren","9":"product_cat-herren-knoechelsocken","10":"product_cat-damen-knoechelsocken","11":"product_cat-herren-socken-nach-aktivitaet","12":"product_cat-damen-socken-nach-laenge","13":"product_cat-herren-socken-nach-laenge","14":"product_cat-herren-wandersocken","15":"product_tag-alltag-de","16":"product_tag-arbeit-de","17":"product_tag-ciclismo","18":"product_tag-wandern-de","20":"first","21":"outofstock","22":"sale","23":"shipping-taxable","24":"purchasable","25":"product-type-variable","26":"has-default-attributes","27":"wvs-archive-product-wrapper"},"acf":[],"_links":{"self":[{"href":"https:\/\/www.wundersocks.com\/de\/wp-json\/wp\/v2\/product\/82687","targetHints":{"allow":["GET"]}}],"collection":[{"href":"https:\/\/www.wundersocks.com\/de\/wp-json\/wp\/v2\/product"}],"about":[{"href":"https:\/\/www.wundersocks.com\/de\/wp-json\/wp\/v2\/types\/product"}],"wp:featuredmedia":[{"embeddable":true,"href":"https:\/\/www.wundersocks.com\/de\/wp-json\/wp\/v2\/media\/83424"}],"wp:attachment":[{"href":"https:\/\/www.wundersocks.com\/de\/wp-json\/wp\/v2\/media?parent=82687"}],"wp:term":[{"taxonomy":"product_brand","embeddable":true,"href":"https:\/\/www.wundersocks.com\/de\/wp-json\/wp\/v2\/product_brand?post=82687"},{"taxonomy":"product_cat","embeddable":true,"href":"https:\/\/www.wundersocks.com\/de\/wp-json\/wp\/v2\/product_cat?post=82687"},{"taxonomy":"product_tag","embeddable":true,"href":"https:\/\/www.wundersocks.com\/de\/wp-json\/wp\/v2\/product_tag?post=82687"}],"curies":[{"name":"wp","href":"https:\/\/api.w.org\/{rel}","templated":true}]}}