{"id":82606,"date":"2024-05-21T11:36:41","date_gmt":"2024-05-21T09:40:50","guid":{"rendered":"https:\/\/www.wundersocks.com\/?post_type=product&#038;p=82606"},"modified":"2025-05-11T08:34:06","modified_gmt":"2025-05-11T06:34:06","slug":"allwetter-merinowollsocken-paket-12er-pack","status":"publish","type":"product","link":"https:\/\/www.wundersocks.com\/de\/produkt\/allwetter-merinowollsocken-paket-12er-pack\/","title":{"rendered":"Allwetter Merinowollsocken Paket 12er-Pack"},"content":{"rendered":"<p>Verbessern Sie Ihre Sockensammlung mit unserem Allwetter Merinowollsocken Paket! Hergestellt aus hochwertiger Merinowolle, sind diese Socken die L\u00f6sung f\u00fcr ganzj\u00e4hrigen Komfort und Leistung. Egal, ob Sie sich durch die winterliche K\u00e4lte k\u00e4mpfen oder in die Sommerhitze eintauchen, unsere vielseitigen Socken haben Sie abgedeckt.<\/p>\n","protected":false},"excerpt":{"rendered":"<p>Verbessern Sie Ihre Sockensammlung mit unserem Allwetter Merinowollsocken Paket! Hergestellt aus hochwertiger Merinowolle, sind diese Socken die L\u00f6sung f\u00fcr ganzj\u00e4hrigen Komfort und Leistung. Egal, ob Sie sich durch die winterliche K\u00e4lte k\u00e4mpfen oder in die Sommerhitze eintauchen, unsere vielseitigen Socken haben Sie abgedeckt.<\/p>\n","protected":false},"featured_media":83367,"template":"","meta":{"_acf_changed":false},"product_brand":[],"product_cat":[61,422,302,65,426,999,63,428,35,420,423,37],"product_tag":[1084,1576,1670,1612,2036],"class_list":{"0":"post-82606","1":"product","2":"type-product","3":"status-publish","4":"has-post-thumbnail","6":"product_cat-herren-alltagssocken","7":"product_cat-damen-alltagssocken","8":"product_cat-damen","9":"product_cat-herren-fahrradsocken","10":"product_cat-damen-fahrradsocken","11":"product_cat-herren","12":"product_cat-herren-ski-und-snowboard-socken","13":"product_cat-damen-ski-und-snowboard-socken","14":"product_cat-herren-socken-nach-aktivitaet","15":"product_cat-damen-socken-nach-aktivitaet","16":"product_cat-damen-wandersocken","17":"product_cat-herren-wandersocken","18":"product_tag-alltagssocken","19":"product_tag-ciclismo","20":"product_tag-sommer-socken-de","21":"product_tag-wandern-de","22":"product_tag-winter-socks-de","24":"first","25":"outofstock","26":"sale","27":"shipping-taxable","28":"purchasable","29":"product-type-variable","30":"has-default-attributes","31":"wvs-archive-product-wrapper"},"acf":[],"_links":{"self":[{"href":"https:\/\/www.wundersocks.com\/de\/wp-json\/wp\/v2\/product\/82606","targetHints":{"allow":["GET"]}}],"collection":[{"href":"https:\/\/www.wundersocks.com\/de\/wp-json\/wp\/v2\/product"}],"about":[{"href":"https:\/\/www.wundersocks.com\/de\/wp-json\/wp\/v2\/types\/product"}],"wp:featuredmedia":[{"embeddable":true,"href":"https:\/\/www.wundersocks.com\/de\/wp-json\/wp\/v2\/media\/83367"}],"wp:attachment":[{"href":"https:\/\/www.wundersocks.com\/de\/wp-json\/wp\/v2\/media?parent=82606"}],"wp:term":[{"taxonomy":"product_brand","embeddable":true,"href":"https:\/\/www.wundersocks.com\/de\/wp-json\/wp\/v2\/product_brand?post=82606"},{"taxonomy":"product_cat","embeddable":true,"href":"https:\/\/www.wundersocks.com\/de\/wp-json\/wp\/v2\/product_cat?post=82606"},{"taxonomy":"product_tag","embeddable":true,"href":"https:\/\/www.wundersocks.com\/de\/wp-json\/wp\/v2\/product_tag?post=82606"}],"curies":[{"name":"wp","href":"https:\/\/api.w.org\/{rel}","templated":true}]}}