{"id":81566,"date":"2024-03-05T13:27:29","date_gmt":"2024-03-05T12:27:29","guid":{"rendered":"https:\/\/www.wundersocks.com\/product\/dunne-knochelsocken-aus-merinowolle-12-pack-go-lite\/"},"modified":"2026-05-04T23:30:23","modified_gmt":"2026-05-04T21:30:23","slug":"knoechelsocken-go-lite-12-pack","status":"publish","type":"product","link":"https:\/\/www.wundersocks.com\/de\/produkt\/knoechelsocken-go-lite-12-pack\/","title":{"rendered":"D\u00fcnne Kn\u00f6chelsocken aus Merinowolle 12 -Pack Go Lite"},"content":{"rendered":"<p>Bleiben Sie den ganzen Sommer \u00fcber k\u00fchl und bequem mit unserem 12er-Pack d\u00fcnnen Merinowolle Kn\u00f6chelsocken. Perfekt f\u00fcr B\u00fcrotage oder entspannte Spazierg\u00e4nge bieten diese Kn\u00f6chelsocken eine schlanke Passform ohne Polsterung und sorgen daf\u00fcr, dass Ihre F\u00fc\u00dfe frisch und stilvoll bleiben. Schnappen Sie sich jetzt Ihre und starten Sie in den Sommer!<\/p>\n","protected":false},"excerpt":{"rendered":"<p>Bleiben Sie den ganzen Sommer \u00fcber k\u00fchl und bequem mit unserem 12er-Pack d\u00fcnnen Merinowolle Kn\u00f6chelsocken. Perfekt f\u00fcr B\u00fcrotage oder entspannte Spazierg\u00e4nge bieten diese Kn\u00f6chelsocken eine schlanke Passform ohne Polsterung und sorgen daf\u00fcr, dass Ihre F\u00fc\u00dfe frisch und stilvoll bleiben. Schnappen Sie sich jetzt Ihre und starten Sie in den Sommer!<\/p>\n","protected":false},"featured_media":13736,"template":"","meta":{"_acf_changed":false},"product_brand":[],"product_cat":[61,422,302,426,65,2114,999,706,432,2174,2177,1964,35,420,36,421],"product_tag":[1852,1606,1622,1582,1576],"class_list":{"0":"post-81566","1":"product","2":"type-product","3":"status-publish","4":"has-post-thumbnail","6":"product_cat-herren-alltagssocken","7":"product_cat-damen-alltagssocken","8":"product_cat-damen","9":"product_cat-damen-fahrradsocken","10":"product_cat-herren-fahrradsocken","11":"product_cat-herren-golf-socken","12":"product_cat-herren","13":"product_cat-herren-knoechelsocken","14":"product_cat-damen-knoechelsocken","15":"product_cat-damen-sommer-essentials","16":"product_cat-herren-sommer-essentials","17":"product_cat-muttertagsgeschenke","18":"product_cat-herren-socken-nach-aktivitaet","19":"product_cat-damen-socken-nach-aktivitaet","20":"product_cat-herren-socken-nach-laenge","21":"product_cat-damen-socken-nach-laenge","22":"product_tag-duenne-merino-wolle","23":"product_tag-extra-thin-de","24":"product_tag-freizeit-de","25":"product_tag-laufen","26":"product_tag-ciclismo","28":"first","29":"instock","30":"sale","31":"shipping-taxable","32":"purchasable","33":"product-type-variable","34":"has-default-attributes","35":"wvs-archive-product-wrapper"},"acf":[],"_links":{"self":[{"href":"https:\/\/www.wundersocks.com\/de\/wp-json\/wp\/v2\/product\/81566","targetHints":{"allow":["GET"]}}],"collection":[{"href":"https:\/\/www.wundersocks.com\/de\/wp-json\/wp\/v2\/product"}],"about":[{"href":"https:\/\/www.wundersocks.com\/de\/wp-json\/wp\/v2\/types\/product"}],"wp:featuredmedia":[{"embeddable":true,"href":"https:\/\/www.wundersocks.com\/de\/wp-json\/wp\/v2\/media\/13736"}],"wp:attachment":[{"href":"https:\/\/www.wundersocks.com\/de\/wp-json\/wp\/v2\/media?parent=81566"}],"wp:term":[{"taxonomy":"product_brand","embeddable":true,"href":"https:\/\/www.wundersocks.com\/de\/wp-json\/wp\/v2\/product_brand?post=81566"},{"taxonomy":"product_cat","embeddable":true,"href":"https:\/\/www.wundersocks.com\/de\/wp-json\/wp\/v2\/product_cat?post=81566"},{"taxonomy":"product_tag","embeddable":true,"href":"https:\/\/www.wundersocks.com\/de\/wp-json\/wp\/v2\/product_tag?post=81566"}],"curies":[{"name":"wp","href":"https:\/\/api.w.org\/{rel}","templated":true}]}}