{"id":81554,"date":"2024-03-06T14:45:28","date_gmt":"2024-03-06T13:45:28","guid":{"rendered":"https:\/\/www.wundersocks.com\/product\/go-wide-extraweite-knoechelsocken-ohne-gummi-3-pack\/"},"modified":"2026-04-23T17:25:57","modified_gmt":"2026-04-23T15:25:57","slug":"extraweite-knoechelsocken-go-wide-3-pack","status":"publish","type":"product","link":"https:\/\/www.wundersocks.com\/de\/produkt\/extraweite-knoechelsocken-go-wide-3-pack\/","title":{"rendered":"Extraweite Kn\u00f6chelsocken ohne Gummi GO WIDE 3-Pack"},"content":{"rendered":"<p>Entdecken Sie Komfort und Vielseitigkeit mit unserem Go Wide Lite Extraweite Kn\u00f6chelsocken 3er-Pack. Hergestellt aus hochwertiger Merinowolle bieten diese Socken unvergleichliche Weichheit und Feuchtigkeitsregulierung. Mit einem extra breiten Design und ohne elastische B\u00e4nder bieten sie eine sanfte, aber sichere Passform, ideal f\u00fcr empfindliche oder geschwollene F\u00fc\u00dfe. Egal, ob Sie unterwegs sind oder zu Hause entspannen, diese Extraweite Kn\u00f6chelsocken bieten Unterst\u00fctzung und Bewegungsfreiheit. Sagen Sie adieu zu Unannehmlichkeiten und upgraden Sie zu ganzt\u00e4gigem Komfort mit unserem unverzichtbaren Trio. Jetzt kaufen!<\/p>\n","protected":false},"excerpt":{"rendered":"<p>Entdecken Sie Komfort und Vielseitigkeit mit unserem Go Wide Lite Extraweite Kn\u00f6chelsocken 3er-Pack. Hergestellt aus hochwertiger Merinowolle bieten diese Socken unvergleichliche Weichheit und Feuchtigkeitsregulierung. Mit einem extra breiten Design und ohne elastische B\u00e4nder bieten sie eine sanfte, aber sichere Passform, ideal f\u00fcr empfindliche oder geschwollene F\u00fc\u00dfe. Egal, ob Sie unterwegs sind oder zu Hause entspannen, [&hellip;]<\/p>\n","protected":false},"featured_media":81523,"template":"","meta":{"_acf_changed":false},"product_brand":[],"product_cat":[302,999,432,706,1055,1056,1064,1075,36,421],"product_tag":[1011,1885,1606,1607],"class_list":{"0":"post-81554","1":"product","2":"type-product","3":"status-publish","4":"has-post-thumbnail","6":"product_cat-damen","7":"product_cat-herren","8":"product_cat-damen-knoechelsocken","9":"product_cat-herren-knoechelsocken","10":"product_cat-herren-rehabilitation-und-gesundheit","11":"product_cat-damen-rehabilitation-und-gesundheit","12":"product_cat-damen-socken-fuer-geschwollenen-fuesse","13":"product_cat-herren-socken-fuer-geschwollenen-fuesse","14":"product_cat-herren-socken-nach-laenge","15":"product_cat-damen-socken-nach-laenge","16":"product_tag-diabetiker","17":"product_tag-diabetiker-socken","18":"product_tag-extra-thin-de","19":"product_tag-extra-weit-de","21":"first","22":"instock","23":"sale","24":"shipping-taxable","25":"purchasable","26":"product-type-variable","27":"has-default-attributes","28":"wvs-archive-product-wrapper"},"acf":[],"_links":{"self":[{"href":"https:\/\/www.wundersocks.com\/de\/wp-json\/wp\/v2\/product\/81554","targetHints":{"allow":["GET"]}}],"collection":[{"href":"https:\/\/www.wundersocks.com\/de\/wp-json\/wp\/v2\/product"}],"about":[{"href":"https:\/\/www.wundersocks.com\/de\/wp-json\/wp\/v2\/types\/product"}],"wp:featuredmedia":[{"embeddable":true,"href":"https:\/\/www.wundersocks.com\/de\/wp-json\/wp\/v2\/media\/81523"}],"wp:attachment":[{"href":"https:\/\/www.wundersocks.com\/de\/wp-json\/wp\/v2\/media?parent=81554"}],"wp:term":[{"taxonomy":"product_brand","embeddable":true,"href":"https:\/\/www.wundersocks.com\/de\/wp-json\/wp\/v2\/product_brand?post=81554"},{"taxonomy":"product_cat","embeddable":true,"href":"https:\/\/www.wundersocks.com\/de\/wp-json\/wp\/v2\/product_cat?post=81554"},{"taxonomy":"product_tag","embeddable":true,"href":"https:\/\/www.wundersocks.com\/de\/wp-json\/wp\/v2\/product_tag?post=81554"}],"curies":[{"name":"wp","href":"https:\/\/api.w.org\/{rel}","templated":true}]}}