{"id":81453,"date":"2024-03-06T15:41:01","date_gmt":"2024-03-06T14:51:35","guid":{"rendered":"https:\/\/www.wundersocks.com\/?post_type=product&#038;p=81453"},"modified":"2026-04-27T21:50:17","modified_gmt":"2026-04-27T19:50:17","slug":"freizeitsocken-aus-merinowolle-12-pack-go","status":"publish","type":"product","link":"https:\/\/www.wundersocks.com\/de\/produkt\/freizeitsocken-aus-merinowolle-12-pack-go\/","title":{"rendered":"Freizeitsocken aus Merinowolle 12-Pack Go"},"content":{"rendered":"<p>Erh\u00f6hen Sie Ihren Komfort mit unserem Freizeitsocken 12er-Pack Gepolsterte Merinowoll-Kn\u00f6chelsocken. Hergestellt aus hochwertiger Merinowolle bieten diese Socken unvergleichliche Weichheit, Atmungsaktivit\u00e4t und Feuchtigkeitsregulierung. Das gepolsterte Design gew\u00e4hrleistet eine flauschige Unterst\u00fctzung bei jedem Schritt, w\u00e4hrend die Kn\u00f6chell\u00e4nge Vielseitigkeit f\u00fcr jede Gelegenheit bietet. Ob Sie durch die Stadt schlendern oder die Natur erkunden, diese Socken halten Ihre F\u00fc\u00dfe bequem und gesch\u00fctzt. Mit einem 12er-Pack haben Sie immer ein frisches Paar griffbereit. Zus\u00e4tzlich sorgen verst\u00e4rkte Zehen und Fersen f\u00fcr Langlebigkeit und langanhaltenden Tragekomfort. Erleben Sie die perfekte Kombination aus Luxus und Praktikabilit\u00e4t mit unseren Gepolsterten Merinowoll-Kn\u00f6chelsocken \u2013 Ihre F\u00fc\u00dfe haben es verdient.<\/p>\n","protected":false},"excerpt":{"rendered":"<p>Erh\u00f6hen Sie Ihren Komfort mit unserem Freizeitsocken 12er-Pack Gepolsterte Merinowoll-Kn\u00f6chelsocken. Hergestellt aus hochwertiger Merinowolle bieten diese Socken unvergleichliche Weichheit, Atmungsaktivit\u00e4t und Feuchtigkeitsregulierung. Das gepolsterte Design gew\u00e4hrleistet eine flauschige Unterst\u00fctzung bei jedem Schritt, w\u00e4hrend die Kn\u00f6chell\u00e4nge Vielseitigkeit f\u00fcr jede Gelegenheit bietet. Ob Sie durch die Stadt schlendern oder die Natur erkunden, diese Socken halten Ihre F\u00fc\u00dfe [&hellip;]<\/p>\n","protected":false},"featured_media":81407,"template":"","meta":{"_acf_changed":false},"product_brand":[],"product_cat":[422,61,302,426,65,2114,2116,999,706,432,425,38,2174,2177,35,420,36,421],"product_tag":[1622,1576,1668],"class_list":{"0":"post-81453","1":"product","2":"type-product","3":"status-publish","4":"has-post-thumbnail","6":"product_cat-damen-alltagssocken","7":"product_cat-herren-alltagssocken","8":"product_cat-damen","9":"product_cat-damen-fahrradsocken","10":"product_cat-herren-fahrradsocken","11":"product_cat-herren-golf-socken","12":"product_cat-damen-golf-socken","13":"product_cat-herren","14":"product_cat-herren-knoechelsocken","15":"product_cat-damen-knoechelsocken","16":"product_cat-damen-laufsocken","17":"product_cat-herren-laufsocken","18":"product_cat-damen-sommer-essentials","19":"product_cat-herren-sommer-essentials","20":"product_cat-herren-socken-nach-aktivitaet","21":"product_cat-damen-socken-nach-aktivitaet","22":"product_cat-herren-socken-nach-laenge","23":"product_cat-damen-socken-nach-laenge","24":"product_tag-freizeit-de","25":"product_tag-ciclismo","26":"product_tag-sportsocken-de","28":"first","29":"instock","30":"sale","31":"shipping-taxable","32":"purchasable","33":"product-type-variable","34":"has-default-attributes","35":"wvs-archive-product-wrapper"},"acf":[],"_links":{"self":[{"href":"https:\/\/www.wundersocks.com\/de\/wp-json\/wp\/v2\/product\/81453","targetHints":{"allow":["GET"]}}],"collection":[{"href":"https:\/\/www.wundersocks.com\/de\/wp-json\/wp\/v2\/product"}],"about":[{"href":"https:\/\/www.wundersocks.com\/de\/wp-json\/wp\/v2\/types\/product"}],"wp:featuredmedia":[{"embeddable":true,"href":"https:\/\/www.wundersocks.com\/de\/wp-json\/wp\/v2\/media\/81407"}],"wp:attachment":[{"href":"https:\/\/www.wundersocks.com\/de\/wp-json\/wp\/v2\/media?parent=81453"}],"wp:term":[{"taxonomy":"product_brand","embeddable":true,"href":"https:\/\/www.wundersocks.com\/de\/wp-json\/wp\/v2\/product_brand?post=81453"},{"taxonomy":"product_cat","embeddable":true,"href":"https:\/\/www.wundersocks.com\/de\/wp-json\/wp\/v2\/product_cat?post=81453"},{"taxonomy":"product_tag","embeddable":true,"href":"https:\/\/www.wundersocks.com\/de\/wp-json\/wp\/v2\/product_tag?post=81453"}],"curies":[{"name":"wp","href":"https:\/\/api.w.org\/{rel}","templated":true}]}}