{"id":80919,"date":"2023-08-17T14:55:24","date_gmt":"2023-08-17T12:55:24","guid":{"rendered":"https:\/\/www.wundersocks.com\/product\/race-merinowolle-ski-und-snowboardsocken-4-pack\/"},"modified":"2025-11-28T17:38:54","modified_gmt":"2025-11-28T16:38:54","slug":"ski-und-snowboardsocken-race-4-pack","status":"publish","type":"product","link":"https:\/\/www.wundersocks.com\/de\/produkt\/ski-und-snowboardsocken-race-4-pack\/","title":{"rendered":"Merinowolle Ski- und Snowboardsocken Race 4-Pack"},"content":{"rendered":"<p>Entdecken Sie ultimativen Komfort und Schutz f\u00fcr Ihre F\u00fc\u00dfe mit unserem 4er-Pack aus Merinowolle Ski- und Snowboardsocken. Hergestellt aus hochwertiger Merinowolle bieten diese Kniestr\u00fcmpfe eine optimale Mischung aus W\u00e4rme, Polsterung und Feuchtigkeitsregulierung f\u00fcr ein unvergleichliches Erlebnis auf der Piste. Die anatomische Passform und das gepolsterte Design sorgen f\u00fcr eine perfekte Passform und maximalen Komfort w\u00e4hrend des ganzen Tages. Mit nat\u00fcrlicher Geruchshemmung bleiben Ihre F\u00fc\u00dfe frisch und trocken, egal wie lange Ihre Abenteuer dauern. Erleben Sie die unschlagbare Leistung und den Luxus unserer Merinowolle Ski- und Snowboardsocken und genie\u00dfen Sie jedes Abenteuer in vollen Z\u00fcgen.<\/p>\n","protected":false},"excerpt":{"rendered":"<p>Entdecken Sie ultimativen Komfort und Schutz f\u00fcr Ihre F\u00fc\u00dfe mit unserem 4er-Pack aus Merinowolle Ski- und Snowboardsocken. Hergestellt aus hochwertiger Merinowolle bieten diese Kniestr\u00fcmpfe eine optimale Mischung aus W\u00e4rme, Polsterung und Feuchtigkeitsregulierung f\u00fcr ein unvergleichliches Erlebnis auf der Piste. Die anatomische Passform und das gepolsterte Design sorgen f\u00fcr eine perfekte Passform und maximalen Komfort w\u00e4hrend [&hellip;]<\/p>\n","protected":false},"featured_media":5936,"template":"","meta":{"_acf_changed":false},"product_brand":[],"product_cat":[302,999,72,433,63,428,35,36,421,62,429],"product_tag":[2033,1170,1047,1211],"class_list":{"0":"post-80919","1":"product","2":"type-product","3":"status-publish","4":"has-post-thumbnail","6":"product_cat-damen","7":"product_cat-herren","8":"product_cat-herren-kniestruempfe","9":"product_cat-damen-kniestruempfe","10":"product_cat-herren-ski-und-snowboard-socken","11":"product_cat-damen-ski-und-snowboard-socken","12":"product_cat-herren-socken-nach-aktivitaet","13":"product_cat-herren-socken-nach-laenge","14":"product_cat-damen-socken-nach-laenge","15":"product_cat-herren-warme-wintersocken","16":"product_cat-damen-warme-wintersocken","17":"product_tag-ski-socks-de","18":"product_tag-skitouren","19":"product_tag-warme-wintersocken","20":"product_tag-wintersport-de","22":"first","23":"instock","24":"sale","25":"shipping-taxable","26":"purchasable","27":"product-type-variable","28":"has-default-attributes","29":"wvs-archive-product-wrapper"},"acf":[],"_links":{"self":[{"href":"https:\/\/www.wundersocks.com\/de\/wp-json\/wp\/v2\/product\/80919","targetHints":{"allow":["GET"]}}],"collection":[{"href":"https:\/\/www.wundersocks.com\/de\/wp-json\/wp\/v2\/product"}],"about":[{"href":"https:\/\/www.wundersocks.com\/de\/wp-json\/wp\/v2\/types\/product"}],"wp:featuredmedia":[{"embeddable":true,"href":"https:\/\/www.wundersocks.com\/de\/wp-json\/wp\/v2\/media\/5936"}],"wp:attachment":[{"href":"https:\/\/www.wundersocks.com\/de\/wp-json\/wp\/v2\/media?parent=80919"}],"wp:term":[{"taxonomy":"product_brand","embeddable":true,"href":"https:\/\/www.wundersocks.com\/de\/wp-json\/wp\/v2\/product_brand?post=80919"},{"taxonomy":"product_cat","embeddable":true,"href":"https:\/\/www.wundersocks.com\/de\/wp-json\/wp\/v2\/product_cat?post=80919"},{"taxonomy":"product_tag","embeddable":true,"href":"https:\/\/www.wundersocks.com\/de\/wp-json\/wp\/v2\/product_tag?post=80919"}],"curies":[{"name":"wp","href":"https:\/\/api.w.org\/{rel}","templated":true}]}}