{"id":1646,"date":"2023-08-09T00:19:12","date_gmt":"2023-08-09T14:53:42","guid":{"rendered":"https:\/\/www.wundersocks.com\/product\/skinners-walker-barefoot-shoes\/"},"modified":"2025-03-08T19:12:13","modified_gmt":"2025-03-08T18:12:13","slug":"barfusschuhe-skinners-walker","status":"publish","type":"product","link":"https:\/\/www.wundersocks.com\/de\/produkt\/barfusschuhe-skinners-walker\/","title":{"rendered":"Barfu\u00dfschuhe Skinners Walker"},"content":{"rendered":"<p>Entdecke jetzt den perfekten Begleiter f\u00fcr deinen Alltag &#8211; die Skinners Walker! Unser Fokus liegt auf minimalem Schuhwerk und maximalem Barfu\u00dfgef\u00fchl. Doch manchmal braucht man auch Schuhe, die den allt\u00e4glichen Anforderungen besser entsprechen. Hier kommt der Skinners Walker ins Spiel &#8211; ein stylischer und schlichter Sneaker, der dir ein nat\u00fcrlichen Laufgef\u00fchl erm\u00f6glicht.<\/p>\n","protected":false},"excerpt":{"rendered":"<p>Entdecke jetzt den perfekten Begleiter f\u00fcr deinen Alltag &#8211; die Skinners Walker! Unser Fokus liegt auf minimalem Schuhwerk und maximalem Barfu\u00dfgef\u00fchl. Doch manchmal braucht man auch Schuhe, die den allt\u00e4glichen Anforderungen besser entsprechen. Hier kommt der Skinners Walker ins Spiel &#8211; ein stylischer und schlichter Sneaker, der dir ein nat\u00fcrlichen Laufgef\u00fchl erm\u00f6glicht.<\/p>\n","protected":false},"featured_media":6334,"template":"","meta":{"_acf_changed":false},"product_brand":[],"product_cat":[304,55,302,999,1964,303,42,1184,1185],"product_tag":[1104,1127,1610,1622,1655],"class_list":{"0":"post-1646","1":"product","2":"type-product","3":"status-publish","4":"has-post-thumbnail","6":"product_cat-barfusschuhe","7":"product_cat-herren-barfussschuhe","8":"product_cat-damen","9":"product_cat-herren","10":"product_cat-muttertagsgeschenke","11":"product_cat-schuhe-und-einlagen","12":"product_cat-herren-schuhe-und-einlagen","13":"product_cat-herren-valentinstag-geschenkideen","14":"product_cat-damen-valentinstag-geschenkideen","15":"product_tag-barfussschuhe","16":"product_tag-business","17":"product_tag-fitnessschuhe-de","18":"product_tag-freizeit-de","19":"product_tag-schuhe","21":"first","22":"instock","23":"sale","24":"shipping-taxable","25":"purchasable","26":"product-type-variable","27":"has-default-attributes","28":"wvs-archive-product-wrapper"},"acf":[],"_links":{"self":[{"href":"https:\/\/www.wundersocks.com\/de\/wp-json\/wp\/v2\/product\/1646","targetHints":{"allow":["GET"]}}],"collection":[{"href":"https:\/\/www.wundersocks.com\/de\/wp-json\/wp\/v2\/product"}],"about":[{"href":"https:\/\/www.wundersocks.com\/de\/wp-json\/wp\/v2\/types\/product"}],"wp:featuredmedia":[{"embeddable":true,"href":"https:\/\/www.wundersocks.com\/de\/wp-json\/wp\/v2\/media\/6334"}],"wp:attachment":[{"href":"https:\/\/www.wundersocks.com\/de\/wp-json\/wp\/v2\/media?parent=1646"}],"wp:term":[{"taxonomy":"product_brand","embeddable":true,"href":"https:\/\/www.wundersocks.com\/de\/wp-json\/wp\/v2\/product_brand?post=1646"},{"taxonomy":"product_cat","embeddable":true,"href":"https:\/\/www.wundersocks.com\/de\/wp-json\/wp\/v2\/product_cat?post=1646"},{"taxonomy":"product_tag","embeddable":true,"href":"https:\/\/www.wundersocks.com\/de\/wp-json\/wp\/v2\/product_tag?post=1646"}],"curies":[{"name":"wp","href":"https:\/\/api.w.org\/{rel}","templated":true}]}}