{"id":15649,"date":"2023-12-11T13:25:41","date_gmt":"2023-12-11T12:25:41","guid":{"rendered":"https:\/\/www.wundersocks.com\/product\/damen-merinowolle-langarm\/"},"modified":"2026-01-06T13:19:06","modified_gmt":"2026-01-06T12:19:06","slug":"damen-merinowolle-langarm-shirt-mit-kragen-marta","status":"publish","type":"product","link":"https:\/\/www.wundersocks.com\/de\/produkt\/damen-merinowolle-langarm-shirt-mit-kragen-marta\/","title":{"rendered":"Damen Merinowolle Langarm Shirt mit Kragen Marta"},"content":{"rendered":"<p>Erleben Sie h\u00f6chsten Tragekomfort und anspruchsvolles Design mit unserem Merinowolle Langarm Shirt mit Kragen. Hergestellt aus feinster Merinowolle, kombiniert mit 5% Elastan, bietet dieses Shirt W\u00e4rme, Atmungsaktivit\u00e4t und Stil und Belastbarkeit f\u00fcr vielseitigen Einsatz.<\/p>\n","protected":false},"excerpt":{"rendered":"<p>Erleben Sie h\u00f6chsten Tragekomfort und anspruchsvolles Design mit unserem Merinowolle Langarm Shirt mit Kragen. Hergestellt aus feinster Merinowolle, kombiniert mit 5% Elastan, bietet dieses Shirt W\u00e4rme, Atmungsaktivit\u00e4t und Stil und Belastbarkeit f\u00fcr vielseitigen Einsatz.<\/p>\n","protected":false},"featured_media":15671,"template":"","meta":{"_acf_changed":false},"product_brand":[],"product_cat":[1964,302,436,438,439],"product_tag":[1467,1625,1597,1633],"class_list":{"0":"post-15649","1":"product","2":"type-product","3":"status-publish","4":"has-post-thumbnail","6":"product_cat-muttertagsgeschenke","7":"product_cat-damen","8":"product_cat-damen-merino-bekleidung","9":"product_cat-damen-langarmshirts","10":"product_cat-damen-hoodies-und-sweatshirts-jacken","11":"product_tag-jacke","12":"product_tag-langarm","13":"product_tag-laessig","14":"product_tag-merinowolle-shirt","16":"first","17":"instock","18":"featured","19":"shipping-taxable","20":"purchasable","21":"product-type-variable","22":"has-default-attributes","23":"wvs-archive-product-wrapper"},"acf":[],"_links":{"self":[{"href":"https:\/\/www.wundersocks.com\/de\/wp-json\/wp\/v2\/product\/15649","targetHints":{"allow":["GET"]}}],"collection":[{"href":"https:\/\/www.wundersocks.com\/de\/wp-json\/wp\/v2\/product"}],"about":[{"href":"https:\/\/www.wundersocks.com\/de\/wp-json\/wp\/v2\/types\/product"}],"wp:featuredmedia":[{"embeddable":true,"href":"https:\/\/www.wundersocks.com\/de\/wp-json\/wp\/v2\/media\/15671"}],"wp:attachment":[{"href":"https:\/\/www.wundersocks.com\/de\/wp-json\/wp\/v2\/media?parent=15649"}],"wp:term":[{"taxonomy":"product_brand","embeddable":true,"href":"https:\/\/www.wundersocks.com\/de\/wp-json\/wp\/v2\/product_brand?post=15649"},{"taxonomy":"product_cat","embeddable":true,"href":"https:\/\/www.wundersocks.com\/de\/wp-json\/wp\/v2\/product_cat?post=15649"},{"taxonomy":"product_tag","embeddable":true,"href":"https:\/\/www.wundersocks.com\/de\/wp-json\/wp\/v2\/product_tag?post=15649"}],"curies":[{"name":"wp","href":"https:\/\/api.w.org\/{rel}","templated":true}]}}