{"id":15623,"date":"2023-12-07T12:02:47","date_gmt":"2023-12-07T11:02:47","guid":{"rendered":"https:\/\/www.wundersocks.com\/product\/alp-merino-wool-socks-medium-cushioned-crew-socks-lifestyle-crew-socks-4-pack\/"},"modified":"2025-09-23T21:12:14","modified_gmt":"2025-09-23T19:12:14","slug":"merino-socken-alp-4farb-4-pack","status":"publish","type":"product","link":"https:\/\/www.wundersocks.com\/de\/produkt\/merino-socken-alp-4farb-4-pack\/","title":{"rendered":"Merino Lifestyle Wollsocken leicht gepolsterte Merino Socken Alp Lifestyle 4-Pack"},"content":{"rendered":"<p>4er Pack farbenfroher und auch schlichter Lifestyle Merino Socken mit leicht gepolsterter Ferse, Fu\u00dfsohle und Zehenbox f\u00fcr optimalen Komfort. Unsere Socken aus hochprozentiger Merinowolle verhindern Schwei\u00df, Blasen, Scheuer- und Druckstellen. F\u00fcr zus\u00e4tzlichen Komfort haben wir den Gummibund am Abschlussrand entfernt, um Druckstellen zu vermeiden.<\/p>\n","protected":false},"excerpt":{"rendered":"<p>4er Pack farbenfroher und auch schlichter Lifestyle Merino Socken mit leicht gepolsterter Ferse, Fu\u00dfsohle und Zehenbox f\u00fcr optimalen Komfort. Unsere Socken aus hochprozentiger Merinowolle verhindern Schwei\u00df, Blasen, Scheuer- und Druckstellen. F\u00fcr zus\u00e4tzlichen Komfort haben wir den Gummibund am Abschlussrand entfernt, um Druckstellen zu vermeiden.<\/p>\n","protected":false},"featured_media":15127,"template":"","meta":{"_acf_changed":false},"product_brand":[],"product_cat":[61,422,302,999,1182,1183,35,420,36,421,1184,1185,71,435],"product_tag":[1579,1597,1582,1086,1576],"class_list":{"0":"post-15623","1":"product","2":"type-product","3":"status-publish","4":"has-post-thumbnail","6":"product_cat-herren-alltagssocken","7":"product_cat-damen-alltagssocken","8":"product_cat-damen","9":"product_cat-herren","10":"product_cat-herren-pickleball-socken","11":"product_cat-damen-pickleball-socken","12":"product_cat-herren-socken-nach-aktivitaet","13":"product_cat-damen-socken-nach-aktivitaet","14":"product_cat-herren-socken-nach-laenge","15":"product_cat-damen-socken-nach-laenge","16":"product_cat-herren-valentinstag-geschenkideen","17":"product_cat-damen-valentinstag-geschenkideen","18":"product_cat-herren-wadensocken","19":"product_cat-damen-wadensocken","20":"product_tag-alltag-de","21":"product_tag-laessig","22":"product_tag-laufen","23":"product_tag-lifestyle","24":"product_tag-ciclismo","26":"first","27":"outofstock","28":"sale","29":"shipping-taxable","30":"purchasable","31":"product-type-variable","32":"has-default-attributes","33":"wvs-archive-product-wrapper"},"acf":[],"_links":{"self":[{"href":"https:\/\/www.wundersocks.com\/de\/wp-json\/wp\/v2\/product\/15623","targetHints":{"allow":["GET"]}}],"collection":[{"href":"https:\/\/www.wundersocks.com\/de\/wp-json\/wp\/v2\/product"}],"about":[{"href":"https:\/\/www.wundersocks.com\/de\/wp-json\/wp\/v2\/types\/product"}],"wp:featuredmedia":[{"embeddable":true,"href":"https:\/\/www.wundersocks.com\/de\/wp-json\/wp\/v2\/media\/15127"}],"wp:attachment":[{"href":"https:\/\/www.wundersocks.com\/de\/wp-json\/wp\/v2\/media?parent=15623"}],"wp:term":[{"taxonomy":"product_brand","embeddable":true,"href":"https:\/\/www.wundersocks.com\/de\/wp-json\/wp\/v2\/product_brand?post=15623"},{"taxonomy":"product_cat","embeddable":true,"href":"https:\/\/www.wundersocks.com\/de\/wp-json\/wp\/v2\/product_cat?post=15623"},{"taxonomy":"product_tag","embeddable":true,"href":"https:\/\/www.wundersocks.com\/de\/wp-json\/wp\/v2\/product_tag?post=15623"}],"curies":[{"name":"wp","href":"https:\/\/api.w.org\/{rel}","templated":true}]}}