{"id":15404,"date":"2023-08-19T14:37:42","date_gmt":"2023-08-19T12:37:42","guid":{"rendered":"https:\/\/www.wundersocks.com\/product\/knoechelschoner-aus-merinowolle\/"},"modified":"2026-03-06T12:40:25","modified_gmt":"2026-03-06T11:40:25","slug":"knoechelschoner-aus-merinowolle","status":"publish","type":"product","link":"https:\/\/www.wundersocks.com\/de\/produkt\/knoechelschoner-aus-merinowolle\/","title":{"rendered":"Kn\u00f6chelschoner aus Merinowolle (1 St.)"},"content":{"rendered":"<p>Der Kn\u00f6chelschoner aus Merinowolle sch\u00fctzt den Kn\u00f6chel vor K\u00e4lte und hilft Schmerzen vorzubeugen.<br \/>\nDurch die konstante Erw\u00e4rmung wird der Kn\u00f6chel und Fu\u00dfgelenk entspannt. Die Innenseite ist aus einem weichem Frottee. Das weiche Material schneidet nicht ein. Der hohe Anteil der Merinowolle (80%) ist antibakteriell, geruchsneutral und temperaturausgleichend. Kann auch \u00fcber Nacht getragen werden.<\/p>\n","protected":false},"excerpt":{"rendered":"<p>Der Kn\u00f6chelschoner aus Merinowolle sch\u00fctzt den Kn\u00f6chel vor K\u00e4lte und hilft Schmerzen vorzubeugen. Durch die konstante Erw\u00e4rmung wird der Kn\u00f6chel und Fu\u00dfgelenk entspannt. Die Innenseite ist aus einem weichem Frottee. Das weiche Material schneidet nicht ein. Der hohe Anteil der Merinowolle (80%) ist antibakteriell, geruchsneutral und temperaturausgleichend. Kann auch \u00fcber Nacht getragen werden.<\/p>\n","protected":false},"featured_media":8204,"template":"","meta":{"_acf_changed":false},"product_brand":[2212],"product_cat":[2130,302,999,1061,2173,448,2171,1055,1056],"product_tag":[1869,1870,1866],"class_list":{"0":"post-15404","1":"product","2":"type-product","3":"status-publish","4":"has-post-thumbnail","6":"product_brand-wunderfit","7":"product_cat-accessoires-damen-herren","8":"product_cat-damen","9":"product_cat-herren","10":"product_cat-damen-knie-gelenk-armschoner","11":"product_cat-accessoires-damen-herren-knie-gelenk-armschoner","12":"product_cat-herren-knie-handgelenk-knoechelschoner","13":"product_cat-accessoires-damen-herren-rehabilitation-und-gesundheit","14":"product_cat-herren-rehabilitation-und-gesundheit","15":"product_cat-damen-rehabilitation-und-gesundheit","16":"product_tag-merinowolle-schoner","17":"product_tag-merinowolle-waermer","18":"product_tag-schoner","20":"first","21":"instock","22":"shipping-taxable","23":"purchasable","24":"product-type-variable","25":"has-default-attributes","26":"wvs-archive-product-wrapper"},"acf":[],"_links":{"self":[{"href":"https:\/\/www.wundersocks.com\/de\/wp-json\/wp\/v2\/product\/15404","targetHints":{"allow":["GET"]}}],"collection":[{"href":"https:\/\/www.wundersocks.com\/de\/wp-json\/wp\/v2\/product"}],"about":[{"href":"https:\/\/www.wundersocks.com\/de\/wp-json\/wp\/v2\/types\/product"}],"wp:featuredmedia":[{"embeddable":true,"href":"https:\/\/www.wundersocks.com\/de\/wp-json\/wp\/v2\/media\/8204"}],"wp:attachment":[{"href":"https:\/\/www.wundersocks.com\/de\/wp-json\/wp\/v2\/media?parent=15404"}],"wp:term":[{"taxonomy":"product_brand","embeddable":true,"href":"https:\/\/www.wundersocks.com\/de\/wp-json\/wp\/v2\/product_brand?post=15404"},{"taxonomy":"product_cat","embeddable":true,"href":"https:\/\/www.wundersocks.com\/de\/wp-json\/wp\/v2\/product_cat?post=15404"},{"taxonomy":"product_tag","embeddable":true,"href":"https:\/\/www.wundersocks.com\/de\/wp-json\/wp\/v2\/product_tag?post=15404"}],"curies":[{"name":"wp","href":"https:\/\/api.w.org\/{rel}","templated":true}]}}