{"id":15229,"date":"2023-10-30T15:35:23","date_gmt":"2023-10-30T14:35:23","guid":{"rendered":"https:\/\/www.wundersocks.com\/product\/kindersocken-aus-merinowolle-2-pack-skifahren-snowboard\/"},"modified":"2026-03-24T22:02:13","modified_gmt":"2026-03-24T21:02:13","slug":"kindersocken-aus-merinowolle-2-pack-skifahren-snowboard","status":"publish","type":"product","link":"https:\/\/www.wundersocks.com\/de\/produkt\/kindersocken-aus-merinowolle-2-pack-skifahren-snowboard\/","title":{"rendered":"Kindersocken zum Skifahren aus Merinowolle 2-Pack"},"content":{"rendered":"<p>Gepolsterte Kindersocken aus hochwertiger Merinowolle, ideal f\u00fcr Skifahren, Snowboarden, Winterwanderungen und andere Wintersportarten. Diese Wintersocken halten die F\u00fc\u00dfe Ihrer Kinder warm, auch bei kalten Temperaturen. Hergestellt in Italien mit der besten Qualit\u00e4t an Merinowolle, sorgen sie f\u00fcr optimalen Tragekomfort und Schutz vor kalten F\u00fc\u00dfen. Perfekt f\u00fcr aktive Kinder im Winter!<\/p>\n","protected":false},"excerpt":{"rendered":"<p>Gepolsterte Kindersocken aus hochwertiger Merinowolle, ideal f\u00fcr Skifahren, Snowboarden, Winterwanderungen und andere Wintersportarten. Diese Wintersocken halten die F\u00fc\u00dfe Ihrer Kinder warm, auch bei kalten Temperaturen. Hergestellt in Italien mit der besten Qualit\u00e4t an Merinowolle, sorgen sie f\u00fcr optimalen Tragekomfort und Schutz vor kalten F\u00fc\u00dfen. Perfekt f\u00fcr aktive Kinder im Winter!<\/p>\n","protected":false},"featured_media":14311,"template":"","meta":{"_acf_changed":false},"product_brand":[2210],"product_cat":[418,935,939,1160,941,945],"product_tag":[1039,1041,1042,1040,1038,1043,1044,2036],"class_list":{"0":"post-15229","1":"product","2":"type-product","3":"status-publish","4":"has-post-thumbnail","6":"product_brand-wundersocks","7":"product_cat-kinder","8":"product_cat-kindersocken-nach-aktivitaet","9":"product_cat-kindersocken-ski-und-snowboard","10":"product_cat-kindersocken-wandersocken","11":"product_cat-kindersocken-nach-laenge","12":"product_cat-kindersocken-wade","13":"product_tag-jungs","14":"product_tag-kinder-de","15":"product_tag-kinder-de-2","16":"product_tag-kinder","17":"product_tag-madchen","18":"product_tag-skifahren","19":"product_tag-skifahren-de","20":"product_tag-winter-socks-de","22":"first","23":"instock","24":"shipping-taxable","25":"purchasable","26":"product-type-variable","27":"has-default-attributes","28":"wvs-archive-product-wrapper"},"acf":[],"_links":{"self":[{"href":"https:\/\/www.wundersocks.com\/de\/wp-json\/wp\/v2\/product\/15229","targetHints":{"allow":["GET"]}}],"collection":[{"href":"https:\/\/www.wundersocks.com\/de\/wp-json\/wp\/v2\/product"}],"about":[{"href":"https:\/\/www.wundersocks.com\/de\/wp-json\/wp\/v2\/types\/product"}],"wp:featuredmedia":[{"embeddable":true,"href":"https:\/\/www.wundersocks.com\/de\/wp-json\/wp\/v2\/media\/14311"}],"wp:attachment":[{"href":"https:\/\/www.wundersocks.com\/de\/wp-json\/wp\/v2\/media?parent=15229"}],"wp:term":[{"taxonomy":"product_brand","embeddable":true,"href":"https:\/\/www.wundersocks.com\/de\/wp-json\/wp\/v2\/product_brand?post=15229"},{"taxonomy":"product_cat","embeddable":true,"href":"https:\/\/www.wundersocks.com\/de\/wp-json\/wp\/v2\/product_cat?post=15229"},{"taxonomy":"product_tag","embeddable":true,"href":"https:\/\/www.wundersocks.com\/de\/wp-json\/wp\/v2\/product_tag?post=15229"}],"curies":[{"name":"wp","href":"https:\/\/api.w.org\/{rel}","templated":true}]}}