{"id":15211,"date":"2023-11-15T20:05:00","date_gmt":"2023-11-15T19:05:00","guid":{"rendered":"https:\/\/www.wundersocks.com\/product\/waeschebeutel\/"},"modified":"2026-05-10T23:20:28","modified_gmt":"2026-05-10T21:20:28","slug":"waeschebeutel","status":"publish","type":"product","link":"https:\/\/www.wundersocks.com\/de\/produkt\/waeschebeutel\/","title":{"rendered":"W\u00e4schebeutel"},"content":{"rendered":"<p>Erhalten Sie die Qualit\u00e4t Ihres Lieblingskleidungsst\u00fccks mit unseren Waschbeuteln, die speziell f\u00fcr zarte Stoffe wie Merinowolle gefertigt wurden. Diese innovativen W\u00e4sches\u00e4cke gew\u00e4hrleisten eine sichere und gesch\u00fctzte Reinigung Ihrer Merinowollartikel w\u00e4hrend gemischter Waschg\u00e4nge.<\/p>\n","protected":false},"excerpt":{"rendered":"<p>Erhalte die Qualit\u00e4t deiner Merinowolle mit unserem speziellen Waschbeutel \u2013 entwickelt f\u00fcr empfindliche Stoffe wie Merino, Seide &amp; Co. Ideal f\u00fcr gemischte Waschg\u00e4nge \u2013 kein Verziehen, kein Ausleiern.<\/p>\n","protected":false},"featured_media":13728,"template":"","meta":{"_acf_changed":false},"product_brand":[],"product_cat":[951],"product_tag":[1821,1825,1823],"class_list":{"0":"post-15211","1":"product","2":"type-product","3":"status-publish","4":"has-post-thumbnail","6":"product_cat-merino-waschmittel","7":"product_tag-merino-waschmittel","8":"product_tag-waschanleitung","9":"product_tag-waschbeutel","11":"first","12":"instock","13":"shipping-taxable","14":"purchasable","15":"product-type-simple"},"acf":[],"_links":{"self":[{"href":"https:\/\/www.wundersocks.com\/de\/wp-json\/wp\/v2\/product\/15211","targetHints":{"allow":["GET"]}}],"collection":[{"href":"https:\/\/www.wundersocks.com\/de\/wp-json\/wp\/v2\/product"}],"about":[{"href":"https:\/\/www.wundersocks.com\/de\/wp-json\/wp\/v2\/types\/product"}],"wp:featuredmedia":[{"embeddable":true,"href":"https:\/\/www.wundersocks.com\/de\/wp-json\/wp\/v2\/media\/13728"}],"wp:attachment":[{"href":"https:\/\/www.wundersocks.com\/de\/wp-json\/wp\/v2\/media?parent=15211"}],"wp:term":[{"taxonomy":"product_brand","embeddable":true,"href":"https:\/\/www.wundersocks.com\/de\/wp-json\/wp\/v2\/product_brand?post=15211"},{"taxonomy":"product_cat","embeddable":true,"href":"https:\/\/www.wundersocks.com\/de\/wp-json\/wp\/v2\/product_cat?post=15211"},{"taxonomy":"product_tag","embeddable":true,"href":"https:\/\/www.wundersocks.com\/de\/wp-json\/wp\/v2\/product_tag?post=15211"}],"curies":[{"name":"wp","href":"https:\/\/api.w.org\/{rel}","templated":true}]}}