{"id":14707,"date":"2023-08-17T14:51:19","date_gmt":"2023-08-17T12:51:19","guid":{"rendered":"https:\/\/www.wundersocks.com\/product\/wundersole\/"},"modified":"2026-05-03T08:21:25","modified_gmt":"2026-05-03T06:21:25","slug":"wundersole","status":"publish","type":"product","link":"https:\/\/www.wundersocks.com\/de\/produkt\/wundersole\/","title":{"rendered":"Schuheinlage bei Fersensporn und Fersenschmerz Wundersole"},"content":{"rendered":"<p>Die neue Wundersole gew\u00e4hrleistet eine optimale D\u00e4mpfung, schont die Gelenke, f\u00f6rdert die Durchblutung und st\u00e4rkt die Fu\u00df- und Beinmuskulatur.<\/p>\n<p>Die ideale Schuheinlage bei Fersensporn und Fersenschmerz.<\/p>\n<p>Passt f\u00fcr alle g\u00e4ngigen Schuhmodelle. Damen und Herren.<\/p>\n","protected":false},"excerpt":{"rendered":"<p>Die neue Wundersole gew\u00e4hrleistet eine optimale D\u00e4mpfung, schont die Gelenke, f\u00f6rdert die Durchblutung und st\u00e4rkt die Fu\u00df- und Beinmuskulatur. Die ideale Schuheinlage bei Fersensporn und Fersenschmerz. Passt f\u00fcr alle g\u00e4ngigen Schuhmodelle. Damen und Herren.<\/p>\n","protected":false},"featured_media":6676,"template":"","meta":{"_acf_changed":false},"product_brand":[],"product_cat":[302,999,1964,42,303,452,57,1184,1185],"product_tag":[1898,1896,1894,1892,1900],"class_list":{"0":"post-14707","1":"product","2":"type-product","3":"status-publish","4":"has-post-thumbnail","6":"product_cat-damen","7":"product_cat-herren","8":"product_cat-muttertagsgeschenke","9":"product_cat-herren-schuhe-und-einlagen","10":"product_cat-schuhe-und-einlagen","11":"product_cat-damen-schuheinlagen","12":"product_cat-herren-schuheinlagen","13":"product_cat-herren-valentinstag-geschenkideen","14":"product_cat-damen-valentinstag-geschenkideen","15":"product_tag-einlage","16":"product_tag-fersensporn","17":"product_tag-fuss-unterstuetzung","18":"product_tag-fussentlastung","19":"product_tag-schuheinlage","21":"first","22":"instock","23":"shipping-taxable","24":"purchasable","25":"product-type-variable","26":"has-default-attributes","27":"wvs-archive-product-wrapper"},"acf":[],"_links":{"self":[{"href":"https:\/\/www.wundersocks.com\/de\/wp-json\/wp\/v2\/product\/14707","targetHints":{"allow":["GET"]}}],"collection":[{"href":"https:\/\/www.wundersocks.com\/de\/wp-json\/wp\/v2\/product"}],"about":[{"href":"https:\/\/www.wundersocks.com\/de\/wp-json\/wp\/v2\/types\/product"}],"wp:featuredmedia":[{"embeddable":true,"href":"https:\/\/www.wundersocks.com\/de\/wp-json\/wp\/v2\/media\/6676"}],"wp:attachment":[{"href":"https:\/\/www.wundersocks.com\/de\/wp-json\/wp\/v2\/media?parent=14707"}],"wp:term":[{"taxonomy":"product_brand","embeddable":true,"href":"https:\/\/www.wundersocks.com\/de\/wp-json\/wp\/v2\/product_brand?post=14707"},{"taxonomy":"product_cat","embeddable":true,"href":"https:\/\/www.wundersocks.com\/de\/wp-json\/wp\/v2\/product_cat?post=14707"},{"taxonomy":"product_tag","embeddable":true,"href":"https:\/\/www.wundersocks.com\/de\/wp-json\/wp\/v2\/product_tag?post=14707"}],"curies":[{"name":"wp","href":"https:\/\/api.w.org\/{rel}","templated":true}]}}