{"id":14691,"date":"2023-08-17T14:36:50","date_gmt":"2023-08-17T12:36:50","guid":{"rendered":"https:\/\/www.wundersocks.com\/product\/einlagen-gegen-kalte-fuesse\/"},"modified":"2026-03-04T08:49:28","modified_gmt":"2026-03-04T07:49:28","slug":"einlagen-gegen-kalte-fuesse","status":"publish","type":"product","link":"https:\/\/www.wundersocks.com\/de\/produkt\/einlagen-gegen-kalte-fuesse\/","title":{"rendered":"W\u00e4rmesohle gegen kalte F\u00fc\u00dfe"},"content":{"rendered":"<p>Winter Einlegesohlen gegen kalte F\u00fc\u00dfe. Die untere Beschichtung sorgt f\u00fcr eine bessere Isolierung Ihrer Schuhe, sodass weniger kalte Luft an Ihre F\u00fc\u00dfe gelangt. Die Einlegesohle ist f\u00fcr alle Schuharten geeignet (Freizeitschuhe, Winterstiefel und Skischuhe). Ideal in Kombination mit Merinowollsocken wie den Wundersocks f\u00fcr optimal warme F\u00fc\u00dfe im Winter.<\/p>\n","protected":false},"excerpt":{"rendered":"<p>Winter Einlegesohlen gegen kalte F\u00fc\u00dfe. Die untere Beschichtung sorgt f\u00fcr eine bessere Isolierung Ihrer Schuhe, sodass weniger kalte Luft an Ihre F\u00fc\u00dfe gelangt. Die Einlegesohle ist f\u00fcr alle Schuharten geeignet (Freizeitschuhe, Winterstiefel und Skischuhe). Ideal in Kombination mit Merinowollsocken wie den Wundersocks f\u00fcr optimal warme F\u00fc\u00dfe im Winter.<\/p>\n","protected":false},"featured_media":6640,"template":"","meta":{"_acf_changed":false},"product_brand":[],"product_cat":[999,42,57,1184,302,303,452,1185],"product_tag":[1898,1900,1905,1906],"class_list":{"0":"post-14691","1":"product","2":"type-product","3":"status-publish","4":"has-post-thumbnail","6":"product_cat-herren","7":"product_cat-herren-schuhe-und-einlagen","8":"product_cat-herren-schuheinlagen","9":"product_cat-herren-valentinstag-geschenkideen","10":"product_cat-damen","11":"product_cat-schuhe-und-einlagen","12":"product_cat-damen-schuheinlagen","13":"product_cat-damen-valentinstag-geschenkideen","14":"product_tag-einlage","15":"product_tag-schuheinlage","16":"product_tag-warme-fuesse","17":"product_tag-winter-einlegesohle","19":"first","20":"instock","21":"shipping-taxable","22":"purchasable","23":"product-type-variable","24":"has-default-attributes","25":"wvs-archive-product-wrapper"},"acf":[],"_links":{"self":[{"href":"https:\/\/www.wundersocks.com\/de\/wp-json\/wp\/v2\/product\/14691","targetHints":{"allow":["GET"]}}],"collection":[{"href":"https:\/\/www.wundersocks.com\/de\/wp-json\/wp\/v2\/product"}],"about":[{"href":"https:\/\/www.wundersocks.com\/de\/wp-json\/wp\/v2\/types\/product"}],"wp:featuredmedia":[{"embeddable":true,"href":"https:\/\/www.wundersocks.com\/de\/wp-json\/wp\/v2\/media\/6640"}],"wp:attachment":[{"href":"https:\/\/www.wundersocks.com\/de\/wp-json\/wp\/v2\/media?parent=14691"}],"wp:term":[{"taxonomy":"product_brand","embeddable":true,"href":"https:\/\/www.wundersocks.com\/de\/wp-json\/wp\/v2\/product_brand?post=14691"},{"taxonomy":"product_cat","embeddable":true,"href":"https:\/\/www.wundersocks.com\/de\/wp-json\/wp\/v2\/product_cat?post=14691"},{"taxonomy":"product_tag","embeddable":true,"href":"https:\/\/www.wundersocks.com\/de\/wp-json\/wp\/v2\/product_tag?post=14691"}],"curies":[{"name":"wp","href":"https:\/\/api.w.org\/{rel}","templated":true}]}}