{"id":14689,"date":"2023-08-19T13:31:31","date_gmt":"2023-08-19T11:31:31","guid":{"rendered":"https:\/\/www.wundersocks.com\/product\/massage-rolle-fuer-die-fuesse-wildfussler-rundling\/"},"modified":"2024-06-18T13:19:54","modified_gmt":"2024-06-18T11:19:54","slug":"massage-rolle-fuer-die-fuesse-wildfussler-rundling","status":"publish","type":"product","link":"https:\/\/www.wundersocks.com\/de\/produkt\/massage-rolle-fuer-die-fuesse-wildfussler-rundling\/","title":{"rendered":"Massage Rolle f\u00fcr die F\u00fc\u00dfe \u2013 Rundling"},"content":{"rendered":"<p>Der Wildf\u00fcssler (Rundling) ist eine handgedrehte Massage-Rolle f\u00fcr Ihre F\u00fc\u00dfe. Dank seiner konischen Form, die die Anatomie des Fu\u00dfes widerspiegelt, erreicht der Wildf\u00fcssler das gesamte Fu\u00dfgew\u00f6lbe und alle strukturellen Schichten des Fu\u00dfes. Die Anwendung ist sehr einfach und effektiv.<\/p>\n<p>Der Wildf\u00fcssler entspannt die Muskeln, l\u00f6st Verspannungen und stimuliert die verschiedenen Gewebeschichten. Er f\u00f6rdert die Blutzirkulation im Gewebe und die N\u00e4hrstoffversorgung der Sehnen. 100% hergestellt in \u00d6sterreich.<\/p>\n","protected":false},"excerpt":{"rendered":"<p>Der Wildf\u00fcssler (Rundling) ist eine handgedrehte Massage-Rolle f\u00fcr Ihre F\u00fc\u00dfe. Dank seiner konischen Form, die die Anatomie des Fu\u00dfes widerspiegelt, erreicht der Wildf\u00fcssler das gesamte Fu\u00dfgew\u00f6lbe und alle strukturellen Schichten des Fu\u00dfes. Die Anwendung ist sehr einfach und effektiv. Der Wildf\u00fcssler entspannt die Muskeln, l\u00f6st Verspannungen und stimuliert die verschiedenen Gewebeschichten. Er f\u00f6rdert die Blutzirkulation [&hellip;]<\/p>\n","protected":false},"featured_media":6301,"template":"","meta":{"_acf_changed":false},"product_brand":[],"product_cat":[1964,2130,2171,2172,999,1055,1052,302,1056,1059],"product_tag":[],"class_list":{"0":"post-14689","1":"product","2":"type-product","3":"status-publish","4":"has-post-thumbnail","6":"product_cat-muttertagsgeschenke","7":"product_cat-accessoires-damen-herren","8":"product_cat-accessoires-damen-herren-rehabilitation-und-gesundheit","9":"product_cat-accessoires-damen-herren-fussmassage-roller","10":"product_cat-herren","11":"product_cat-herren-rehabilitation-und-gesundheit","12":"product_cat-herren-fussmassage-roller-aus-holz-herren-rehabilitation-und-gesundheit","13":"product_cat-damen","14":"product_cat-damen-rehabilitation-und-gesundheit","15":"product_cat-damen-fussmassage-roller","17":"first","18":"instock","19":"shipping-taxable","20":"purchasable","21":"product-type-simple"},"acf":[],"_links":{"self":[{"href":"https:\/\/www.wundersocks.com\/de\/wp-json\/wp\/v2\/product\/14689","targetHints":{"allow":["GET"]}}],"collection":[{"href":"https:\/\/www.wundersocks.com\/de\/wp-json\/wp\/v2\/product"}],"about":[{"href":"https:\/\/www.wundersocks.com\/de\/wp-json\/wp\/v2\/types\/product"}],"wp:featuredmedia":[{"embeddable":true,"href":"https:\/\/www.wundersocks.com\/de\/wp-json\/wp\/v2\/media\/6301"}],"wp:attachment":[{"href":"https:\/\/www.wundersocks.com\/de\/wp-json\/wp\/v2\/media?parent=14689"}],"wp:term":[{"taxonomy":"product_brand","embeddable":true,"href":"https:\/\/www.wundersocks.com\/de\/wp-json\/wp\/v2\/product_brand?post=14689"},{"taxonomy":"product_cat","embeddable":true,"href":"https:\/\/www.wundersocks.com\/de\/wp-json\/wp\/v2\/product_cat?post=14689"},{"taxonomy":"product_tag","embeddable":true,"href":"https:\/\/www.wundersocks.com\/de\/wp-json\/wp\/v2\/product_tag?post=14689"}],"curies":[{"name":"wp","href":"https:\/\/api.w.org\/{rel}","templated":true}]}}