{"id":14687,"date":"2023-08-19T13:33:16","date_gmt":"2023-08-19T11:33:16","guid":{"rendered":"https:\/\/www.wundersocks.com\/product\/wildfuessler-kiesel-hand-gedrechselte-massagerolle\/"},"modified":"2024-01-29T12:07:46","modified_gmt":"2024-01-29T11:07:46","slug":"wildfuessler-kiesel-hand-gedrechselte-massagerolle","status":"publish","type":"product","link":"https:\/\/www.wundersocks.com\/de\/produkt\/wildfuessler-kiesel-hand-gedrechselte-massagerolle\/","title":{"rendered":"Wildf\u00fcssler Fu\u00dfroller \u2013 Kiesel"},"content":{"rendered":"<p>Handgefertigter, h\u00f6lzerner Massage-Roller zur Aktivierung Ihrer Fu\u00dfmuskulatur. Ideal f\u00fcr die Anwendung vor und nach dem Sport oder f\u00fcr den t\u00e4glichen Gebrauch. Die Verwendung des Wildf\u00fcssler Kiesel \u00e4hnelt dem Barfu\u00dflaufen auf einer gr\u00fcnen Wiese oder dem Laufen auf Kieselsteinen. Die vielf\u00e4ltige Oberfl\u00e4che des Massage-Rollers stimuliert Ihre Muskeln, Faszien und die verschiedenen Gewebeschichten.<\/p>\n<p>F\u00fcr den t\u00e4glichen Gebrauch empfehlen wir, 3 Minuten pro Fu\u00df zu rollen, vorzugsweise morgens und abends.<\/p>\n","protected":false},"excerpt":{"rendered":"<p>Handgefertigter, h\u00f6lzerner Massage-Roller zur Aktivierung Ihrer Fu\u00dfmuskulatur. Ideal f\u00fcr die Anwendung vor und nach dem Sport oder f\u00fcr den t\u00e4glichen Gebrauch. Die Verwendung des Wildf\u00fcssler Kiesel \u00e4hnelt dem Barfu\u00dflaufen auf einer gr\u00fcnen Wiese oder dem Laufen auf Kieselsteinen. Die vielf\u00e4ltige Oberfl\u00e4che des Massage-Rollers stimuliert Ihre Muskeln, Faszien und die verschiedenen Gewebeschichten. F\u00fcr den t\u00e4glichen Gebrauch [&hellip;]<\/p>\n","protected":false},"featured_media":6289,"template":"","meta":{"_acf_changed":false},"product_brand":[],"product_cat":[1964,2130,2171,2172,999,1055,1052,302,1056,1059],"product_tag":[],"class_list":{"0":"post-14687","1":"product","2":"type-product","3":"status-publish","4":"has-post-thumbnail","6":"product_cat-muttertagsgeschenke","7":"product_cat-accessoires-damen-herren","8":"product_cat-accessoires-damen-herren-rehabilitation-und-gesundheit","9":"product_cat-accessoires-damen-herren-fussmassage-roller","10":"product_cat-herren","11":"product_cat-herren-rehabilitation-und-gesundheit","12":"product_cat-herren-fussmassage-roller-aus-holz-herren-rehabilitation-und-gesundheit","13":"product_cat-damen","14":"product_cat-damen-rehabilitation-und-gesundheit","15":"product_cat-damen-fussmassage-roller","17":"first","18":"instock","19":"shipping-taxable","20":"purchasable","21":"product-type-simple"},"acf":[],"_links":{"self":[{"href":"https:\/\/www.wundersocks.com\/de\/wp-json\/wp\/v2\/product\/14687","targetHints":{"allow":["GET"]}}],"collection":[{"href":"https:\/\/www.wundersocks.com\/de\/wp-json\/wp\/v2\/product"}],"about":[{"href":"https:\/\/www.wundersocks.com\/de\/wp-json\/wp\/v2\/types\/product"}],"wp:featuredmedia":[{"embeddable":true,"href":"https:\/\/www.wundersocks.com\/de\/wp-json\/wp\/v2\/media\/6289"}],"wp:attachment":[{"href":"https:\/\/www.wundersocks.com\/de\/wp-json\/wp\/v2\/media?parent=14687"}],"wp:term":[{"taxonomy":"product_brand","embeddable":true,"href":"https:\/\/www.wundersocks.com\/de\/wp-json\/wp\/v2\/product_brand?post=14687"},{"taxonomy":"product_cat","embeddable":true,"href":"https:\/\/www.wundersocks.com\/de\/wp-json\/wp\/v2\/product_cat?post=14687"},{"taxonomy":"product_tag","embeddable":true,"href":"https:\/\/www.wundersocks.com\/de\/wp-json\/wp\/v2\/product_tag?post=14687"}],"curies":[{"name":"wp","href":"https:\/\/api.w.org\/{rel}","templated":true}]}}