{"id":14685,"date":"2023-08-19T13:35:37","date_gmt":"2023-08-19T11:35:37","guid":{"rendered":"https:\/\/www.wundersocks.com\/product\/achillessehne-rolle-massage-wildfuessler-flex\/"},"modified":"2024-01-31T22:08:31","modified_gmt":"2024-01-31T21:08:31","slug":"achillessehne-rolle-massage-wildfuessler-flex","status":"publish","type":"product","link":"https:\/\/www.wundersocks.com\/de\/produkt\/achillessehne-rolle-massage-wildfuessler-flex\/","title":{"rendered":"Achillessehne Rolle Wildf\u00fcssler \u2013 Flex"},"content":{"rendered":"<p>Dieser Massage-Roller ist speziell f\u00fcr die Achillessehne entwickelt. Die Achillessehne, als st\u00e4rkste Sehne im menschlichen K\u00f6rper, sollte massiert und geschmeidig gehalten werden. Sie befestigt sich am Fersenbein und verl\u00e4uft entlang des Unterschenkels nach oben. Dank der einzigartigen Form des Wildf\u00fcssler Flex ist es m\u00f6glich, das tiefere Gewebe entlang der Achillessehne zu erreichen, ohne das Sprunggelenk zu belasten.<\/p>\n","protected":false},"excerpt":{"rendered":"<p>Dieser Massage-Roller ist speziell f\u00fcr die Achillessehne entwickelt. Die Achillessehne, als st\u00e4rkste Sehne im menschlichen K\u00f6rper, sollte massiert und geschmeidig gehalten werden. Sie befestigt sich am Fersenbein und verl\u00e4uft entlang des Unterschenkels nach oben. Dank der einzigartigen Form des Wildf\u00fcssler Flex ist es m\u00f6glich, das tiefere Gewebe entlang der Achillessehne zu erreichen, ohne das Sprunggelenk [&hellip;]<\/p>\n","protected":false},"featured_media":6277,"template":"","meta":{"_acf_changed":false},"product_brand":[],"product_cat":[2130,302,2172,1059,1052,999,1964,2171,1056,1055],"product_tag":[],"class_list":{"0":"post-14685","1":"product","2":"type-product","3":"status-publish","4":"has-post-thumbnail","6":"product_cat-accessoires-damen-herren","7":"product_cat-damen","8":"product_cat-accessoires-damen-herren-fussmassage-roller","9":"product_cat-damen-fussmassage-roller","10":"product_cat-herren-fussmassage-roller-aus-holz-herren-rehabilitation-und-gesundheit","11":"product_cat-herren","12":"product_cat-muttertagsgeschenke","13":"product_cat-accessoires-damen-herren-rehabilitation-und-gesundheit","14":"product_cat-damen-rehabilitation-und-gesundheit","15":"product_cat-herren-rehabilitation-und-gesundheit","17":"first","18":"instock","19":"shipping-taxable","20":"purchasable","21":"product-type-simple"},"acf":[],"_links":{"self":[{"href":"https:\/\/www.wundersocks.com\/de\/wp-json\/wp\/v2\/product\/14685","targetHints":{"allow":["GET"]}}],"collection":[{"href":"https:\/\/www.wundersocks.com\/de\/wp-json\/wp\/v2\/product"}],"about":[{"href":"https:\/\/www.wundersocks.com\/de\/wp-json\/wp\/v2\/types\/product"}],"wp:featuredmedia":[{"embeddable":true,"href":"https:\/\/www.wundersocks.com\/de\/wp-json\/wp\/v2\/media\/6277"}],"wp:attachment":[{"href":"https:\/\/www.wundersocks.com\/de\/wp-json\/wp\/v2\/media?parent=14685"}],"wp:term":[{"taxonomy":"product_brand","embeddable":true,"href":"https:\/\/www.wundersocks.com\/de\/wp-json\/wp\/v2\/product_brand?post=14685"},{"taxonomy":"product_cat","embeddable":true,"href":"https:\/\/www.wundersocks.com\/de\/wp-json\/wp\/v2\/product_cat?post=14685"},{"taxonomy":"product_tag","embeddable":true,"href":"https:\/\/www.wundersocks.com\/de\/wp-json\/wp\/v2\/product_tag?post=14685"}],"curies":[{"name":"wp","href":"https:\/\/api.w.org\/{rel}","templated":true}]}}