{"id":14675,"date":"2023-08-19T14:58:24","date_gmt":"2023-08-19T12:58:24","guid":{"rendered":"https:\/\/www.wundersocks.com\/product\/merinowolle-knieschoner-2-st\/"},"modified":"2026-03-06T13:23:08","modified_gmt":"2026-03-06T12:23:08","slug":"merinowolle-knieschoner-2-st","status":"publish","type":"product","link":"https:\/\/www.wundersocks.com\/de\/produkt\/merinowolle-knieschoner-2-st\/","title":{"rendered":"Premium Merino Wolle Knieschoner: Komfort und Unterst\u00fctzung f\u00fcr Ihre Gelenke (2 St.)"},"content":{"rendered":"<p>Unser 2er-Pack Merino Wolle Knieschoner verspricht effektive Schmerzlinderung f\u00fcr beide Knie. Angenehm weich und ideal f\u00fcr n\u00e4chtlichen Komfort. Die nat\u00fcrlichen Eigenschaften der Merino Wolle helfen, Schmerzen zu reduzieren, w\u00e4hrend sie Ihre Knie wohlig warm und sicher umh\u00fcllen. Die sanfte Beschaffenheit dieser Doppelpackung Knieschoner garantiert einen komfortablen Sitz ohne jegliche Hautreizungen.<\/p>\n<p>Knieumfang: S\/M &#8211; 25cm<br \/>\nKnieumfang: L\/XL &#8211; 32cm<\/p>\n","protected":false},"excerpt":{"rendered":"<p>Unser 2er-Pack Merino Wolle Knieschoner verspricht effektive Schmerzlinderung f\u00fcr beide Knie. Angenehm weich und ideal f\u00fcr n\u00e4chtlichen Komfort. Die nat\u00fcrlichen Eigenschaften der Merino Wolle helfen, Schmerzen zu reduzieren, w\u00e4hrend sie Ihre Knie wohlig warm und sicher umh\u00fcllen. Die sanfte Beschaffenheit dieser Doppelpackung Knieschoner garantiert einen komfortablen Sitz ohne jegliche Hautreizungen. Knieumfang: S\/M &#8211; 25cm Knieumfang: [&hellip;]<\/p>\n","protected":false},"featured_media":14222,"template":"","meta":{"_acf_changed":false},"product_brand":[2212],"product_cat":[2130,2171,2173,999,1055,448,302,1056,1061],"product_tag":[1869,1870,1866],"class_list":{"0":"post-14675","1":"product","2":"type-product","3":"status-publish","4":"has-post-thumbnail","6":"product_brand-wunderfit","7":"product_cat-accessoires-damen-herren","8":"product_cat-accessoires-damen-herren-rehabilitation-und-gesundheit","9":"product_cat-accessoires-damen-herren-knie-gelenk-armschoner","10":"product_cat-herren","11":"product_cat-herren-rehabilitation-und-gesundheit","12":"product_cat-herren-knie-handgelenk-knoechelschoner","13":"product_cat-damen","14":"product_cat-damen-rehabilitation-und-gesundheit","15":"product_cat-damen-knie-gelenk-armschoner","16":"product_tag-merinowolle-schoner","17":"product_tag-merinowolle-waermer","18":"product_tag-schoner","20":"first","21":"instock","22":"sale","23":"shipping-taxable","24":"purchasable","25":"product-type-variable","26":"has-default-attributes","27":"wvs-archive-product-wrapper"},"acf":[],"_links":{"self":[{"href":"https:\/\/www.wundersocks.com\/de\/wp-json\/wp\/v2\/product\/14675","targetHints":{"allow":["GET"]}}],"collection":[{"href":"https:\/\/www.wundersocks.com\/de\/wp-json\/wp\/v2\/product"}],"about":[{"href":"https:\/\/www.wundersocks.com\/de\/wp-json\/wp\/v2\/types\/product"}],"wp:featuredmedia":[{"embeddable":true,"href":"https:\/\/www.wundersocks.com\/de\/wp-json\/wp\/v2\/media\/14222"}],"wp:attachment":[{"href":"https:\/\/www.wundersocks.com\/de\/wp-json\/wp\/v2\/media?parent=14675"}],"wp:term":[{"taxonomy":"product_brand","embeddable":true,"href":"https:\/\/www.wundersocks.com\/de\/wp-json\/wp\/v2\/product_brand?post=14675"},{"taxonomy":"product_cat","embeddable":true,"href":"https:\/\/www.wundersocks.com\/de\/wp-json\/wp\/v2\/product_cat?post=14675"},{"taxonomy":"product_tag","embeddable":true,"href":"https:\/\/www.wundersocks.com\/de\/wp-json\/wp\/v2\/product_tag?post=14675"}],"curies":[{"name":"wp","href":"https:\/\/api.w.org\/{rel}","templated":true}]}}