{"id":14661,"date":"2023-08-19T14:54:52","date_gmt":"2023-08-19T12:54:52","guid":{"rendered":"https:\/\/www.wundersocks.com\/product\/handgelenkschoner-aus-merinowolle-2\/"},"modified":"2026-03-06T13:10:25","modified_gmt":"2026-03-06T12:10:25","slug":"handgelenkschoner-aus-merinowolle-2","status":"publish","type":"product","link":"https:\/\/www.wundersocks.com\/de\/produkt\/handgelenkschoner-aus-merinowolle-2\/","title":{"rendered":"Handgelenkschoner aus Merinowolle (2 St.)"},"content":{"rendered":"<p>Entdecken Sie unsere Handgelenkschoner aus Merinowolle im praktischen 2er-Pack f\u00fcr doppelten Schutz. Hergestellt aus hochwertiger Merinowolle, bieten sie nat\u00fcrliche W\u00e4rme und Feuchtigkeitsregulierung f\u00fcr trockene und bequeme Handgelenke. Das weiche, ergonomische Design sorgt f\u00fcr eine perfekte Passform und Bewegungsfreiheit, egal ob Sie aktiv sind oder sich ausruhen. Perfekt f\u00fcr diejenigen, die Wert auf Qualit\u00e4t und Leistung legen, sind unsere Gelenkschoner aus Merinowolle unverzichtbar f\u00fcr jede Aktivit\u00e4t. G\u00f6nnen Sie Ihren Handgelenken das Beste mit unserem 2er-Pack Handgelenkschoner aus Merinowolle!<\/p>\n","protected":false},"excerpt":{"rendered":"<p>Entdecken Sie unsere Handgelenkschoner aus Merinowolle im praktischen 2er-Pack f\u00fcr doppelten Schutz. Hergestellt aus hochwertiger Merinowolle, bieten sie nat\u00fcrliche W\u00e4rme und Feuchtigkeitsregulierung f\u00fcr trockene und bequeme Handgelenke. Das weiche, ergonomische Design sorgt f\u00fcr eine perfekte Passform und Bewegungsfreiheit, egal ob Sie aktiv sind oder sich ausruhen. Perfekt f\u00fcr diejenigen, die Wert auf Qualit\u00e4t und Leistung [&hellip;]<\/p>\n","protected":false},"featured_media":8252,"template":"","meta":{"_acf_changed":false},"product_brand":[2212],"product_cat":[2130,302,999,1061,2173,448,1056,2171,1055],"product_tag":[1869,1870,1866],"class_list":{"0":"post-14661","1":"product","2":"type-product","3":"status-publish","4":"has-post-thumbnail","6":"product_brand-wunderfit","7":"product_cat-accessoires-damen-herren","8":"product_cat-damen","9":"product_cat-herren","10":"product_cat-damen-knie-gelenk-armschoner","11":"product_cat-accessoires-damen-herren-knie-gelenk-armschoner","12":"product_cat-herren-knie-handgelenk-knoechelschoner","13":"product_cat-damen-rehabilitation-und-gesundheit","14":"product_cat-accessoires-damen-herren-rehabilitation-und-gesundheit","15":"product_cat-herren-rehabilitation-und-gesundheit","16":"product_tag-merinowolle-schoner","17":"product_tag-merinowolle-waermer","18":"product_tag-schoner","20":"first","21":"outofstock","22":"sale","23":"shipping-taxable","24":"purchasable","25":"product-type-variable","26":"has-default-attributes","27":"wvs-archive-product-wrapper"},"acf":[],"_links":{"self":[{"href":"https:\/\/www.wundersocks.com\/de\/wp-json\/wp\/v2\/product\/14661","targetHints":{"allow":["GET"]}}],"collection":[{"href":"https:\/\/www.wundersocks.com\/de\/wp-json\/wp\/v2\/product"}],"about":[{"href":"https:\/\/www.wundersocks.com\/de\/wp-json\/wp\/v2\/types\/product"}],"wp:featuredmedia":[{"embeddable":true,"href":"https:\/\/www.wundersocks.com\/de\/wp-json\/wp\/v2\/media\/8252"}],"wp:attachment":[{"href":"https:\/\/www.wundersocks.com\/de\/wp-json\/wp\/v2\/media?parent=14661"}],"wp:term":[{"taxonomy":"product_brand","embeddable":true,"href":"https:\/\/www.wundersocks.com\/de\/wp-json\/wp\/v2\/product_brand?post=14661"},{"taxonomy":"product_cat","embeddable":true,"href":"https:\/\/www.wundersocks.com\/de\/wp-json\/wp\/v2\/product_cat?post=14661"},{"taxonomy":"product_tag","embeddable":true,"href":"https:\/\/www.wundersocks.com\/de\/wp-json\/wp\/v2\/product_tag?post=14661"}],"curies":[{"name":"wp","href":"https:\/\/api.w.org\/{rel}","templated":true}]}}