{"id":14657,"date":"2023-08-19T14:35:32","date_gmt":"2023-08-19T12:35:32","guid":{"rendered":"https:\/\/www.wundersocks.com\/product\/handschoner-aus-merinowolle-fingerlos\/"},"modified":"2026-03-06T12:56:20","modified_gmt":"2026-03-06T11:56:20","slug":"handschoner-aus-merinowolle-fingerlos","status":"publish","type":"product","link":"https:\/\/www.wundersocks.com\/de\/produkt\/handschoner-aus-merinowolle-fingerlos\/","title":{"rendered":"Handschoner aus Merinowolle (1 St.)"},"content":{"rendered":"<p>Unsere Merinowoll-Handschoner bieten ultimativen Schutz und Komfort f\u00fcr Ihre H\u00e4nde. Hergestellt aus hochwertiger Merinowolle, halten sie Ihre H\u00e4nde warm und trocken, w\u00e4hrend sie Feuchtigkeit ableiten, um Komfort bei jedem Einsatz zu gew\u00e4hrleisten. Die weiche, ergonomische Passform sorgt f\u00fcr angenehmes Tragegef\u00fchl und Bewegungsfreiheit. Egal, ob Sie aktiv sind oder sich ausruhen, unsere Merinowoll-Handschoner sind die perfekte Wahl f\u00fcr jeden, der Wert auf Qualit\u00e4t und Leistung legt. G\u00f6nnen Sie sich das Beste f\u00fcr Ihre H\u00e4nde mit unseren Merinowoll-Handschonern!<\/p>\n","protected":false},"excerpt":{"rendered":"<p>Unsere Merinowoll-Handschoner bieten ultimativen Schutz und Komfort f\u00fcr Ihre H\u00e4nde. Hergestellt aus hochwertiger Merinowolle, halten sie Ihre H\u00e4nde warm und trocken, w\u00e4hrend sie Feuchtigkeit ableiten, um Komfort bei jedem Einsatz zu gew\u00e4hrleisten. Die weiche, ergonomische Passform sorgt f\u00fcr angenehmes Tragegef\u00fchl und Bewegungsfreiheit. Egal, ob Sie aktiv sind oder sich ausruhen, unsere Merinowoll-Handschoner sind die perfekte [&hellip;]<\/p>\n","protected":false},"featured_media":8258,"template":"","meta":{"_acf_changed":false},"product_brand":[2212],"product_cat":[2130,302,999,2173,1061,448,1055,1056,2171],"product_tag":[1869,1870,1866],"class_list":{"0":"post-14657","1":"product","2":"type-product","3":"status-publish","4":"has-post-thumbnail","6":"product_brand-wunderfit","7":"product_cat-accessoires-damen-herren","8":"product_cat-damen","9":"product_cat-herren","10":"product_cat-accessoires-damen-herren-knie-gelenk-armschoner","11":"product_cat-damen-knie-gelenk-armschoner","12":"product_cat-herren-knie-handgelenk-knoechelschoner","13":"product_cat-herren-rehabilitation-und-gesundheit","14":"product_cat-damen-rehabilitation-und-gesundheit","15":"product_cat-accessoires-damen-herren-rehabilitation-und-gesundheit","16":"product_tag-merinowolle-schoner","17":"product_tag-merinowolle-waermer","18":"product_tag-schoner","20":"first","21":"instock","22":"shipping-taxable","23":"purchasable","24":"product-type-variable","25":"has-default-attributes","26":"wvs-archive-product-wrapper"},"acf":[],"_links":{"self":[{"href":"https:\/\/www.wundersocks.com\/de\/wp-json\/wp\/v2\/product\/14657","targetHints":{"allow":["GET"]}}],"collection":[{"href":"https:\/\/www.wundersocks.com\/de\/wp-json\/wp\/v2\/product"}],"about":[{"href":"https:\/\/www.wundersocks.com\/de\/wp-json\/wp\/v2\/types\/product"}],"wp:featuredmedia":[{"embeddable":true,"href":"https:\/\/www.wundersocks.com\/de\/wp-json\/wp\/v2\/media\/8258"}],"wp:attachment":[{"href":"https:\/\/www.wundersocks.com\/de\/wp-json\/wp\/v2\/media?parent=14657"}],"wp:term":[{"taxonomy":"product_brand","embeddable":true,"href":"https:\/\/www.wundersocks.com\/de\/wp-json\/wp\/v2\/product_brand?post=14657"},{"taxonomy":"product_cat","embeddable":true,"href":"https:\/\/www.wundersocks.com\/de\/wp-json\/wp\/v2\/product_cat?post=14657"},{"taxonomy":"product_tag","embeddable":true,"href":"https:\/\/www.wundersocks.com\/de\/wp-json\/wp\/v2\/product_tag?post=14657"}],"curies":[{"name":"wp","href":"https:\/\/api.w.org\/{rel}","templated":true}]}}