{"id":14580,"date":"2023-08-10T17:11:11","date_gmt":"2023-08-10T15:11:11","guid":{"rendered":"https:\/\/www.wundersocks.com\/product\/warme-skisocken-fur-kinder\/"},"modified":"2026-03-03T13:31:45","modified_gmt":"2026-03-03T12:31:45","slug":"alp-kid","status":"publish","type":"product","link":"https:\/\/www.wundersocks.com\/de\/produkt\/alp-kid\/","title":{"rendered":"Warme Skisocken f\u00fcr Kinder"},"content":{"rendered":"<p>Diese gepolsterten Merinowoll-Socken f\u00fcr Kinder sind extra warm, weich und bieten zus\u00e4tzliche Polsterung an Waden und Schienbein. Unsere spezielle Merinowoll-Mischung verhindert Blasen, Reibung und Schwei\u00dfbildung. Perfekt als Wintersocken gegen kalte F\u00fc\u00dfe.<\/p>\n","protected":false},"excerpt":{"rendered":"<p>Diese gepolsterten Merinowoll-Socken f\u00fcr Kinder sind extra warm, weich und bieten zus\u00e4tzliche Polsterung an Waden und Schienbein. Unsere spezielle Merinowoll-Mischung verhindert Blasen, Reibung und Schwei\u00dfbildung. Perfekt als Wintersocken gegen kalte F\u00fc\u00dfe.<\/p>\n","protected":false},"featured_media":5367,"template":"","meta":{"_acf_changed":false},"product_brand":[],"product_cat":[418,935,939,1160,941,945],"product_tag":[1039,1041,1042,1040,1038,1043,1044],"class_list":{"0":"post-14580","1":"product","2":"type-product","3":"status-publish","4":"has-post-thumbnail","6":"product_cat-kinder","7":"product_cat-kindersocken-nach-aktivitaet","8":"product_cat-kindersocken-ski-und-snowboard","9":"product_cat-kindersocken-wandersocken","10":"product_cat-kindersocken-nach-laenge","11":"product_cat-kindersocken-wade","12":"product_tag-jungs","13":"product_tag-kinder-de","14":"product_tag-kinder-de-2","15":"product_tag-kinder","16":"product_tag-madchen","17":"product_tag-skifahren","18":"product_tag-skifahren-de","20":"first","21":"instock","22":"shipping-taxable","23":"purchasable","24":"product-type-variable","25":"has-default-attributes","26":"wvs-archive-product-wrapper"},"acf":[],"_links":{"self":[{"href":"https:\/\/www.wundersocks.com\/de\/wp-json\/wp\/v2\/product\/14580","targetHints":{"allow":["GET"]}}],"collection":[{"href":"https:\/\/www.wundersocks.com\/de\/wp-json\/wp\/v2\/product"}],"about":[{"href":"https:\/\/www.wundersocks.com\/de\/wp-json\/wp\/v2\/types\/product"}],"wp:featuredmedia":[{"embeddable":true,"href":"https:\/\/www.wundersocks.com\/de\/wp-json\/wp\/v2\/media\/5367"}],"wp:attachment":[{"href":"https:\/\/www.wundersocks.com\/de\/wp-json\/wp\/v2\/media?parent=14580"}],"wp:term":[{"taxonomy":"product_brand","embeddable":true,"href":"https:\/\/www.wundersocks.com\/de\/wp-json\/wp\/v2\/product_brand?post=14580"},{"taxonomy":"product_cat","embeddable":true,"href":"https:\/\/www.wundersocks.com\/de\/wp-json\/wp\/v2\/product_cat?post=14580"},{"taxonomy":"product_tag","embeddable":true,"href":"https:\/\/www.wundersocks.com\/de\/wp-json\/wp\/v2\/product_tag?post=14580"}],"curies":[{"name":"wp","href":"https:\/\/api.w.org\/{rel}","templated":true}]}}