{"id":14542,"date":"2023-10-16T13:45:15","date_gmt":"2023-10-16T11:45:15","guid":{"rendered":"https:\/\/www.wundersocks.com\/product\/kindersocken-aus-merinowolle-multipack-4\/"},"modified":"2026-05-05T15:42:16","modified_gmt":"2026-05-05T13:42:16","slug":"merinowollsocken-fuer-kinder-go-kid-4-pack","status":"publish","type":"product","link":"https:\/\/www.wundersocks.com\/de\/produkt\/merinowollsocken-fuer-kinder-go-kid-4-pack\/","title":{"rendered":"Bunte Merinowollsocken f\u00fcr Kinder Go Kid 4-Pack"},"content":{"rendered":"<p>Entdecken Sie unseren praktischen 4er-Pack d\u00fcnner, bunter Merinowollsocken f\u00fcr Kinder, die den ganzen Tag aktiv sind. Diese Socken bieten nicht nur ein fr\u00f6hliches Farbdesign, sondern auch eine erstklassige Merino wollmischung, die atmungsaktiv ist, Ihre Kinder warm h\u00e4lt und Feuchtigkeit ableitet.<\/p>\n","protected":false},"excerpt":{"rendered":"<p>Entdecken Sie unseren praktischen 4er-Pack d\u00fcnner, bunter Merinowollsocken f\u00fcr Kinder, die den ganzen Tag aktiv sind. Diese Socken bieten nicht nur ein fr\u00f6hliches Farbdesign, sondern auch eine erstklassige Merino wollmischung, die atmungsaktiv ist, Ihre Kinder warm h\u00e4lt und Feuchtigkeit ableitet.<\/p>\n","protected":false},"featured_media":6863,"template":"","meta":{"_acf_changed":false},"product_brand":[],"product_cat":[937,418,943,935,941,1160],"product_tag":[1039,1040,1041,1038,1601],"class_list":{"0":"post-14542","1":"product","2":"type-product","3":"status-publish","4":"has-post-thumbnail","6":"product_cat-kindersocken-alltag","7":"product_cat-kinder","8":"product_cat-kindersocken-knoechel","9":"product_cat-kindersocken-nach-aktivitaet","10":"product_cat-kindersocken-nach-laenge","11":"product_cat-kindersocken-wandersocken","12":"product_tag-jungs","13":"product_tag-kinder","14":"product_tag-kinder-de","15":"product_tag-madchen","16":"product_tag-schulausflug","18":"first","19":"instock","20":"sale","21":"shipping-taxable","22":"purchasable","23":"product-type-variable","24":"has-default-attributes","25":"wvs-archive-product-wrapper"},"acf":[],"_links":{"self":[{"href":"https:\/\/www.wundersocks.com\/de\/wp-json\/wp\/v2\/product\/14542","targetHints":{"allow":["GET"]}}],"collection":[{"href":"https:\/\/www.wundersocks.com\/de\/wp-json\/wp\/v2\/product"}],"about":[{"href":"https:\/\/www.wundersocks.com\/de\/wp-json\/wp\/v2\/types\/product"}],"wp:featuredmedia":[{"embeddable":true,"href":"https:\/\/www.wundersocks.com\/de\/wp-json\/wp\/v2\/media\/6863"}],"wp:attachment":[{"href":"https:\/\/www.wundersocks.com\/de\/wp-json\/wp\/v2\/media?parent=14542"}],"wp:term":[{"taxonomy":"product_brand","embeddable":true,"href":"https:\/\/www.wundersocks.com\/de\/wp-json\/wp\/v2\/product_brand?post=14542"},{"taxonomy":"product_cat","embeddable":true,"href":"https:\/\/www.wundersocks.com\/de\/wp-json\/wp\/v2\/product_cat?post=14542"},{"taxonomy":"product_tag","embeddable":true,"href":"https:\/\/www.wundersocks.com\/de\/wp-json\/wp\/v2\/product_tag?post=14542"}],"curies":[{"name":"wp","href":"https:\/\/api.w.org\/{rel}","templated":true}]}}