{"id":14483,"date":"2023-10-16T13:45:21","date_gmt":"2023-10-16T11:45:21","guid":{"rendered":"https:\/\/www.wundersocks.com\/product\/skisocken-fuer-kinder-zum-skifahren-4-pack\/"},"modified":"2026-01-21T20:26:10","modified_gmt":"2026-01-21T19:26:10","slug":"skisocken-fuer-kinder-zum-skifahren-4-pack","status":"publish","type":"product","link":"https:\/\/www.wundersocks.com\/de\/produkt\/skisocken-fuer-kinder-zum-skifahren-4-pack\/","title":{"rendered":"Skisocken f\u00fcr Kinder aus Merinowolle 4-Pack"},"content":{"rendered":"<p>Halten Sie die F\u00fc\u00dfe Ihrer Kinder warm und bequem bei all ihren Winterabenteuern mit unserem 4er-Pack Merinowoll-Kindersocken. Perfekt f\u00fcr Skifahren, Winterwanderungen und Outdoor-Spiele, sind diese Socken aus hochwertiger Merinowolle in Italien hergestellt. Sie bieten extra Polsterung f\u00fcr zus\u00e4tzliche W\u00e4rme und Komfort, sodass die F\u00fc\u00dfe Ihrer Kinder auch bei den k\u00e4ltesten Bedingungen gem\u00fctlich bleiben. Diese Socken sind langlebig und bieten hervorragende Leistung \u2013 ein Muss f\u00fcr jede Wintergarderobe.<\/p>\n","protected":false},"excerpt":{"rendered":"<p>Halten Sie die F\u00fc\u00dfe Ihrer Kinder warm und bequem bei all ihren Winterabenteuern mit unserem 4er-Pack Merinowoll-Kindersocken. Perfekt f\u00fcr Skifahren, Winterwanderungen und Outdoor-Spiele, sind diese Socken aus hochwertiger Merinowolle in Italien hergestellt. Sie bieten extra Polsterung f\u00fcr zus\u00e4tzliche W\u00e4rme und Komfort, sodass die F\u00fc\u00dfe Ihrer Kinder auch bei den k\u00e4ltesten Bedingungen gem\u00fctlich bleiben. Diese Socken [&hellip;]<\/p>\n","protected":false},"featured_media":6836,"template":"","meta":{"_acf_changed":false},"product_brand":[],"product_cat":[418,935,939,1160,941,945],"product_tag":[1039,1042,1040,1041,1038,1043,1044],"class_list":{"0":"post-14483","1":"product","2":"type-product","3":"status-publish","4":"has-post-thumbnail","6":"product_cat-kinder","7":"product_cat-kindersocken-nach-aktivitaet","8":"product_cat-kindersocken-ski-und-snowboard","9":"product_cat-kindersocken-wandersocken","10":"product_cat-kindersocken-nach-laenge","11":"product_cat-kindersocken-wade","12":"product_tag-jungs","13":"product_tag-kinder-de-2","14":"product_tag-kinder","15":"product_tag-kinder-de","16":"product_tag-madchen","17":"product_tag-skifahren","18":"product_tag-skifahren-de","20":"first","21":"instock","22":"sale","23":"shipping-taxable","24":"purchasable","25":"product-type-variable","26":"has-default-attributes","27":"wvs-archive-product-wrapper"},"acf":[],"_links":{"self":[{"href":"https:\/\/www.wundersocks.com\/de\/wp-json\/wp\/v2\/product\/14483","targetHints":{"allow":["GET"]}}],"collection":[{"href":"https:\/\/www.wundersocks.com\/de\/wp-json\/wp\/v2\/product"}],"about":[{"href":"https:\/\/www.wundersocks.com\/de\/wp-json\/wp\/v2\/types\/product"}],"wp:featuredmedia":[{"embeddable":true,"href":"https:\/\/www.wundersocks.com\/de\/wp-json\/wp\/v2\/media\/6836"}],"wp:attachment":[{"href":"https:\/\/www.wundersocks.com\/de\/wp-json\/wp\/v2\/media?parent=14483"}],"wp:term":[{"taxonomy":"product_brand","embeddable":true,"href":"https:\/\/www.wundersocks.com\/de\/wp-json\/wp\/v2\/product_brand?post=14483"},{"taxonomy":"product_cat","embeddable":true,"href":"https:\/\/www.wundersocks.com\/de\/wp-json\/wp\/v2\/product_cat?post=14483"},{"taxonomy":"product_tag","embeddable":true,"href":"https:\/\/www.wundersocks.com\/de\/wp-json\/wp\/v2\/product_tag?post=14483"}],"curies":[{"name":"wp","href":"https:\/\/api.w.org\/{rel}","templated":true}]}}