{"id":14440,"date":"2023-10-16T13:45:26","date_gmt":"2023-10-16T11:45:26","guid":{"rendered":"https:\/\/www.wundersocks.com\/product\/knochelsocken-fuer-sport-und-freizeit-8-pack\/"},"modified":"2026-05-05T10:13:28","modified_gmt":"2026-05-05T08:13:28","slug":"duenne-knoechelsocken-8-pack","status":"publish","type":"product","link":"https:\/\/www.wundersocks.com\/de\/produkt\/duenne-knoechelsocken-8-pack\/","title":{"rendered":"D\u00fcnne Kn\u00f6chelsocken f\u00fcr Sport und Freizeit 8-Pack"},"content":{"rendered":"<p>Erh\u00f6hen Sie Ihren t\u00e4glichen Komfort mit unseren sehr d\u00fcnnen Kn\u00f6chelsocken aus d\u00fcnner Merinowolle, die in einem gro\u00dfz\u00fcgigen 8er-Pack erh\u00e4ltlich sind. Diese Kn\u00f6chelsocken sind aus hochwertiger, sehr d\u00fcnner Merinowolle gefertigt und bieten au\u00dfergew\u00f6hnliche Atmungsaktivit\u00e4t und Weichheit f\u00fcr den ganzen Tag. Die nat\u00fcrlichen feuchtigkeitsableitenden und temperaturregulierenden Eigenschaften der Merinowolle sorgen daf\u00fcr, dass Ihre F\u00fc\u00dfe im Sommer k\u00fchl und im Winter warm bleiben, was sie perfekt f\u00fcr jede Jahreszeit macht.<\/p>\n","protected":false},"excerpt":{"rendered":"<p>Erh\u00f6hen Sie Ihren t\u00e4glichen Komfort mit unseren sehr d\u00fcnnen Kn\u00f6chelsocken aus d\u00fcnner Merinowolle, die in einem gro\u00dfz\u00fcgigen 8er-Pack erh\u00e4ltlich sind. Diese Kn\u00f6chelsocken sind aus hochwertiger, sehr d\u00fcnner Merinowolle gefertigt und bieten au\u00dfergew\u00f6hnliche Atmungsaktivit\u00e4t und Weichheit f\u00fcr den ganzen Tag. Die nat\u00fcrlichen feuchtigkeitsableitenden und temperaturregulierenden Eigenschaften der Merinowolle sorgen daf\u00fcr, dass Ihre F\u00fc\u00dfe im Sommer k\u00fchl [&hellip;]<\/p>\n","protected":false},"featured_media":6732,"template":"","meta":{"_acf_changed":false},"product_brand":[],"product_cat":[61,422,302,2114,2116,999,706,432,35,420,36,421,1184,1185],"product_tag":[1130,1098,1952],"class_list":{"0":"post-14440","1":"product","2":"type-product","3":"status-publish","4":"has-post-thumbnail","6":"product_cat-herren-alltagssocken","7":"product_cat-damen-alltagssocken","8":"product_cat-damen","9":"product_cat-herren-golf-socken","10":"product_cat-damen-golf-socken","11":"product_cat-herren","12":"product_cat-herren-knoechelsocken","13":"product_cat-damen-knoechelsocken","14":"product_cat-herren-socken-nach-aktivitaet","15":"product_cat-damen-socken-nach-aktivitaet","16":"product_cat-herren-socken-nach-laenge","17":"product_cat-damen-socken-nach-laenge","18":"product_cat-herren-valentinstag-geschenkideen","19":"product_cat-damen-valentinstag-geschenkideen","20":"product_tag-alltag","21":"product_tag-duenne-socken","22":"product_tag-radfahren","24":"first","25":"instock","26":"sale","27":"shipping-taxable","28":"purchasable","29":"product-type-variable","30":"has-default-attributes","31":"wvs-archive-product-wrapper"},"acf":[],"_links":{"self":[{"href":"https:\/\/www.wundersocks.com\/de\/wp-json\/wp\/v2\/product\/14440","targetHints":{"allow":["GET"]}}],"collection":[{"href":"https:\/\/www.wundersocks.com\/de\/wp-json\/wp\/v2\/product"}],"about":[{"href":"https:\/\/www.wundersocks.com\/de\/wp-json\/wp\/v2\/types\/product"}],"wp:featuredmedia":[{"embeddable":true,"href":"https:\/\/www.wundersocks.com\/de\/wp-json\/wp\/v2\/media\/6732"}],"wp:attachment":[{"href":"https:\/\/www.wundersocks.com\/de\/wp-json\/wp\/v2\/media?parent=14440"}],"wp:term":[{"taxonomy":"product_brand","embeddable":true,"href":"https:\/\/www.wundersocks.com\/de\/wp-json\/wp\/v2\/product_brand?post=14440"},{"taxonomy":"product_cat","embeddable":true,"href":"https:\/\/www.wundersocks.com\/de\/wp-json\/wp\/v2\/product_cat?post=14440"},{"taxonomy":"product_tag","embeddable":true,"href":"https:\/\/www.wundersocks.com\/de\/wp-json\/wp\/v2\/product_tag?post=14440"}],"curies":[{"name":"wp","href":"https:\/\/api.w.org\/{rel}","templated":true}]}}