{"id":13934,"date":"2023-08-09T00:04:48","date_gmt":"2023-08-08T22:04:48","guid":{"rendered":"https:\/\/www.wundersocks.com\/product\/skinners-2-0-sockenschuhe-barfussschuhe\/"},"modified":"2026-05-04T23:30:13","modified_gmt":"2026-05-04T21:30:13","slug":"skinners-2-0-sockenschuhe-barfussschuhe","status":"publish","type":"product","link":"https:\/\/www.wundersocks.com\/de\/produkt\/skinners-2-0-sockenschuhe-barfussschuhe\/","title":{"rendered":"Skinners 2.0 Sockenschuhe Barfu\u00dfschuhe"},"content":{"rendered":"<p>Skinners 2.0 sind die n\u00e4chste Generation der bekannten Skinners Barfu\u00dfschuhe. Die neue Ausf\u00fchrung kommt mit einer zus\u00e4tzlichen, herausnehmbaren Einlegesohle, die erg\u00e4nzenden Schutz vor spitzen und scharfen Untergr\u00fcnden bietet. Skinners 2.0 Barfu\u00dfschuhe kommen mit einer breiteren Zehenbox, welche mehr Platz und Komfort bietet. Der neue Fasermix sorgt f\u00fcr ein verbessertes Fu\u00dfklima und beugt Hitzestau und Schwei\u00df vor.<\/p>\n","protected":false},"excerpt":{"rendered":"<p>Skinners 2.0 sind die n\u00e4chste Generation der bekannten Skinners Barfu\u00dfschuhe. Die neue Ausf\u00fchrung kommt mit einer zus\u00e4tzlichen, herausnehmbaren Einlegesohle, die erg\u00e4nzenden Schutz vor spitzen und scharfen Untergr\u00fcnden bietet. Skinners 2.0 Barfu\u00dfschuhe kommen mit einer breiteren Zehenbox, welche mehr Platz und Komfort bietet. Der neue Fasermix sorgt f\u00fcr ein verbessertes Fu\u00dfklima und beugt Hitzestau und Schwei\u00df [&hellip;]<\/p>\n","protected":false},"featured_media":6104,"template":"","meta":{"_acf_changed":false},"product_brand":[],"product_cat":[304,55,302,999,1964,303,42,320,56,1184,1185],"product_tag":[1591,1610,1655,1592],"class_list":{"0":"post-13934","1":"product","2":"type-product","3":"status-publish","4":"has-post-thumbnail","6":"product_cat-barfusschuhe","7":"product_cat-herren-barfussschuhe","8":"product_cat-damen","9":"product_cat-herren","10":"product_cat-muttertagsgeschenke","11":"product_cat-schuhe-und-einlagen","12":"product_cat-herren-schuhe-und-einlagen","13":"product_cat-damen-skinners-sockenschuhe","14":"product_cat-herren-skinners-sockenschuhe","15":"product_cat-herren-valentinstag-geschenkideen","16":"product_cat-damen-valentinstag-geschenkideen","17":"product_tag-barfuss","18":"product_tag-fitnessschuhe-de","19":"product_tag-schuhe","20":"product_tag-strandschuhe-de","22":"first","23":"instock","24":"shipping-taxable","25":"purchasable","26":"product-type-variable","27":"has-default-attributes","28":"wvs-archive-product-wrapper"},"acf":[],"_links":{"self":[{"href":"https:\/\/www.wundersocks.com\/de\/wp-json\/wp\/v2\/product\/13934","targetHints":{"allow":["GET"]}}],"collection":[{"href":"https:\/\/www.wundersocks.com\/de\/wp-json\/wp\/v2\/product"}],"about":[{"href":"https:\/\/www.wundersocks.com\/de\/wp-json\/wp\/v2\/types\/product"}],"wp:featuredmedia":[{"embeddable":true,"href":"https:\/\/www.wundersocks.com\/de\/wp-json\/wp\/v2\/media\/6104"}],"wp:attachment":[{"href":"https:\/\/www.wundersocks.com\/de\/wp-json\/wp\/v2\/media?parent=13934"}],"wp:term":[{"taxonomy":"product_brand","embeddable":true,"href":"https:\/\/www.wundersocks.com\/de\/wp-json\/wp\/v2\/product_brand?post=13934"},{"taxonomy":"product_cat","embeddable":true,"href":"https:\/\/www.wundersocks.com\/de\/wp-json\/wp\/v2\/product_cat?post=13934"},{"taxonomy":"product_tag","embeddable":true,"href":"https:\/\/www.wundersocks.com\/de\/wp-json\/wp\/v2\/product_tag?post=13934"}],"curies":[{"name":"wp","href":"https:\/\/api.w.org\/{rel}","templated":true}]}}