{"id":12771,"date":"2023-08-19T14:04:14","date_gmt":"2023-08-19T12:04:14","guid":{"rendered":"https:\/\/www.wundersocks.com\/product\/merinowolle-nackenwaermer\/"},"modified":"2026-02-25T13:27:02","modified_gmt":"2026-02-25T12:27:02","slug":"merino-loop-halswaermer-merinowolle-nackenwaermer","status":"publish","type":"product","link":"https:\/\/www.wundersocks.com\/de\/produkt\/merino-loop-halswaermer-merinowolle-nackenwaermer\/","title":{"rendered":"Wunderfit Merino LOOP Halsw\u00e4rmer aus 100% Merinowolle"},"content":{"rendered":"<p>Der Merino Loop zeichnet sich nicht nur durch seine Funktionalit\u00e4t, sondern auch durch seinen Stil aus. Sein elegantes Unisex-Design sorgt daf\u00fcr, dass sowohl M\u00e4nner als auch Frauen die Vorteile dieses Winterwunders genie\u00dfen k\u00f6nnen. St\u00fcrzen Sie sich in Ihre Outdoor-Abenteuer, begeben Sie sich auf die Piste oder nehmen Sie einfach den t\u00e4glichen Trubel mit gr\u00f6\u00dfter Selbstsicherheit und Raffinesse in Angriff. Der Merino Loop l\u00e4sst sich m\u00fchelos zu jedem Outfit kombinieren, ohne dabei Kompromisse beim Komfort einzugehen.<\/p>\n","protected":false},"excerpt":{"rendered":"<p>Der Merino Loop zeichnet sich nicht nur durch seine Funktionalit\u00e4t, sondern auch durch seinen Stil aus. Sein elegantes Unisex-Design sorgt daf\u00fcr, dass sowohl M\u00e4nner als auch Frauen die Vorteile dieses Winterwunders genie\u00dfen k\u00f6nnen. St\u00fcrzen Sie sich in Ihre Outdoor-Abenteuer, begeben Sie sich auf die Piste oder nehmen Sie einfach den t\u00e4glichen Trubel mit gr\u00f6\u00dfter Selbstsicherheit [&hellip;]<\/p>\n","protected":false},"featured_media":7962,"template":"","meta":{"_acf_changed":false},"product_brand":[2212],"product_cat":[2130,2156,999,41,1994,447,302,436,1995,441],"product_tag":[1582,1859,1576,1861],"class_list":{"0":"post-12771","1":"product","2":"type-product","3":"status-publish","4":"has-post-thumbnail","6":"product_brand-wunderfit","7":"product_cat-accessoires-damen-herren","8":"product_cat-accessoires-damen-herren-muetzen","9":"product_cat-herren","10":"product_cat-herren-merino-bekleidung","11":"product_cat-herren-accessoires-und-muetzen","12":"product_cat-herren-loops-und-halswaermer","13":"product_cat-damen","14":"product_cat-damen-merino-bekleidung","15":"product_cat-damen-accessoires-und-muetzen","16":"product_cat-damen-loops-und-halswaermer","17":"product_tag-laufen","18":"product_tag-merinowolle","19":"product_tag-ciclismo","20":"product_tag-unisex-de","22":"first","23":"outofstock","24":"shipping-taxable","25":"purchasable","26":"product-type-variable","27":"has-default-attributes","28":"wvs-archive-product-wrapper"},"acf":[],"_links":{"self":[{"href":"https:\/\/www.wundersocks.com\/de\/wp-json\/wp\/v2\/product\/12771","targetHints":{"allow":["GET"]}}],"collection":[{"href":"https:\/\/www.wundersocks.com\/de\/wp-json\/wp\/v2\/product"}],"about":[{"href":"https:\/\/www.wundersocks.com\/de\/wp-json\/wp\/v2\/types\/product"}],"wp:featuredmedia":[{"embeddable":true,"href":"https:\/\/www.wundersocks.com\/de\/wp-json\/wp\/v2\/media\/7962"}],"wp:attachment":[{"href":"https:\/\/www.wundersocks.com\/de\/wp-json\/wp\/v2\/media?parent=12771"}],"wp:term":[{"taxonomy":"product_brand","embeddable":true,"href":"https:\/\/www.wundersocks.com\/de\/wp-json\/wp\/v2\/product_brand?post=12771"},{"taxonomy":"product_cat","embeddable":true,"href":"https:\/\/www.wundersocks.com\/de\/wp-json\/wp\/v2\/product_cat?post=12771"},{"taxonomy":"product_tag","embeddable":true,"href":"https:\/\/www.wundersocks.com\/de\/wp-json\/wp\/v2\/product_tag?post=12771"}],"curies":[{"name":"wp","href":"https:\/\/api.w.org\/{rel}","templated":true}]}}