{"id":12671,"date":"2023-08-17T16:51:55","date_gmt":"2023-08-17T14:51:55","guid":{"rendered":"https:\/\/www.wundersocks.com\/product\/merino-jogginghose-straight-leg-damen-sweathose-tetjana\/"},"modified":"2026-04-16T21:15:59","modified_gmt":"2026-04-16T19:15:59","slug":"merino-jogginghose-straight-leg-damen-sweathose-tetjana","status":"publish","type":"product","link":"https:\/\/www.wundersocks.com\/de\/produkt\/merino-jogginghose-straight-leg-damen-sweathose-tetjana\/","title":{"rendered":"Damen Ultrakomfortable Merino Jogginghose Tetjana"},"content":{"rendered":"<p>Unsere Damen Merino Jogginghose ist vielseitig einsetzbar. Sie wurden f\u00fcr Frauen entworfen, die Komfort und Stil in jedem Aspekt ihres Lebens zu sch\u00e4tzen wissen. Egal, ob Sie einen Tag im Freien verbringen, sich sportlich bet\u00e4tigen oder einfach nur Besorgungen machen, diese Jogginghosen bieten h\u00f6chsten Komfort und Flexibilit\u00e4t, damit Sie sich immer von Ihrer besten Seite zeigen k\u00f6nnen.<\/p>\n","protected":false},"excerpt":{"rendered":"<p>Unsere Damen Merino Jogginghose ist vielseitig einsetzbar. Sie wurden f\u00fcr Frauen entworfen, die Komfort und Stil in jedem Aspekt ihres Lebens zu sch\u00e4tzen wissen. Egal, ob Sie einen Tag im Freien verbringen, sich sportlich bet\u00e4tigen oder einfach nur Besorgungen machen, diese Jogginghosen bieten h\u00f6chsten Komfort und Flexibilit\u00e4t, damit Sie sich immer von Ihrer besten Seite [&hellip;]<\/p>\n","protected":false},"featured_media":7289,"template":"","meta":{"_acf_changed":false},"product_brand":[2212],"product_cat":[302,440,436],"product_tag":[1228,1617,1635,1638],"class_list":{"0":"post-12671","1":"product","2":"type-product","3":"status-publish","4":"has-post-thumbnail","6":"product_brand-wunderfit","7":"product_cat-damen","8":"product_cat-damen-hosen-und-leggings","9":"product_cat-damen-merino-bekleidung","10":"product_tag-jogginghose","11":"product_tag-jogginghose-de","12":"product_tag-merino-hose-de","13":"product_tag-merino-jogginghose","15":"first","16":"instock","17":"featured","18":"shipping-taxable","19":"purchasable","20":"product-type-variable","21":"has-default-attributes","22":"wvs-archive-product-wrapper"},"acf":[],"_links":{"self":[{"href":"https:\/\/www.wundersocks.com\/de\/wp-json\/wp\/v2\/product\/12671","targetHints":{"allow":["GET"]}}],"collection":[{"href":"https:\/\/www.wundersocks.com\/de\/wp-json\/wp\/v2\/product"}],"about":[{"href":"https:\/\/www.wundersocks.com\/de\/wp-json\/wp\/v2\/types\/product"}],"wp:featuredmedia":[{"embeddable":true,"href":"https:\/\/www.wundersocks.com\/de\/wp-json\/wp\/v2\/media\/7289"}],"wp:attachment":[{"href":"https:\/\/www.wundersocks.com\/de\/wp-json\/wp\/v2\/media?parent=12671"}],"wp:term":[{"taxonomy":"product_brand","embeddable":true,"href":"https:\/\/www.wundersocks.com\/de\/wp-json\/wp\/v2\/product_brand?post=12671"},{"taxonomy":"product_cat","embeddable":true,"href":"https:\/\/www.wundersocks.com\/de\/wp-json\/wp\/v2\/product_cat?post=12671"},{"taxonomy":"product_tag","embeddable":true,"href":"https:\/\/www.wundersocks.com\/de\/wp-json\/wp\/v2\/product_tag?post=12671"}],"curies":[{"name":"wp","href":"https:\/\/api.w.org\/{rel}","templated":true}]}}