{"id":12546,"date":"2023-08-18T03:46:13","date_gmt":"2023-08-18T01:46:13","guid":{"rendered":"https:\/\/www.wundersocks.com\/product\/damen-merino-zip-neck-langarmshirt-azila\/"},"modified":"2026-04-26T22:48:18","modified_gmt":"2026-04-26T20:48:18","slug":"damen-merino-zip-neck-langarmshirt-azila","status":"publish","type":"product","link":"https:\/\/www.wundersocks.com\/de\/produkt\/damen-merino-zip-neck-langarmshirt-azila\/","title":{"rendered":"Damen Merino Zip-Neck Langarmshirt Azila"},"content":{"rendered":"<p>Bleiben Sie warm und bequem, egal was der Tag bringt, mit diesem Merino Zip-Neck Longsleeve Shirt aus 100% Merinowolle! Dieses stylische Shirt ist perfekt f\u00fcr Sport und Freizeit, denn die 160g\/m2 mulesingfreie Merinowolle sorgt f\u00fcr ein angenehmes Tragegef\u00fchl. Der Kragen mit Rei\u00dfverschluss und die flachen N\u00e4hte sorgen daf\u00fcr, dass Sie sich nicht wundscheuern, wenn Sie das Shirt im Freien oder beim Sport tragen. Beginnen Sie Ihre Wintergarderobe mit diesem tollen Langarmshirt f\u00fcr Damen &#8211; perfekt f\u00fcr Tage in der Natur oder zum Faulenzen zu Hause. Stil, Komfort, Atmungsaktivit\u00e4t und Strapazierf\u00e4higkeit &#8211; alles in einem gro\u00dfartigen Kleidungsst\u00fcck vereint. Was kann man sich mehr w\u00fcnschen?<\/p>\n","protected":false},"excerpt":{"rendered":"<p>Bleiben Sie warm und bequem, egal was der Tag bringt, mit diesem Merino Zip-Neck Longsleeve Shirt aus 100% Merinowolle! Dieses stylische Shirt ist perfekt f\u00fcr Sport und Freizeit, denn die 160g\/m2 mulesingfreie Merinowolle sorgt f\u00fcr ein angenehmes Tragegef\u00fchl. Der Kragen mit Rei\u00dfverschluss und die flachen N\u00e4hte sorgen daf\u00fcr, dass Sie sich nicht wundscheuern, wenn Sie [&hellip;]<\/p>\n","protected":false},"featured_media":7418,"template":"","meta":{"_acf_changed":false},"product_brand":[],"product_cat":[302,2071,438,436],"product_tag":[1223,1633,1212,1170,1211],"class_list":{"0":"post-12546","1":"product","2":"type-product","3":"status-publish","4":"has-post-thumbnail","6":"product_cat-damen","7":"product_cat-damen-funktionswaesche-baselayer","8":"product_cat-damen-langarmshirts","9":"product_cat-damen-merino-bekleidung","10":"product_tag-base-layer-de","11":"product_tag-merinowolle-shirt","12":"product_tag-skifahren-de-2","13":"product_tag-skitouren","14":"product_tag-wintersport-de","16":"first","17":"instock","18":"featured","19":"shipping-taxable","20":"purchasable","21":"product-type-variable","22":"has-default-attributes","23":"wvs-archive-product-wrapper"},"acf":[],"_links":{"self":[{"href":"https:\/\/www.wundersocks.com\/de\/wp-json\/wp\/v2\/product\/12546","targetHints":{"allow":["GET"]}}],"collection":[{"href":"https:\/\/www.wundersocks.com\/de\/wp-json\/wp\/v2\/product"}],"about":[{"href":"https:\/\/www.wundersocks.com\/de\/wp-json\/wp\/v2\/types\/product"}],"wp:featuredmedia":[{"embeddable":true,"href":"https:\/\/www.wundersocks.com\/de\/wp-json\/wp\/v2\/media\/7418"}],"wp:attachment":[{"href":"https:\/\/www.wundersocks.com\/de\/wp-json\/wp\/v2\/media?parent=12546"}],"wp:term":[{"taxonomy":"product_brand","embeddable":true,"href":"https:\/\/www.wundersocks.com\/de\/wp-json\/wp\/v2\/product_brand?post=12546"},{"taxonomy":"product_cat","embeddable":true,"href":"https:\/\/www.wundersocks.com\/de\/wp-json\/wp\/v2\/product_cat?post=12546"},{"taxonomy":"product_tag","embeddable":true,"href":"https:\/\/www.wundersocks.com\/de\/wp-json\/wp\/v2\/product_tag?post=12546"}],"curies":[{"name":"wp","href":"https:\/\/api.w.org\/{rel}","templated":true}]}}