{"id":12532,"date":"2023-08-18T01:39:03","date_gmt":"2023-08-17T23:39:03","guid":{"rendered":"https:\/\/www.wundersocks.com\/product\/damen-tirol-t-shirt-tilda\/"},"modified":"2026-03-08T15:31:48","modified_gmt":"2026-03-08T14:31:48","slug":"damen-merino-tirol-t-shirt-tilda","status":"publish","type":"product","link":"https:\/\/www.wundersocks.com\/de\/produkt\/damen-merino-tirol-t-shirt-tilda\/","title":{"rendered":"Damen Merino Tirol T-Shirt Tilda"},"content":{"rendered":"<p>Das Merino Tirol T-Shirt wurde mit Blick auf Ihren Komfort entwickelt und sorgt f\u00fcr eine stabile K\u00f6rpertemperatur, damit Sie sich auf Ihre beste Leistung konzentrieren k\u00f6nnen. Machen Sie sich keine Gedanken mehr \u00fcber Unbehagen oder Schwankungen Ihrer K\u00f6rperw\u00e4rme &#8211; dieses Shirt hat Sie im Griff. Egal, ob du die Trails eroberst oder im Fitnessstudio an deine Grenzen gehst, dieses Shirt h\u00e4lt dich auf der perfekten Temperatur, damit du dich ganz auf deine Ziele konzentrieren kannst.<\/p>\n","protected":false},"excerpt":{"rendered":"<p>Das Merino Tirol T-Shirt wurde mit Blick auf Ihren Komfort entwickelt und sorgt f\u00fcr eine stabile K\u00f6rpertemperatur, damit Sie sich auf Ihre beste Leistung konzentrieren k\u00f6nnen. Machen Sie sich keine Gedanken mehr \u00fcber Unbehagen oder Schwankungen Ihrer K\u00f6rperw\u00e4rme &#8211; dieses Shirt hat Sie im Griff. Egal, ob du die Trails eroberst oder im Fitnessstudio an [&hellip;]<\/p>\n","protected":false},"featured_media":7517,"template":"","meta":{"_acf_changed":false},"product_brand":[],"product_cat":[302,437,436],"product_tag":[1852,1622,1633,1828],"class_list":{"0":"post-12532","1":"product","2":"type-product","3":"status-publish","4":"has-post-thumbnail","6":"product_cat-damen","7":"product_cat-damen-kurzarmshirts","8":"product_cat-damen-merino-bekleidung","9":"product_tag-duenne-merino-wolle","10":"product_tag-freizeit-de","11":"product_tag-merinowolle-shirt","12":"product_tag-t-shirt-mit-druck","14":"first","15":"instock","16":"shipping-taxable","17":"purchasable","18":"product-type-variable","19":"has-default-attributes","20":"wvs-archive-product-wrapper"},"acf":[],"_links":{"self":[{"href":"https:\/\/www.wundersocks.com\/de\/wp-json\/wp\/v2\/product\/12532","targetHints":{"allow":["GET"]}}],"collection":[{"href":"https:\/\/www.wundersocks.com\/de\/wp-json\/wp\/v2\/product"}],"about":[{"href":"https:\/\/www.wundersocks.com\/de\/wp-json\/wp\/v2\/types\/product"}],"wp:featuredmedia":[{"embeddable":true,"href":"https:\/\/www.wundersocks.com\/de\/wp-json\/wp\/v2\/media\/7517"}],"wp:attachment":[{"href":"https:\/\/www.wundersocks.com\/de\/wp-json\/wp\/v2\/media?parent=12532"}],"wp:term":[{"taxonomy":"product_brand","embeddable":true,"href":"https:\/\/www.wundersocks.com\/de\/wp-json\/wp\/v2\/product_brand?post=12532"},{"taxonomy":"product_cat","embeddable":true,"href":"https:\/\/www.wundersocks.com\/de\/wp-json\/wp\/v2\/product_cat?post=12532"},{"taxonomy":"product_tag","embeddable":true,"href":"https:\/\/www.wundersocks.com\/de\/wp-json\/wp\/v2\/product_tag?post=12532"}],"curies":[{"name":"wp","href":"https:\/\/api.w.org\/{rel}","templated":true}]}}