{"id":12517,"date":"2023-08-17T15:43:49","date_gmt":"2023-08-17T13:43:49","guid":{"rendered":"https:\/\/www.wundersocks.com\/product\/merinowolle-t-shirt-damen-shirt-kurzarm-sport-shirt-alea-3-pack\/"},"modified":"2026-03-03T14:57:08","modified_gmt":"2026-03-03T13:57:08","slug":"merinowolle-t-shirt-damen-shirt-kurzarm-sport-shirt-alea-3-pack","status":"publish","type":"product","link":"https:\/\/www.wundersocks.com\/de\/produkt\/merinowolle-t-shirt-damen-shirt-kurzarm-sport-shirt-alea-3-pack\/","title":{"rendered":"Merinowolle T-Shirt Damen Shirt Kurzarm Sport Shirt Alea 3-Pack"},"content":{"rendered":"<p>F\u00fcr Frauen, die jedes Abenteuer mitmachen, sind unsere Merinowolle T-Shirts die optimale Wahl! Dieser 3er-Pack Shirts im Multipack bietet Ihnen eine stylische und zugleich praktische Option f\u00fcr alle Ihre saisonalen Aktivit\u00e4ten. Unsere hochwertige Merinowolle bietet Ihnen ultimativen Komfort: Sie ist geruchsneutral und temperaturausgleichend, das hei\u00dft, sie h\u00e4lt Sie im Sommer k\u00fchl und im Winter warm. Au\u00dferdem sorgen die nat\u00fcrlichen antibakteriellen Eigenschaften des Materials daf\u00fcr, dass keine unangenehmen Ger\u00fcche entstehen &#8211; auch nicht bei Hitze! Machen Ideal f\u00fcr Wandertouren oder einfach nur zum Faulenzen an ruhigen Tagen. Sparen Sie bei diesen T-Shirts aus 100% Merinowolle im Multipack &#8211; Sie werden es nicht bereuen.<\/p>\n","protected":false},"excerpt":{"rendered":"<p>F\u00fcr Frauen, die jedes Abenteuer mitmachen, sind unsere Merinowolle T-Shirts die optimale Wahl! Dieser 3er-Pack Shirts im Multipack bietet Ihnen eine stylische und zugleich praktische Option f\u00fcr alle Ihre saisonalen Aktivit\u00e4ten. Unsere hochwertige Merinowolle bietet Ihnen ultimativen Komfort: Sie ist geruchsneutral und temperaturausgleichend, das hei\u00dft, sie h\u00e4lt Sie im Sommer k\u00fchl und im Winter warm. [&hellip;]<\/p>\n","protected":false},"featured_media":7532,"template":"","meta":{"_acf_changed":false},"product_brand":[],"product_cat":[302,437,436,1964],"product_tag":[1690,1622,1597,1633],"class_list":{"0":"post-12517","1":"product","2":"type-product","3":"status-publish","4":"has-post-thumbnail","6":"product_cat-damen","7":"product_cat-damen-kurzarmshirts","8":"product_cat-damen-merino-bekleidung","9":"product_cat-muttertagsgeschenke","10":"product_tag-damen","11":"product_tag-freizeit-de","12":"product_tag-laessig","13":"product_tag-merinowolle-shirt","15":"first","16":"instock","17":"sale","18":"shipping-taxable","19":"purchasable","20":"product-type-variable","21":"has-default-attributes","22":"wvs-archive-product-wrapper"},"acf":[],"_links":{"self":[{"href":"https:\/\/www.wundersocks.com\/de\/wp-json\/wp\/v2\/product\/12517","targetHints":{"allow":["GET"]}}],"collection":[{"href":"https:\/\/www.wundersocks.com\/de\/wp-json\/wp\/v2\/product"}],"about":[{"href":"https:\/\/www.wundersocks.com\/de\/wp-json\/wp\/v2\/types\/product"}],"wp:featuredmedia":[{"embeddable":true,"href":"https:\/\/www.wundersocks.com\/de\/wp-json\/wp\/v2\/media\/7532"}],"wp:attachment":[{"href":"https:\/\/www.wundersocks.com\/de\/wp-json\/wp\/v2\/media?parent=12517"}],"wp:term":[{"taxonomy":"product_brand","embeddable":true,"href":"https:\/\/www.wundersocks.com\/de\/wp-json\/wp\/v2\/product_brand?post=12517"},{"taxonomy":"product_cat","embeddable":true,"href":"https:\/\/www.wundersocks.com\/de\/wp-json\/wp\/v2\/product_cat?post=12517"},{"taxonomy":"product_tag","embeddable":true,"href":"https:\/\/www.wundersocks.com\/de\/wp-json\/wp\/v2\/product_tag?post=12517"}],"curies":[{"name":"wp","href":"https:\/\/api.w.org\/{rel}","templated":true}]}}