{"id":12439,"date":"2023-08-17T16:22:12","date_gmt":"2023-08-17T14:22:12","guid":{"rendered":"https:\/\/www.wundersocks.com\/product\/top-mit-duennen-traegern-fuer-damen-spaghetti-top-aus-reiner-wolle-camilla\/"},"modified":"2026-05-03T13:12:36","modified_gmt":"2026-05-03T11:12:36","slug":"top-mit-duennen-traegern-fuer-damen-spaghetti-top-aus-reiner-wolle-camilla","status":"publish","type":"product","link":"https:\/\/www.wundersocks.com\/de\/produkt\/top-mit-duennen-traegern-fuer-damen-spaghetti-top-aus-reiner-wolle-camilla\/","title":{"rendered":"Top mit D\u00fcnnen Tr\u00e4gern f\u00fcr Damen Spaghetti Top aus Reiner Wolle Camilla"},"content":{"rendered":"<p>Entdecken Sie die unendlichen M\u00f6glichkeiten unseres Spaghetti-Tops f\u00fcr Damen aus 100% Merinowolle! Dieses weiche und leichte Oberteil ist die perfekte Kombination aus Stil und Funktion und garantiert zus\u00e4tzlichen Komfort. Mit d\u00fcnnen Tr\u00e4gern aus der superfeinen Naturfaser der Merinowolle gefertigt, ist dieses Top angenehm zu tragen und hautfreundlich. Ob solo getragen oder mit anderen Lieblingsteilen kombiniert, es ist der perfekte Begleiter f\u00fcr den Alltag und die Freizeit.<\/p>\n","protected":false},"excerpt":{"rendered":"<p>Entdecken Sie die unendlichen M\u00f6glichkeiten unseres Spaghetti-Tops f\u00fcr Damen aus 100% Merinowolle! Dieses weiche und leichte Oberteil ist die perfekte Kombination aus Stil und Funktion und garantiert zus\u00e4tzlichen Komfort. Mit d\u00fcnnen Tr\u00e4gern aus der superfeinen Naturfaser der Merinowolle gefertigt, ist dieses Top angenehm zu tragen und hautfreundlich. Ob solo getragen oder mit anderen Lieblingsteilen kombiniert, [&hellip;]<\/p>\n","protected":false},"featured_media":97004,"template":"","meta":{"_acf_changed":false},"product_brand":[],"product_cat":[1964,302,436,443,2027],"product_tag":[1223],"class_list":{"0":"post-12439","1":"product","2":"type-product","3":"status-publish","4":"has-post-thumbnail","6":"product_cat-muttertagsgeschenke","7":"product_cat-damen","8":"product_cat-damen-merino-bekleidung","9":"product_cat-damen-tank-und-spaghetti-tops","10":"product_cat-damen-unterwaesche-merino","11":"product_tag-base-layer-de","13":"first","14":"instock","15":"shipping-taxable","16":"purchasable","17":"product-type-variable","18":"has-default-attributes","19":"wvs-archive-product-wrapper"},"acf":[],"_links":{"self":[{"href":"https:\/\/www.wundersocks.com\/de\/wp-json\/wp\/v2\/product\/12439","targetHints":{"allow":["GET"]}}],"collection":[{"href":"https:\/\/www.wundersocks.com\/de\/wp-json\/wp\/v2\/product"}],"about":[{"href":"https:\/\/www.wundersocks.com\/de\/wp-json\/wp\/v2\/types\/product"}],"wp:featuredmedia":[{"embeddable":true,"href":"https:\/\/www.wundersocks.com\/de\/wp-json\/wp\/v2\/media\/97004"}],"wp:attachment":[{"href":"https:\/\/www.wundersocks.com\/de\/wp-json\/wp\/v2\/media?parent=12439"}],"wp:term":[{"taxonomy":"product_brand","embeddable":true,"href":"https:\/\/www.wundersocks.com\/de\/wp-json\/wp\/v2\/product_brand?post=12439"},{"taxonomy":"product_cat","embeddable":true,"href":"https:\/\/www.wundersocks.com\/de\/wp-json\/wp\/v2\/product_cat?post=12439"},{"taxonomy":"product_tag","embeddable":true,"href":"https:\/\/www.wundersocks.com\/de\/wp-json\/wp\/v2\/product_tag?post=12439"}],"curies":[{"name":"wp","href":"https:\/\/api.w.org\/{rel}","templated":true}]}}