{"id":12289,"date":"2023-08-18T01:57:50","date_gmt":"2023-08-17T23:57:50","guid":{"rendered":"https:\/\/www.wundersocks.com\/product\/smart-casual-loose-fit-merino-womens-t-shirt-with-longer-sleeves-laura\/"},"modified":"2026-05-05T17:02:09","modified_gmt":"2026-05-05T15:02:09","slug":"sportliches-damen-merino-t-shirt-merinowolle-shirt-laura","status":"publish","type":"product","link":"https:\/\/www.wundersocks.com\/de\/produkt\/sportliches-damen-merino-t-shirt-merinowolle-shirt-laura\/","title":{"rendered":"Sportlich-Elegantes Damen Merino T-Shirt mit L\u00e4ngeren \u00c4rmeln Laura"},"content":{"rendered":"<p>Unser sportliches Damen Merino T-Shirt aus 100% Merinowolle bietet eine vielseitige und kombinierf\u00e4hige Grundlage f\u00fcr den Alltag, Sport und Freizeit. Das leichte Material f\u00fchlt sich angenehm locker an und ist atmungsaktiv, um Feuchtigkeit zu absorbieren &#8211; perfekt f\u00fcr jede Jahreszeit. Es trocknet schnell und ist von Natur aus antibakteriell, sodass unangenehme Ger\u00fcche auch bei Hitze keine Chance haben. Au\u00dferdem bietet Ihnen unser Merino T-Shirt vollen UV-Schutz und ist ideal f\u00fcr wechselnde Wetterbedingungen. Es k\u00fchlt bei Hitze und h\u00e4lt Sie warm, wenn es windig oder k\u00fchler wird. Stilsichere Frauen werden dieses taillierte Damen T-Shirt mit l\u00e4ngeren \u00c4rmeln lieben.<\/p>\n","protected":false},"excerpt":{"rendered":"<p>Unser sportliches Damen Merino T-Shirt aus 100% Merinowolle bietet eine vielseitige und kombinierf\u00e4hige Grundlage f\u00fcr den Alltag, Sport und Freizeit. Das leichte Material f\u00fchlt sich angenehm locker an und ist atmungsaktiv, um Feuchtigkeit zu absorbieren &#8211; perfekt f\u00fcr jede Jahreszeit. Es trocknet schnell und ist von Natur aus antibakteriell, sodass unangenehme Ger\u00fcche auch bei Hitze [&hellip;]<\/p>\n","protected":false},"featured_media":7076,"template":"","meta":{"_acf_changed":false},"product_brand":[],"product_cat":[422,302,437,436],"product_tag":[1852,1622,1597,1633],"class_list":{"0":"post-12289","1":"product","2":"type-product","3":"status-publish","4":"has-post-thumbnail","6":"product_cat-damen-alltagssocken","7":"product_cat-damen","8":"product_cat-damen-kurzarmshirts","9":"product_cat-damen-merino-bekleidung","10":"product_tag-duenne-merino-wolle","11":"product_tag-freizeit-de","12":"product_tag-laessig","13":"product_tag-merinowolle-shirt","15":"first","16":"instock","17":"shipping-taxable","18":"purchasable","19":"product-type-variable","20":"has-default-attributes","21":"wvs-archive-product-wrapper"},"acf":[],"_links":{"self":[{"href":"https:\/\/www.wundersocks.com\/de\/wp-json\/wp\/v2\/product\/12289","targetHints":{"allow":["GET"]}}],"collection":[{"href":"https:\/\/www.wundersocks.com\/de\/wp-json\/wp\/v2\/product"}],"about":[{"href":"https:\/\/www.wundersocks.com\/de\/wp-json\/wp\/v2\/types\/product"}],"wp:featuredmedia":[{"embeddable":true,"href":"https:\/\/www.wundersocks.com\/de\/wp-json\/wp\/v2\/media\/7076"}],"wp:attachment":[{"href":"https:\/\/www.wundersocks.com\/de\/wp-json\/wp\/v2\/media?parent=12289"}],"wp:term":[{"taxonomy":"product_brand","embeddable":true,"href":"https:\/\/www.wundersocks.com\/de\/wp-json\/wp\/v2\/product_brand?post=12289"},{"taxonomy":"product_cat","embeddable":true,"href":"https:\/\/www.wundersocks.com\/de\/wp-json\/wp\/v2\/product_cat?post=12289"},{"taxonomy":"product_tag","embeddable":true,"href":"https:\/\/www.wundersocks.com\/de\/wp-json\/wp\/v2\/product_tag?post=12289"}],"curies":[{"name":"wp","href":"https:\/\/api.w.org\/{rel}","templated":true}]}}