{"id":12250,"date":"2023-08-19T10:04:33","date_gmt":"2023-08-19T08:04:33","guid":{"rendered":"https:\/\/www.wundersocks.com\/product\/merino-tank-top-damen-unterhemd-natuerliche-wolle-bara\/"},"modified":"2026-03-28T16:20:54","modified_gmt":"2026-03-28T15:20:54","slug":"merino-tank-top-damen-unterhemd-natuerliche-wolle-bara","status":"publish","type":"product","link":"https:\/\/www.wundersocks.com\/de\/produkt\/merino-tank-top-damen-unterhemd-natuerliche-wolle-bara\/","title":{"rendered":"Merino Tank Top Damen Unterhemd Nat\u00fcrliche Wolle Bara 3-Pack"},"content":{"rendered":"<p>Damen 100% Merino Tank Top. Leicht, luftig und vielseitig einsetzbar. Perfekt f\u00fcr alle Sportarten und den t\u00e4glichen Gebrauch. Speziell entwickelt, um Ihnen in Bedingungen mit leichter und atmungsaktiver Kleidung ein angenehmes Gef\u00fchl zu geben. Mit flachen N\u00e4hten f\u00fcr h\u00f6chsten Komfort.<\/p>\n","protected":false},"excerpt":{"rendered":"<p>Damen 100% Merino Tank Top. Leicht, luftig und vielseitig einsetzbar. Perfekt f\u00fcr alle Sportarten und den t\u00e4glichen Gebrauch. Speziell entwickelt, um Ihnen in Bedingungen mit leichter und atmungsaktiver Kleidung ein angenehmes Gef\u00fchl zu geben. Mit flachen N\u00e4hten f\u00fcr h\u00f6chsten Komfort.<\/p>\n","protected":false},"featured_media":7538,"template":"","meta":{"_acf_changed":false},"product_brand":[],"product_cat":[2071,437,436,2174,1964,443,2027],"product_tag":[1223,1852,1633,1846],"class_list":{"0":"post-12250","1":"product","2":"type-product","3":"status-publish","4":"has-post-thumbnail","6":"product_cat-damen-funktionswaesche-baselayer","7":"product_cat-damen-kurzarmshirts","8":"product_cat-damen-merino-bekleidung","9":"product_cat-damen-sommer-essentials","10":"product_cat-muttertagsgeschenke","11":"product_cat-damen-tank-und-spaghetti-tops","12":"product_cat-damen-unterwaesche-merino","13":"product_tag-base-layer-de","14":"product_tag-duenne-merino-wolle","15":"product_tag-merinowolle-shirt","16":"product_tag-unterhemd","18":"first","19":"instock","20":"sale","21":"shipping-taxable","22":"purchasable","23":"product-type-variable","24":"has-default-attributes","25":"wvs-archive-product-wrapper"},"acf":[],"_links":{"self":[{"href":"https:\/\/www.wundersocks.com\/de\/wp-json\/wp\/v2\/product\/12250","targetHints":{"allow":["GET"]}}],"collection":[{"href":"https:\/\/www.wundersocks.com\/de\/wp-json\/wp\/v2\/product"}],"about":[{"href":"https:\/\/www.wundersocks.com\/de\/wp-json\/wp\/v2\/types\/product"}],"wp:featuredmedia":[{"embeddable":true,"href":"https:\/\/www.wundersocks.com\/de\/wp-json\/wp\/v2\/media\/7538"}],"wp:attachment":[{"href":"https:\/\/www.wundersocks.com\/de\/wp-json\/wp\/v2\/media?parent=12250"}],"wp:term":[{"taxonomy":"product_brand","embeddable":true,"href":"https:\/\/www.wundersocks.com\/de\/wp-json\/wp\/v2\/product_brand?post=12250"},{"taxonomy":"product_cat","embeddable":true,"href":"https:\/\/www.wundersocks.com\/de\/wp-json\/wp\/v2\/product_cat?post=12250"},{"taxonomy":"product_tag","embeddable":true,"href":"https:\/\/www.wundersocks.com\/de\/wp-json\/wp\/v2\/product_tag?post=12250"}],"curies":[{"name":"wp","href":"https:\/\/api.w.org\/{rel}","templated":true}]}}