{"id":12091,"date":"2023-08-17T16:04:22","date_gmt":"2023-08-17T14:04:22","guid":{"rendered":"https:\/\/www.wundersocks.com\/product\/damen-t-shirt-mit-motiv-merino-shirt-kurzarm-alea-tirol\/"},"modified":"2023-12-18T13:46:11","modified_gmt":"2023-12-18T12:46:11","slug":"damen-t-shirt-mit-motiv-merino-shirt-kurzarm-alea-tirol","status":"publish","type":"product","link":"https:\/\/www.wundersocks.com\/de\/produkt\/damen-t-shirt-mit-motiv-merino-shirt-kurzarm-alea-tirol\/","title":{"rendered":"Damen T-Shirt mit Motiv Merino Shirt Kurzarm Alea Tirol"},"content":{"rendered":"<p>Damen T-Shirt aus hochwertiger Merino Wolle &#8211; perfekt f\u00fcr Reisen und Wandertouren im Sommer und Winter. Geruchsneutral und temperaturausgleichend. Ideal f\u00fcr den Freizeitbereich im Fr\u00fchling und Sommer.<\/p>\n","protected":false},"excerpt":{"rendered":"<p>Damen T-Shirt aus hochwertiger Merino Wolle &#8211; perfekt f\u00fcr Reisen und Wandertouren im Sommer und Winter. Geruchsneutral und temperaturausgleichend. Ideal f\u00fcr den Freizeitbereich im Fr\u00fchling und Sommer.<\/p>\n","protected":false},"featured_media":7586,"template":"","meta":{"_acf_changed":false},"product_brand":[],"product_cat":[302,437,436],"product_tag":[],"class_list":{"0":"post-12091","1":"product","2":"type-product","3":"status-publish","4":"has-post-thumbnail","6":"product_cat-damen","7":"product_cat-damen-kurzarmshirts","8":"product_cat-damen-merino-bekleidung","10":"first","11":"outofstock","12":"shipping-taxable","13":"purchasable","14":"product-type-variable","15":"has-default-attributes","16":"wvs-archive-product-wrapper"},"acf":[],"_links":{"self":[{"href":"https:\/\/www.wundersocks.com\/de\/wp-json\/wp\/v2\/product\/12091","targetHints":{"allow":["GET"]}}],"collection":[{"href":"https:\/\/www.wundersocks.com\/de\/wp-json\/wp\/v2\/product"}],"about":[{"href":"https:\/\/www.wundersocks.com\/de\/wp-json\/wp\/v2\/types\/product"}],"wp:featuredmedia":[{"embeddable":true,"href":"https:\/\/www.wundersocks.com\/de\/wp-json\/wp\/v2\/media\/7586"}],"wp:attachment":[{"href":"https:\/\/www.wundersocks.com\/de\/wp-json\/wp\/v2\/media?parent=12091"}],"wp:term":[{"taxonomy":"product_brand","embeddable":true,"href":"https:\/\/www.wundersocks.com\/de\/wp-json\/wp\/v2\/product_brand?post=12091"},{"taxonomy":"product_cat","embeddable":true,"href":"https:\/\/www.wundersocks.com\/de\/wp-json\/wp\/v2\/product_cat?post=12091"},{"taxonomy":"product_tag","embeddable":true,"href":"https:\/\/www.wundersocks.com\/de\/wp-json\/wp\/v2\/product_tag?post=12091"}],"curies":[{"name":"wp","href":"https:\/\/api.w.org\/{rel}","templated":true}]}}