{"id":12044,"date":"2023-08-18T13:56:46","date_gmt":"2023-08-18T11:56:46","guid":{"rendered":"https:\/\/www.wundersocks.com\/product\/hoodie-women-wool-jacket-100-merino-wool-zip-up-sweater-amina\/"},"modified":"2026-05-07T08:23:33","modified_gmt":"2026-05-07T06:23:33","slug":"merino-damen-hoodie-wolljacke-amina","status":"publish","type":"product","link":"https:\/\/www.wundersocks.com\/de\/produkt\/merino-damen-hoodie-wolljacke-amina\/","title":{"rendered":"Merino Damen Hoodie 100% Merino Wolljacke Amina"},"content":{"rendered":"<p>Unser Merino Damen Hoodie Amina bietet ultimativen Komfort und einzigartige K\u00e4lte- und W\u00e4rmeregulierung. Egal ob beim Sport, in der Freizeit oder auf Reisen, dieser Hoodie ist die ideale Wahl. Hergestellt aus hochwertiger 100% Merinowolle, ist er langlebig und formstabil. Mit praktischen Details wie zwei Seitentaschen und einem Rei\u00dfverschluss macht er nicht nur optisch was her. Perfekt geeignet f\u00fcr Damen in den Jahreszeiten Winter, Fr\u00fchling und Herbst, sowie f\u00fcr den Alltag.<\/p>\n","protected":false},"excerpt":{"rendered":"<p>Unser Merino Damen Hoodie Amina bietet ultimativen Komfort und einzigartige K\u00e4lte- und W\u00e4rmeregulierung. Egal ob beim Sport, in der Freizeit oder auf Reisen, dieser Hoodie ist die ideale Wahl. Hergestellt aus hochwertiger 100% Merinowolle, ist er langlebig und formstabil. Mit praktischen Details wie zwei Seitentaschen und einem Rei\u00dfverschluss macht er nicht nur optisch was her. [&hellip;]<\/p>\n","protected":false},"featured_media":6227,"template":"","meta":{"_acf_changed":false},"product_brand":[],"product_cat":[302,2116,439,436,2099],"product_tag":[1467,1920,1211],"class_list":{"0":"post-12044","1":"product","2":"type-product","3":"status-publish","4":"has-post-thumbnail","6":"product_cat-damen","7":"product_cat-damen-golf-socken","8":"product_cat-damen-hoodies-und-sweatshirts-jacken","9":"product_cat-damen-merino-bekleidung","10":"product_cat-damen-reitsocken","11":"product_tag-jacke","12":"product_tag-merino-jacke","13":"product_tag-wintersport-de","15":"first","16":"instock","17":"featured","18":"shipping-taxable","19":"purchasable","20":"product-type-variable","21":"has-default-attributes","22":"wvs-archive-product-wrapper"},"acf":[],"_links":{"self":[{"href":"https:\/\/www.wundersocks.com\/de\/wp-json\/wp\/v2\/product\/12044","targetHints":{"allow":["GET"]}}],"collection":[{"href":"https:\/\/www.wundersocks.com\/de\/wp-json\/wp\/v2\/product"}],"about":[{"href":"https:\/\/www.wundersocks.com\/de\/wp-json\/wp\/v2\/types\/product"}],"wp:featuredmedia":[{"embeddable":true,"href":"https:\/\/www.wundersocks.com\/de\/wp-json\/wp\/v2\/media\/6227"}],"wp:attachment":[{"href":"https:\/\/www.wundersocks.com\/de\/wp-json\/wp\/v2\/media?parent=12044"}],"wp:term":[{"taxonomy":"product_brand","embeddable":true,"href":"https:\/\/www.wundersocks.com\/de\/wp-json\/wp\/v2\/product_brand?post=12044"},{"taxonomy":"product_cat","embeddable":true,"href":"https:\/\/www.wundersocks.com\/de\/wp-json\/wp\/v2\/product_cat?post=12044"},{"taxonomy":"product_tag","embeddable":true,"href":"https:\/\/www.wundersocks.com\/de\/wp-json\/wp\/v2\/product_tag?post=12044"}],"curies":[{"name":"wp","href":"https:\/\/api.w.org\/{rel}","templated":true}]}}