{"id":11919,"date":"2023-08-19T16:08:54","date_gmt":"2023-08-19T14:08:54","guid":{"rendered":"https:\/\/www.wundersocks.com\/product\/leichtes-100-merino-wolle-stirnband\/"},"modified":"2026-04-12T00:12:50","modified_gmt":"2026-04-11T22:12:50","slug":"leichtes-100-merino-stirnband","status":"publish","type":"product","link":"https:\/\/www.wundersocks.com\/de\/produkt\/leichtes-100-merino-stirnband\/","title":{"rendered":"Leichtes 100% Merino Stirnband Samr"},"content":{"rendered":"<p>Unser Merino Stirnband besteht aus 100 % Merinowolle und sorgt f\u00fcr ultimativen Komfort. Die nat\u00fcrlichen Eigenschaften der Merinowolle sorgen daf\u00fcr, dass dieses Stirnband temperaturausgleichend ist und Sie bei kalten Wintertemperaturen k\u00fchl h\u00e4lt, w\u00e4hrend es bei intensiven Aktivit\u00e4ten vor \u00dcberhitzung sch\u00fctzt. Verabschieden Sie sich von l\u00e4stigem Schwei\u00df und freuen Sie sich auf ein komfortables, atmungsaktives Erlebnis.<\/p>\n<p>&nbsp;<\/p>\n","protected":false},"excerpt":{"rendered":"<p>Unser Merino Stirnband besteht aus 100 % Merinowolle und sorgt f\u00fcr ultimativen Komfort. Die nat\u00fcrlichen Eigenschaften der Merinowolle sorgen daf\u00fcr, dass dieses Stirnband temperaturausgleichend ist und Sie bei kalten Wintertemperaturen k\u00fchl h\u00e4lt, w\u00e4hrend es bei intensiven Aktivit\u00e4ten vor \u00dcberhitzung sch\u00fctzt. Verabschieden Sie sich von l\u00e4stigem Schwei\u00df und freuen Sie sich auf ein komfortables, atmungsaktives Erlebnis. [&hellip;]<\/p>\n","protected":false},"featured_media":80146,"template":"","meta":{"_acf_changed":false},"product_brand":[2212],"product_cat":[2130,1994,1995,302,999,41,436,2159,442,446],"product_tag":[1582,1859,1576,1170,1857,1861],"class_list":{"0":"post-11919","1":"product","2":"type-product","3":"status-publish","4":"has-post-thumbnail","6":"product_brand-wunderfit","7":"product_cat-accessoires-damen-herren","8":"product_cat-herren-accessoires-und-muetzen","9":"product_cat-damen-accessoires-und-muetzen","10":"product_cat-damen","11":"product_cat-herren","12":"product_cat-herren-merino-bekleidung","13":"product_cat-damen-merino-bekleidung","14":"product_cat-accessoires-damen-herren-stirnbaender","15":"product_cat-damen-stirnbaender-und-beanies","16":"product_cat-herren-stirnbaender-und-beanies","17":"product_tag-laufen","18":"product_tag-merinowolle","19":"product_tag-ciclismo","20":"product_tag-skitouren","21":"product_tag-stirnband","22":"product_tag-unisex-de","24":"first","25":"instock","26":"shipping-taxable","27":"purchasable","28":"product-type-variable","29":"has-default-attributes","30":"wvs-archive-product-wrapper"},"acf":[],"_links":{"self":[{"href":"https:\/\/www.wundersocks.com\/de\/wp-json\/wp\/v2\/product\/11919","targetHints":{"allow":["GET"]}}],"collection":[{"href":"https:\/\/www.wundersocks.com\/de\/wp-json\/wp\/v2\/product"}],"about":[{"href":"https:\/\/www.wundersocks.com\/de\/wp-json\/wp\/v2\/types\/product"}],"wp:featuredmedia":[{"embeddable":true,"href":"https:\/\/www.wundersocks.com\/de\/wp-json\/wp\/v2\/media\/80146"}],"wp:attachment":[{"href":"https:\/\/www.wundersocks.com\/de\/wp-json\/wp\/v2\/media?parent=11919"}],"wp:term":[{"taxonomy":"product_brand","embeddable":true,"href":"https:\/\/www.wundersocks.com\/de\/wp-json\/wp\/v2\/product_brand?post=11919"},{"taxonomy":"product_cat","embeddable":true,"href":"https:\/\/www.wundersocks.com\/de\/wp-json\/wp\/v2\/product_cat?post=11919"},{"taxonomy":"product_tag","embeddable":true,"href":"https:\/\/www.wundersocks.com\/de\/wp-json\/wp\/v2\/product_tag?post=11919"}],"curies":[{"name":"wp","href":"https:\/\/api.w.org\/{rel}","templated":true}]}}