{"id":11824,"date":"2023-08-19T17:56:11","date_gmt":"2023-08-19T15:56:11","guid":{"rendered":"https:\/\/www.wundersocks.com\/product\/herren-merino-shifter-shorts-tj\/"},"modified":"2025-12-15T14:48:10","modified_gmt":"2025-12-15T13:48:10","slug":"herren-merino-wolle-shorts-ts","status":"publish","type":"product","link":"https:\/\/www.wundersocks.com\/de\/produkt\/herren-merino-wolle-shorts-ts\/","title":{"rendered":"Herren Merino Wolle Shorts Kurze Merino Hose TS"},"content":{"rendered":"<p>Mit diesen Merino Wolle Shorts k\u00f6nnen Sie zu Hause und unterwegs h\u00f6chsten Komfort genie\u00dfen. Die superweichen und bequemen Merino-Shorts bieten eine leichte und komfortable Passform sowie vollst\u00e4ndige Bewegungsfreiheit. Der gerade Schnitt der Merino-Shorts mit lockerer Passform und zwei Seitentaschen verleiht Ihnen einen l\u00e4ssigen Look im Alltag und in Ihrer Freizeit.<br \/>\nG\u00f6nnen Sie sich eine gem\u00fctliche Erg\u00e4nzung f\u00fcr Ihre Garderobe mit diesen Merino-Shifter-Shorts aus der weichsten Naturfaser, die es gibt.<br \/>\nSie k\u00f6nnen diese Merino-Shifter-Shorts nicht nur in Ihrer Freizeit verwenden, sondern auch w\u00e4hrend Ihres n\u00e4chsten Workouts oder Fahrradabenteuers! Dank der 100% Merinowolle halten die Merino-Shorts Sie w\u00e4hrend sportlicher Aktivit\u00e4ten trocken und komfortabel.<\/p>\n","protected":false},"excerpt":{"rendered":"<p>Mit diesen Merino Wolle Shorts k\u00f6nnen Sie zu Hause und unterwegs h\u00f6chsten Komfort genie\u00dfen. Die superweichen und bequemen Merino-Shorts bieten eine leichte und komfortable Passform sowie vollst\u00e4ndige Bewegungsfreiheit. Der gerade Schnitt der Merino-Shorts mit lockerer Passform und zwei Seitentaschen verleiht Ihnen einen l\u00e4ssigen Look im Alltag und in Ihrer Freizeit. G\u00f6nnen Sie sich eine gem\u00fctliche [&hellip;]<\/p>\n","protected":false},"featured_media":6514,"template":"","meta":{"_acf_changed":false},"product_brand":[],"product_cat":[999,2114,2110,41,70],"product_tag":[1230,1617,1228,1843],"class_list":{"0":"post-11824","1":"product","2":"type-product","3":"status-publish","4":"has-post-thumbnail","6":"product_cat-herren","7":"product_cat-herren-golf-socken","8":"product_cat-herren-padel-tennis-socken","9":"product_cat-herren-merino-bekleidung","10":"product_cat-herren-hosen-und-leggings","11":"product_tag-jogger","12":"product_tag-jogginghose-de","13":"product_tag-jogginghose","14":"product_tag-kurze-merino-hose","16":"first","17":"instock","18":"shipping-taxable","19":"purchasable","20":"product-type-variable","21":"has-default-attributes","22":"wvs-archive-product-wrapper"},"acf":[],"_links":{"self":[{"href":"https:\/\/www.wundersocks.com\/de\/wp-json\/wp\/v2\/product\/11824","targetHints":{"allow":["GET"]}}],"collection":[{"href":"https:\/\/www.wundersocks.com\/de\/wp-json\/wp\/v2\/product"}],"about":[{"href":"https:\/\/www.wundersocks.com\/de\/wp-json\/wp\/v2\/types\/product"}],"wp:featuredmedia":[{"embeddable":true,"href":"https:\/\/www.wundersocks.com\/de\/wp-json\/wp\/v2\/media\/6514"}],"wp:attachment":[{"href":"https:\/\/www.wundersocks.com\/de\/wp-json\/wp\/v2\/media?parent=11824"}],"wp:term":[{"taxonomy":"product_brand","embeddable":true,"href":"https:\/\/www.wundersocks.com\/de\/wp-json\/wp\/v2\/product_brand?post=11824"},{"taxonomy":"product_cat","embeddable":true,"href":"https:\/\/www.wundersocks.com\/de\/wp-json\/wp\/v2\/product_cat?post=11824"},{"taxonomy":"product_tag","embeddable":true,"href":"https:\/\/www.wundersocks.com\/de\/wp-json\/wp\/v2\/product_tag?post=11824"}],"curies":[{"name":"wp","href":"https:\/\/api.w.org\/{rel}","templated":true}]}}