{"id":11811,"date":"2023-08-19T18:01:51","date_gmt":"2023-08-19T16:01:51","guid":{"rendered":"https:\/\/www.wundersocks.com\/product\/sportliche-herren-unterhose-lang-100-merino-funktionsunterwasche-dan\/"},"modified":"2026-01-25T16:12:48","modified_gmt":"2026-01-25T15:12:48","slug":"lange-merino-unterhose-dan","status":"publish","type":"product","link":"https:\/\/www.wundersocks.com\/de\/produkt\/lange-merino-unterhose-dan\/","title":{"rendered":"Sportliche Herren Merino Unterhose Lang 100% Merino Funktionsunterw\u00e4sche Dan"},"content":{"rendered":"<p>Entdecken Sie den au\u00dfergew\u00f6hnlichen Komfort der sportlichen langen Herren Merino Unterhose, gefertigt aus hochwertiger, mulesingfreier Merinowolle. Diese lange Unterhose, Modell &#8222;Dan&#8220;, bietet eine herausragende Kombination aus Atmungsaktivit\u00e4t, Feuchtigkeitsmanagement und nat\u00fcrlicher Temperaturregulierung. Perfekt geeignet f\u00fcr sportliche Aktivit\u00e4ten und den t\u00e4glichen Gebrauch, h\u00e4lt sie Sie warm und trocken, ohne dabei die Bewegungsfreiheit einzuschr\u00e4nken.<\/p>\n","protected":false},"excerpt":{"rendered":"<p>Entdecken Sie den au\u00dfergew\u00f6hnlichen Komfort der sportlichen langen Herren Merino Unterhose, gefertigt aus hochwertiger, mulesingfreier Merinowolle. Diese lange Unterhose, Modell &#8222;Dan&#8220;, bietet eine herausragende Kombination aus Atmungsaktivit\u00e4t, Feuchtigkeitsmanagement und nat\u00fcrlicher Temperaturregulierung. Perfekt geeignet f\u00fcr sportliche Aktivit\u00e4ten und den t\u00e4glichen Gebrauch, h\u00e4lt sie Sie warm und trocken, ohne dabei die Bewegungsfreiheit einzuschr\u00e4nken.<\/p>\n","protected":false},"featured_media":6625,"template":"","meta":{"_acf_changed":false},"product_brand":[],"product_cat":[999,41,70,2070],"product_tag":[1223,1635,1226],"class_list":{"0":"post-11811","1":"product","2":"type-product","3":"status-publish","4":"has-post-thumbnail","6":"product_cat-herren","7":"product_cat-herren-merino-bekleidung","8":"product_cat-herren-hosen-und-leggings","9":"product_cat-herren-funktionswaesche-baselayer","10":"product_tag-base-layer-de","11":"product_tag-merino-hose-de","12":"product_tag-thermo-unterwaesche-de","14":"first","15":"instock","16":"shipping-taxable","17":"purchasable","18":"product-type-variable","19":"has-default-attributes","20":"wvs-archive-product-wrapper"},"acf":[],"_links":{"self":[{"href":"https:\/\/www.wundersocks.com\/de\/wp-json\/wp\/v2\/product\/11811","targetHints":{"allow":["GET"]}}],"collection":[{"href":"https:\/\/www.wundersocks.com\/de\/wp-json\/wp\/v2\/product"}],"about":[{"href":"https:\/\/www.wundersocks.com\/de\/wp-json\/wp\/v2\/types\/product"}],"wp:featuredmedia":[{"embeddable":true,"href":"https:\/\/www.wundersocks.com\/de\/wp-json\/wp\/v2\/media\/6625"}],"wp:attachment":[{"href":"https:\/\/www.wundersocks.com\/de\/wp-json\/wp\/v2\/media?parent=11811"}],"wp:term":[{"taxonomy":"product_brand","embeddable":true,"href":"https:\/\/www.wundersocks.com\/de\/wp-json\/wp\/v2\/product_brand?post=11811"},{"taxonomy":"product_cat","embeddable":true,"href":"https:\/\/www.wundersocks.com\/de\/wp-json\/wp\/v2\/product_cat?post=11811"},{"taxonomy":"product_tag","embeddable":true,"href":"https:\/\/www.wundersocks.com\/de\/wp-json\/wp\/v2\/product_tag?post=11811"}],"curies":[{"name":"wp","href":"https:\/\/api.w.org\/{rel}","templated":true}]}}