{"id":11732,"date":"2023-08-19T19:36:45","date_gmt":"2023-08-19T17:36:45","guid":{"rendered":"https:\/\/www.wundersocks.com\/product\/hochfunktionelles-herren-poloshirt-kurzarm-100-merinowolle-levis\/"},"modified":"2025-06-01T18:30:26","modified_gmt":"2025-06-01T16:30:26","slug":"merino-poloshirt-levis","status":"publish","type":"product","link":"https:\/\/www.wundersocks.com\/de\/produkt\/merino-poloshirt-levis\/","title":{"rendered":"Hochfunktionelles Herren Merino Poloshirt Kurzarm Polo Levis"},"content":{"rendered":"<p>Entdecken Sie das hochfunktionelle Herren Merino Poloshirt von Wundersocks, perfekt f\u00fcr sportliche Aktivit\u00e4ten und den Alltag. Hergestellt aus 100% mulesingfreier Merinowolle, bietet dieses Poloshirt au\u00dfergew\u00f6hnliche Weichheit und Komfort. Die nat\u00fcrliche Temperaturregulierung h\u00e4lt Sie sowohl an warmen als auch an kalten Tagen angenehm temperiert. Das atmungsaktive Material leitet Feuchtigkeit ab und sorgt f\u00fcr ein trockenes Tragegef\u00fchl. Das moderne, enganliegende Design ist in verschiedenen Farben und Gr\u00f6\u00dfen (S bis 3XL) erh\u00e4ltlich, sodass f\u00fcr jeden die perfekte Passform dabei ist.<\/p>\n","protected":false},"excerpt":{"rendered":"<p>Entdecken Sie das hochfunktionelle Herren Merino Poloshirt von Wundersocks, perfekt f\u00fcr sportliche Aktivit\u00e4ten und den Alltag. Hergestellt aus 100% mulesingfreier Merinowolle, bietet dieses Poloshirt au\u00dfergew\u00f6hnliche Weichheit und Komfort. Die nat\u00fcrliche Temperaturregulierung h\u00e4lt Sie sowohl an warmen als auch an kalten Tagen angenehm temperiert. Das atmungsaktive Material leitet Feuchtigkeit ab und sorgt f\u00fcr ein trockenes Tragegef\u00fchl. [&hellip;]<\/p>\n","protected":false},"featured_media":7702,"template":"","meta":{"_acf_changed":false},"product_brand":[],"product_cat":[999,2114,2097,41,66],"product_tag":[1127,1834,1597,1633],"class_list":{"0":"post-11732","1":"product","2":"type-product","3":"status-publish","4":"has-post-thumbnail","6":"product_cat-herren","7":"product_cat-herren-golf-socken","8":"product_cat-herren-reitsocken","9":"product_cat-herren-merino-bekleidung","10":"product_cat-herren-kurzarmshirts","11":"product_tag-business","12":"product_tag-golf-de","13":"product_tag-laessig","14":"product_tag-merinowolle-shirt","16":"first","17":"instock","18":"shipping-taxable","19":"purchasable","20":"product-type-variable","21":"has-default-attributes","22":"wvs-archive-product-wrapper"},"acf":[],"_links":{"self":[{"href":"https:\/\/www.wundersocks.com\/de\/wp-json\/wp\/v2\/product\/11732","targetHints":{"allow":["GET"]}}],"collection":[{"href":"https:\/\/www.wundersocks.com\/de\/wp-json\/wp\/v2\/product"}],"about":[{"href":"https:\/\/www.wundersocks.com\/de\/wp-json\/wp\/v2\/types\/product"}],"wp:featuredmedia":[{"embeddable":true,"href":"https:\/\/www.wundersocks.com\/de\/wp-json\/wp\/v2\/media\/7702"}],"wp:attachment":[{"href":"https:\/\/www.wundersocks.com\/de\/wp-json\/wp\/v2\/media?parent=11732"}],"wp:term":[{"taxonomy":"product_brand","embeddable":true,"href":"https:\/\/www.wundersocks.com\/de\/wp-json\/wp\/v2\/product_brand?post=11732"},{"taxonomy":"product_cat","embeddable":true,"href":"https:\/\/www.wundersocks.com\/de\/wp-json\/wp\/v2\/product_cat?post=11732"},{"taxonomy":"product_tag","embeddable":true,"href":"https:\/\/www.wundersocks.com\/de\/wp-json\/wp\/v2\/product_tag?post=11732"}],"curies":[{"name":"wp","href":"https:\/\/api.w.org\/{rel}","templated":true}]}}