{"id":11327,"date":"2023-08-20T00:39:32","date_gmt":"2023-08-19T22:39:32","guid":{"rendered":"https:\/\/www.wundersocks.com\/product\/merino-zip-neck-t-shirt-herren-kurzarm-shirt-chris\/"},"modified":"2026-04-20T20:58:00","modified_gmt":"2026-04-20T18:58:00","slug":"merino-zip-neck-t-shirt-herren-kurzarm-shirt-chris","status":"publish","type":"product","link":"https:\/\/www.wundersocks.com\/de\/produkt\/merino-zip-neck-t-shirt-herren-kurzarm-shirt-chris\/","title":{"rendered":"Merino Zip-Neck T-Shirt Herren Kurzarm Shirt Chris"},"content":{"rendered":"<p>Herren 100% Merino Zip-Neck T-Shirt. Kurzarm, sehr weiches Merinowoll-T-Shirt mit kleinem Rei\u00dfverschlusskragen und l\u00e4ngerem R\u00fccken. Geeignet als erste Schicht im Sommer oder Winter, egal ob zum Wandern, Radfahren oder f\u00fcr Freizeitaktivit\u00e4ten.<\/p>\n","protected":false},"excerpt":{"rendered":"<p>Herren 100% Merino Zip-Neck T-Shirt. Kurzarm, sehr weiches Merinowoll-T-Shirt mit kleinem Rei\u00dfverschlusskragen und l\u00e4ngerem R\u00fccken. Geeignet als erste Schicht im Sommer oder Winter, egal ob zum Wandern, Radfahren oder f\u00fcr Freizeitaktivit\u00e4ten.<\/p>\n","protected":false},"featured_media":7862,"template":"","meta":{"_acf_changed":false},"product_brand":[],"product_cat":[999,65,2097,41,66],"product_tag":[1223,1597,1582,1086,1633,1576,1612],"class_list":{"0":"post-11327","1":"product","2":"type-product","3":"status-publish","4":"has-post-thumbnail","6":"product_cat-herren","7":"product_cat-herren-fahrradsocken","8":"product_cat-herren-reitsocken","9":"product_cat-herren-merino-bekleidung","10":"product_cat-herren-kurzarmshirts","11":"product_tag-base-layer-de","12":"product_tag-laessig","13":"product_tag-laufen","14":"product_tag-lifestyle","15":"product_tag-merinowolle-shirt","16":"product_tag-ciclismo","17":"product_tag-wandern-de","19":"first","20":"instock","21":"shipping-taxable","22":"purchasable","23":"product-type-variable","24":"has-default-attributes","25":"wvs-archive-product-wrapper"},"acf":[],"_links":{"self":[{"href":"https:\/\/www.wundersocks.com\/de\/wp-json\/wp\/v2\/product\/11327","targetHints":{"allow":["GET"]}}],"collection":[{"href":"https:\/\/www.wundersocks.com\/de\/wp-json\/wp\/v2\/product"}],"about":[{"href":"https:\/\/www.wundersocks.com\/de\/wp-json\/wp\/v2\/types\/product"}],"wp:featuredmedia":[{"embeddable":true,"href":"https:\/\/www.wundersocks.com\/de\/wp-json\/wp\/v2\/media\/7862"}],"wp:attachment":[{"href":"https:\/\/www.wundersocks.com\/de\/wp-json\/wp\/v2\/media?parent=11327"}],"wp:term":[{"taxonomy":"product_brand","embeddable":true,"href":"https:\/\/www.wundersocks.com\/de\/wp-json\/wp\/v2\/product_brand?post=11327"},{"taxonomy":"product_cat","embeddable":true,"href":"https:\/\/www.wundersocks.com\/de\/wp-json\/wp\/v2\/product_cat?post=11327"},{"taxonomy":"product_tag","embeddable":true,"href":"https:\/\/www.wundersocks.com\/de\/wp-json\/wp\/v2\/product_tag?post=11327"}],"curies":[{"name":"wp","href":"https:\/\/api.w.org\/{rel}","templated":true}]}}