{"id":11167,"date":"2023-08-23T16:28:50","date_gmt":"2023-08-23T14:28:50","guid":{"rendered":"https:\/\/www.wundersocks.com\/product\/lassiges-merino-longsleeve-herren-langarm-shirt-zweifarbig-mario\/"},"modified":"2026-04-20T20:50:48","modified_gmt":"2026-04-20T18:50:48","slug":"merino-longsleeve-herren-merino-langarm-shirt-mario","status":"publish","type":"product","link":"https:\/\/www.wundersocks.com\/de\/produkt\/merino-longsleeve-herren-merino-langarm-shirt-mario\/","title":{"rendered":"L\u00e4ssiges Merino Longsleeve Herren Merino Langarm Shirt zweifarbig Mario"},"content":{"rendered":"<p>Erleben Sie h\u00f6chsten Tragekomfort mit dem l\u00e4ssigen Merino Longsleeve Herren Merino Langarm Shirt. Hergestellt aus 100% hochwertiger, mulesingfreier Merinowolle, bietet dieses Shirt nat\u00fcrliche Temperaturregulierung und Atmungsaktivit\u00e4t. Das Raglan-Design und die colorblock Optik verleihen dem Shirt einen modernen und sportlichen Look. Ideal f\u00fcr den Alltag und sportliche Aktivit\u00e4ten, h\u00e4lt es Sie warm und trocken.<\/p>\n","protected":false},"excerpt":{"rendered":"<p>Erleben Sie h\u00f6chsten Tragekomfort mit dem l\u00e4ssigen Merino Longsleeve Herren Merino Langarm Shirt. Hergestellt aus 100% hochwertiger, mulesingfreier Merinowolle, bietet dieses Shirt nat\u00fcrliche Temperaturregulierung und Atmungsaktivit\u00e4t. Das Raglan-Design und die colorblock Optik verleihen dem Shirt einen modernen und sportlichen Look. Ideal f\u00fcr den Alltag und sportliche Aktivit\u00e4ten, h\u00e4lt es Sie warm und trocken.<\/p>\n","protected":false},"featured_media":13310,"template":"","meta":{"_acf_changed":false},"product_brand":[],"product_cat":[999,67,41],"product_tag":[1223,1625,1633,1226],"class_list":{"0":"post-11167","1":"product","2":"type-product","3":"status-publish","4":"has-post-thumbnail","6":"product_cat-herren","7":"product_cat-herren-langarmshirts","8":"product_cat-herren-merino-bekleidung","9":"product_tag-base-layer-de","10":"product_tag-langarm","11":"product_tag-merinowolle-shirt","12":"product_tag-thermo-unterwaesche-de","14":"first","15":"instock","16":"shipping-taxable","17":"purchasable","18":"product-type-variable","19":"has-default-attributes","20":"wvs-archive-product-wrapper"},"acf":[],"_links":{"self":[{"href":"https:\/\/www.wundersocks.com\/de\/wp-json\/wp\/v2\/product\/11167","targetHints":{"allow":["GET"]}}],"collection":[{"href":"https:\/\/www.wundersocks.com\/de\/wp-json\/wp\/v2\/product"}],"about":[{"href":"https:\/\/www.wundersocks.com\/de\/wp-json\/wp\/v2\/types\/product"}],"wp:featuredmedia":[{"embeddable":true,"href":"https:\/\/www.wundersocks.com\/de\/wp-json\/wp\/v2\/media\/13310"}],"wp:attachment":[{"href":"https:\/\/www.wundersocks.com\/de\/wp-json\/wp\/v2\/media?parent=11167"}],"wp:term":[{"taxonomy":"product_brand","embeddable":true,"href":"https:\/\/www.wundersocks.com\/de\/wp-json\/wp\/v2\/product_brand?post=11167"},{"taxonomy":"product_cat","embeddable":true,"href":"https:\/\/www.wundersocks.com\/de\/wp-json\/wp\/v2\/product_cat?post=11167"},{"taxonomy":"product_tag","embeddable":true,"href":"https:\/\/www.wundersocks.com\/de\/wp-json\/wp\/v2\/product_tag?post=11167"}],"curies":[{"name":"wp","href":"https:\/\/api.w.org\/{rel}","templated":true}]}}