{"id":111639,"date":"2026-04-24T13:32:52","date_gmt":"2026-04-24T11:32:52","guid":{"rendered":"https:\/\/www.wundersocks.com\/product\/extraweite-knochelsocken-ohne-gummi-go-wide-12-pack\/"},"modified":"2026-04-24T13:32:52","modified_gmt":"2026-04-24T11:32:52","slug":"extraweite-knochelsocken-ohne-gummi-go-wide-12-pack","status":"publish","type":"product","link":"https:\/\/www.wundersocks.com\/de\/produkt\/extraweite-knochelsocken-ohne-gummi-go-wide-12-pack\/","title":{"rendered":"Extraweite Kn\u00f6chelsocken ohne Gummi GO WIDE 12-Pack"},"content":{"rendered":"<p>Entdecken Sie Komfort und Vielseitigkeit mit unserem Go Wide Lite Extraweite Kn\u00f6chelsocken 12er-Pack. Hergestellt aus hochwertiger Merinowolle bieten diese Socken unvergleichliche Weichheit und Feuchtigkeitsregulierung. Mit einem extra breiten Design und ohne elastische B\u00e4nder bieten sie eine sanfte, aber sichere Passform, ideal f\u00fcr empfindliche oder geschwollene F\u00fc\u00dfe. Egal, ob Sie unterwegs sind oder zu Hause entspannen, diese Extraweiten Kn\u00f6chelsocken bieten Unterst\u00fctzung und Bewegungsfreiheit den ganzen Tag.<\/p>\n","protected":false},"excerpt":{"rendered":"<p>Entdecken Sie Komfort und Vielseitigkeit mit unserem Go Wide Lite Extraweite Kn\u00f6chelsocken 12er-Pack. Hergestellt aus hochwertiger Merinowolle bieten diese Socken unvergleichliche Weichheit und Feuchtigkeitsregulierung. Mit einem extra breiten Design und ohne elastische B\u00e4nder bieten sie eine sanfte, aber sichere Passform, ideal f\u00fcr empfindliche oder geschwollene F\u00fc\u00dfe. Egal, ob Sie unterwegs sind oder zu Hause entspannen, [&hellip;]<\/p>\n","protected":false},"featured_media":109137,"template":"","meta":{"_acf_changed":false},"product_brand":[2210],"product_cat":[302,1071,1062,999,432,706,2174,1055,1056,1066,1072,1075,1064,421,36],"product_tag":[1885,1606,1607,1584],"class_list":{"0":"post-111639","1":"product","2":"type-product","3":"status-publish","4":"has-post-thumbnail","6":"product_brand-wundersocks","7":"product_cat-damen","8":"product_cat-damen-diabetikersocken","9":"product_cat-herren-diabetikersocken","10":"product_cat-herren","11":"product_cat-damen-knoechelsocken","12":"product_cat-herren-knoechelsocken","13":"product_cat-damen-sommer-essentials","14":"product_cat-herren-rehabilitation-und-gesundheit","15":"product_cat-damen-rehabilitation-und-gesundheit","16":"product_cat-damen-socken-fuer-breite-fuesse-und-waden","17":"product_cat-herren-socken-fuer-breite-fuesse-und-waden","18":"product_cat-herren-socken-fuer-geschwollenen-fuesse","19":"product_cat-damen-socken-fuer-geschwollenen-fuesse","20":"product_cat-damen-socken-nach-laenge","21":"product_cat-herren-socken-nach-laenge","22":"product_tag-diabetiker-socken","23":"product_tag-extra-thin-de","24":"product_tag-extra-weit-de","25":"product_tag-knoechelsocken","27":"first","28":"outofstock","29":"sale","30":"shipping-taxable","31":"purchasable","32":"product-type-variable","33":"has-default-attributes","34":"wvs-archive-product-wrapper"},"acf":[],"_links":{"self":[{"href":"https:\/\/www.wundersocks.com\/de\/wp-json\/wp\/v2\/product\/111639","targetHints":{"allow":["GET"]}}],"collection":[{"href":"https:\/\/www.wundersocks.com\/de\/wp-json\/wp\/v2\/product"}],"about":[{"href":"https:\/\/www.wundersocks.com\/de\/wp-json\/wp\/v2\/types\/product"}],"wp:featuredmedia":[{"embeddable":true,"href":"https:\/\/www.wundersocks.com\/de\/wp-json\/wp\/v2\/media\/109137"}],"wp:attachment":[{"href":"https:\/\/www.wundersocks.com\/de\/wp-json\/wp\/v2\/media?parent=111639"}],"wp:term":[{"taxonomy":"product_brand","embeddable":true,"href":"https:\/\/www.wundersocks.com\/de\/wp-json\/wp\/v2\/product_brand?post=111639"},{"taxonomy":"product_cat","embeddable":true,"href":"https:\/\/www.wundersocks.com\/de\/wp-json\/wp\/v2\/product_cat?post=111639"},{"taxonomy":"product_tag","embeddable":true,"href":"https:\/\/www.wundersocks.com\/de\/wp-json\/wp\/v2\/product_tag?post=111639"}],"curies":[{"name":"wp","href":"https:\/\/api.w.org\/{rel}","templated":true}]}}