{"id":110895,"date":"2026-04-02T15:06:59","date_gmt":"2026-04-02T13:07:46","guid":{"rendered":"https:\/\/www.wundersocks.com\/?post_type=product&#038;p=110895"},"modified":"2026-04-02T15:07:47","modified_gmt":"2026-04-02T13:07:47","slug":"gepolsterte-lifestyle-merinowolle-freizeitsocken-2-pack","status":"publish","type":"product","link":"https:\/\/www.wundersocks.com\/de\/produkt\/gepolsterte-lifestyle-merinowolle-freizeitsocken-2-pack\/","title":{"rendered":"Gepolsterte Lifestyle Merinowolle Freizeitsocken 2-Pack"},"content":{"rendered":"<p>Steigern Sie Ihren allt\u00e4glichen Komfort und Stil mit unserem 2er-Pack Merino Lifestyle Socken. Hergestellt aus feinster Merinowolle, wurden diese Socken entwickelt, um die au\u00dfergew\u00f6hnlichen Vorteile der Hochleistungsfaser der Natur in Ihr t\u00e4gliches Leben zu bringen.<\/p>\n","protected":false},"excerpt":{"rendered":"<p>Steigern Sie Ihren allt\u00e4glichen Komfort und Stil mit unserem 2er-Pack Merino Lifestyle Socken. Hergestellt aus feinster Merinowolle, wurden diese Socken entwickelt, um die au\u00dfergew\u00f6hnlichen Vorteile der Hochleistungsfaser der Natur in Ihr t\u00e4gliches Leben zu bringen.<\/p>\n","protected":false},"featured_media":110018,"template":"","meta":{"_acf_changed":false},"product_brand":[2210],"product_cat":[61,422,302,999,1964,35,420,36,421,71,435],"product_tag":[1579,1622,1086,1576],"class_list":{"0":"post-110895","1":"product","2":"type-product","3":"status-publish","4":"has-post-thumbnail","6":"product_brand-wundersocks","7":"product_cat-herren-alltagssocken","8":"product_cat-damen-alltagssocken","9":"product_cat-damen","10":"product_cat-herren","11":"product_cat-muttertagsgeschenke","12":"product_cat-herren-socken-nach-aktivitaet","13":"product_cat-damen-socken-nach-aktivitaet","14":"product_cat-herren-socken-nach-laenge","15":"product_cat-damen-socken-nach-laenge","16":"product_cat-herren-wadensocken","17":"product_cat-damen-wadensocken","18":"product_tag-alltag-de","19":"product_tag-freizeit-de","20":"product_tag-lifestyle","21":"product_tag-ciclismo","23":"first","24":"instock","25":"shipping-taxable","26":"purchasable","27":"product-type-variable","28":"has-default-attributes","29":"wvs-archive-product-wrapper"},"acf":[],"_links":{"self":[{"href":"https:\/\/www.wundersocks.com\/de\/wp-json\/wp\/v2\/product\/110895","targetHints":{"allow":["GET"]}}],"collection":[{"href":"https:\/\/www.wundersocks.com\/de\/wp-json\/wp\/v2\/product"}],"about":[{"href":"https:\/\/www.wundersocks.com\/de\/wp-json\/wp\/v2\/types\/product"}],"wp:featuredmedia":[{"embeddable":true,"href":"https:\/\/www.wundersocks.com\/de\/wp-json\/wp\/v2\/media\/110018"}],"wp:attachment":[{"href":"https:\/\/www.wundersocks.com\/de\/wp-json\/wp\/v2\/media?parent=110895"}],"wp:term":[{"taxonomy":"product_brand","embeddable":true,"href":"https:\/\/www.wundersocks.com\/de\/wp-json\/wp\/v2\/product_brand?post=110895"},{"taxonomy":"product_cat","embeddable":true,"href":"https:\/\/www.wundersocks.com\/de\/wp-json\/wp\/v2\/product_cat?post=110895"},{"taxonomy":"product_tag","embeddable":true,"href":"https:\/\/www.wundersocks.com\/de\/wp-json\/wp\/v2\/product_tag?post=110895"}],"curies":[{"name":"wp","href":"https:\/\/api.w.org\/{rel}","templated":true}]}}