{"id":11089,"date":"2023-09-28T11:23:53","date_gmt":"2023-09-28T09:23:53","guid":{"rendered":"https:\/\/www.wundersocks.com\/product\/sportlich-elegantes-merino-poloshirt-herren-mit-brusttasche-eliot-kapsa-2\/"},"modified":"2026-02-19T13:03:02","modified_gmt":"2026-02-19T12:03:02","slug":"sportlich-elegantes-merino-poloshirt-herren-mit-brusttasche-eliot-kapsa-3-pack","status":"publish","type":"product","link":"https:\/\/www.wundersocks.com\/de\/produkt\/sportlich-elegantes-merino-poloshirt-herren-mit-brusttasche-eliot-kapsa-3-pack\/","title":{"rendered":"Sportlich Elegantes Merino Poloshirt Herren mit Brusttasche Eliot Kapsa 3 Pack"},"content":{"rendered":"<p>Entdecken Sie unser Merino Poloshirt Multipack, die perfekte Mischung aus Eleganz, Komfort und Funktionalit\u00e4t. Erleben Sie die perfekte Kombination aus Eleganz, Komfort und Haltbarkeit, die nur hochwertige Merinowolle bieten kann.<\/p>\n<p>Das klassische Polo-Design macht diese Shirts vielseitig genug f\u00fcr sowohl legere als auch halbformelle Anl\u00e4sse und l\u00e4sst sich leicht mit Jeans, Chinos oder Anzughosen kombinieren. Genie\u00dfen Sie die Bequemlichkeit und den Wert von drei hochwertigen Shirts, die sicherstellen, dass Sie immer eine stilvolle Option zur Hand haben. Merinowolle ist von Natur aus weich und glatt auf der Haut und bietet den ganzen Tag \u00fcber unvergleichlichen Komfort. Ihre temperaturregulierenden Eigenschaften halten Sie im Sommer k\u00fchl und im Winter warm.<\/p>\n","protected":false},"excerpt":{"rendered":"<p>Entdecken Sie unser Merino Poloshirt Multipack, die perfekte Mischung aus Eleganz, Komfort und Funktionalit\u00e4t. Erleben Sie die perfekte Kombination aus Eleganz, Komfort und Haltbarkeit, die nur hochwertige Merinowolle bieten kann. Das klassische Polo-Design macht diese Shirts vielseitig genug f\u00fcr sowohl legere als auch halbformelle Anl\u00e4sse und l\u00e4sst sich leicht mit Jeans, Chinos oder Anzughosen kombinieren. [&hellip;]<\/p>\n","protected":false},"featured_media":8526,"template":"","meta":{"_acf_changed":false},"product_brand":[],"product_cat":[999,41,66],"product_tag":[1127,1213,1597,1633],"class_list":{"0":"post-11089","1":"product","2":"type-product","3":"status-publish","4":"has-post-thumbnail","6":"product_cat-herren","7":"product_cat-herren-merino-bekleidung","8":"product_cat-herren-kurzarmshirts","9":"product_tag-business","10":"product_tag-herren","11":"product_tag-laessig","12":"product_tag-merinowolle-shirt","14":"first","15":"instock","16":"sale","17":"shipping-taxable","18":"purchasable","19":"product-type-variable","20":"has-default-attributes","21":"wvs-archive-product-wrapper"},"acf":[],"_links":{"self":[{"href":"https:\/\/www.wundersocks.com\/de\/wp-json\/wp\/v2\/product\/11089","targetHints":{"allow":["GET"]}}],"collection":[{"href":"https:\/\/www.wundersocks.com\/de\/wp-json\/wp\/v2\/product"}],"about":[{"href":"https:\/\/www.wundersocks.com\/de\/wp-json\/wp\/v2\/types\/product"}],"wp:featuredmedia":[{"embeddable":true,"href":"https:\/\/www.wundersocks.com\/de\/wp-json\/wp\/v2\/media\/8526"}],"wp:attachment":[{"href":"https:\/\/www.wundersocks.com\/de\/wp-json\/wp\/v2\/media?parent=11089"}],"wp:term":[{"taxonomy":"product_brand","embeddable":true,"href":"https:\/\/www.wundersocks.com\/de\/wp-json\/wp\/v2\/product_brand?post=11089"},{"taxonomy":"product_cat","embeddable":true,"href":"https:\/\/www.wundersocks.com\/de\/wp-json\/wp\/v2\/product_cat?post=11089"},{"taxonomy":"product_tag","embeddable":true,"href":"https:\/\/www.wundersocks.com\/de\/wp-json\/wp\/v2\/product_tag?post=11089"}],"curies":[{"name":"wp","href":"https:\/\/api.w.org\/{rel}","templated":true}]}}