{"id":110553,"date":"2026-03-24T12:37:17","date_gmt":"2026-03-24T11:37:20","guid":{"rendered":"https:\/\/www.wundersocks.com\/?post_type=product&#038;p=110553"},"modified":"2026-03-24T13:06:38","modified_gmt":"2026-03-24T12:06:38","slug":"pilates-antirutsch-socken-aus-merinowolle-12-pack","status":"publish","type":"product","link":"https:\/\/www.wundersocks.com\/de\/produkt\/pilates-antirutsch-socken-aus-merinowolle-12-pack\/","title":{"rendered":"Pilates \u2014 Antirutsch-Socken aus Merinowolle &#8211; 12 Pack"},"content":{"rendered":"<p><strong>Decke dich ein und halte deine Praxis konsistent mit dem GO Pilates Socken 12er-Pack.<\/strong><\/p>\n<p>Dein Reformer verdient Besseres als eine Synthetik-Socke, und dieser Pack stellt sicher, dass du immer ein frisches Paar der speziellen Pilates-Grip-Socken von Wundersocks bereit hast. Jedes Paar wird aus 80 % mulesingfreier Merinowolle gefertigt und von einem Familienbetrieb in Italien hergestellt. Mit Polsterung unter dem Fu\u00df, Grip wo er z\u00e4hlt, und einem nicht einschneidenden Abschluss am Kn\u00f6chel, wird dich nichts von deiner Praxis ablenken.<\/p>\n","protected":false},"excerpt":{"rendered":"<p>Decke dich ein und halte deine Praxis konsistent mit dem GO Pilates Socken 12er-Pack. Dein Reformer verdient Besseres als eine Synthetik-Socke, und dieser Pack stellt sicher, dass du immer ein frisches Paar der speziellen Pilates-Grip-Socken von Wundersocks bereit hast. Jedes Paar wird aus 80 % mulesingfreier Merinowolle gefertigt und von einem Familienbetrieb in Italien hergestellt. [&hellip;]<\/p>\n","protected":false},"featured_media":109134,"template":"","meta":{"_acf_changed":false},"product_brand":[2210],"product_cat":[422,61,889,893,302,999,432,706,2286,2288,420,35,421,36],"product_tag":[1579,1588,1586,1622,1584],"class_list":{"0":"post-110553","1":"product","2":"type-product","3":"status-publish","4":"has-post-thumbnail","6":"product_brand-wundersocks","7":"product_cat-damen-alltagssocken","8":"product_cat-herren-alltagssocken","9":"product_cat-herren-antirutsch-socken","10":"product_cat-damen-antirutsch-socken","11":"product_cat-damen","12":"product_cat-herren","13":"product_cat-damen-knoechelsocken","14":"product_cat-herren-knoechelsocken","15":"product_cat-herren-pilates-socken","16":"product_cat-damen-pilates-socken","17":"product_cat-damen-socken-nach-aktivitaet","18":"product_cat-herren-socken-nach-aktivitaet","19":"product_cat-damen-socken-nach-laenge","20":"product_cat-herren-socken-nach-laenge","21":"product_tag-alltag-de","22":"product_tag-anti-rutsch","23":"product_tag-antirutsch-socken","24":"product_tag-freizeit-de","25":"product_tag-knoechelsocken","27":"first","28":"instock","29":"sale","30":"shipping-taxable","31":"purchasable","32":"product-type-variable","33":"has-default-attributes","34":"wvs-archive-product-wrapper"},"acf":[],"_links":{"self":[{"href":"https:\/\/www.wundersocks.com\/de\/wp-json\/wp\/v2\/product\/110553","targetHints":{"allow":["GET"]}}],"collection":[{"href":"https:\/\/www.wundersocks.com\/de\/wp-json\/wp\/v2\/product"}],"about":[{"href":"https:\/\/www.wundersocks.com\/de\/wp-json\/wp\/v2\/types\/product"}],"wp:featuredmedia":[{"embeddable":true,"href":"https:\/\/www.wundersocks.com\/de\/wp-json\/wp\/v2\/media\/109134"}],"wp:attachment":[{"href":"https:\/\/www.wundersocks.com\/de\/wp-json\/wp\/v2\/media?parent=110553"}],"wp:term":[{"taxonomy":"product_brand","embeddable":true,"href":"https:\/\/www.wundersocks.com\/de\/wp-json\/wp\/v2\/product_brand?post=110553"},{"taxonomy":"product_cat","embeddable":true,"href":"https:\/\/www.wundersocks.com\/de\/wp-json\/wp\/v2\/product_cat?post=110553"},{"taxonomy":"product_tag","embeddable":true,"href":"https:\/\/www.wundersocks.com\/de\/wp-json\/wp\/v2\/product_tag?post=110553"}],"curies":[{"name":"wp","href":"https:\/\/api.w.org\/{rel}","templated":true}]}}