{"id":110443,"date":"2026-03-24T10:05:40","date_gmt":"2026-03-24T09:06:26","guid":{"rendered":"https:\/\/www.wundersocks.com\/?post_type=product&#038;p=110443"},"modified":"2026-03-24T10:06:27","modified_gmt":"2026-03-24T09:06:27","slug":"go-abs-socken-fuer-damen-und-herren-anti-rutsch-socken-8-pack","status":"publish","type":"product","link":"https:\/\/www.wundersocks.com\/de\/produkt\/go-abs-socken-fuer-damen-und-herren-anti-rutsch-socken-8-pack\/","title":{"rendered":"Go ABS Socken f\u00fcr Damen und Herren &#8211; Anti Rutsch Socken &#8211; 8 Pack"},"content":{"rendered":"<p><strong>8er-Pack Comfort Merino Socken<\/strong><\/p>\n<p>Unsere spezielle Merinowollmischung ist darauf ausgelegt, maximalen Komfort bei Bewegung zu bieten. Dieser praktische 8er-Pack ist die perfekte L\u00f6sung f\u00fcr Sportler, Yogis und alle, die lang anhaltende D\u00e4mpfung und Anti-Rutsch-Schutz beim Training suchen. Jedes Paar Socken in diesem Pack ist so konzipiert, dass es Reibung, Blasenbildung und Schwitzen reduziert, ohne dass einengende Gummib\u00e4nder n\u00f6tig sind, und verf\u00fcgt \u00fcber eine einzigartige Mischung aus 80 % Merinowolle f\u00fcr Atmungsaktivit\u00e4t, Haltbarkeit, Geruchsresistenz und Weichheit. Hergestellt in Italien, ist dieser 8er-Pack die ideale Wahl f\u00fcr Zuhause, Studio und Yoga.<\/p>\n","protected":false},"excerpt":{"rendered":"<p>8er-Pack Comfort Merino Socken Unsere spezielle Merinowollmischung ist darauf ausgelegt, maximalen Komfort bei Bewegung zu bieten. Dieser praktische 8er-Pack ist die perfekte L\u00f6sung f\u00fcr Sportler, Yogis und alle, die lang anhaltende D\u00e4mpfung und Anti-Rutsch-Schutz beim Training suchen. Jedes Paar Socken in diesem Pack ist so konzipiert, dass es Reibung, Blasenbildung und Schwitzen reduziert, ohne dass [&hellip;]<\/p>\n","protected":false},"featured_media":109131,"template":"","meta":{"_acf_changed":false},"product_brand":[2210],"product_cat":[422,61,893,889,302,999,432,706,2288,2286,420,35,421,36],"product_tag":[1133,1579,1588,1586,1622,1584],"class_list":{"0":"post-110443","1":"product","2":"type-product","3":"status-publish","4":"has-post-thumbnail","6":"product_brand-wundersocks","7":"product_cat-damen-alltagssocken","8":"product_cat-herren-alltagssocken","9":"product_cat-damen-antirutsch-socken","10":"product_cat-herren-antirutsch-socken","11":"product_cat-damen","12":"product_cat-herren","13":"product_cat-damen-knoechelsocken","14":"product_cat-herren-knoechelsocken","15":"product_cat-damen-pilates-socken","16":"product_cat-herren-pilates-socken","17":"product_cat-damen-socken-nach-aktivitaet","18":"product_cat-herren-socken-nach-aktivitaet","19":"product_cat-damen-socken-nach-laenge","20":"product_cat-herren-socken-nach-laenge","21":"product_tag-abs","22":"product_tag-alltag-de","23":"product_tag-anti-rutsch","24":"product_tag-antirutsch-socken","25":"product_tag-freizeit-de","26":"product_tag-knoechelsocken","28":"first","29":"instock","30":"sale","31":"shipping-taxable","32":"purchasable","33":"product-type-variable","34":"has-default-attributes","35":"wvs-archive-product-wrapper"},"acf":[],"_links":{"self":[{"href":"https:\/\/www.wundersocks.com\/de\/wp-json\/wp\/v2\/product\/110443","targetHints":{"allow":["GET"]}}],"collection":[{"href":"https:\/\/www.wundersocks.com\/de\/wp-json\/wp\/v2\/product"}],"about":[{"href":"https:\/\/www.wundersocks.com\/de\/wp-json\/wp\/v2\/types\/product"}],"wp:featuredmedia":[{"embeddable":true,"href":"https:\/\/www.wundersocks.com\/de\/wp-json\/wp\/v2\/media\/109131"}],"wp:attachment":[{"href":"https:\/\/www.wundersocks.com\/de\/wp-json\/wp\/v2\/media?parent=110443"}],"wp:term":[{"taxonomy":"product_brand","embeddable":true,"href":"https:\/\/www.wundersocks.com\/de\/wp-json\/wp\/v2\/product_brand?post=110443"},{"taxonomy":"product_cat","embeddable":true,"href":"https:\/\/www.wundersocks.com\/de\/wp-json\/wp\/v2\/product_cat?post=110443"},{"taxonomy":"product_tag","embeddable":true,"href":"https:\/\/www.wundersocks.com\/de\/wp-json\/wp\/v2\/product_tag?post=110443"}],"curies":[{"name":"wp","href":"https:\/\/api.w.org\/{rel}","templated":true}]}}